{"id":1204,"date":"2018-11-25T17:06:17","date_gmt":"2018-11-25T22:06:17","guid":{"rendered":"https:\/\/espacerm.com\/webgen\/?page_id=1204"},"modified":"2024-12-08T12:53:25","modified_gmt":"2024-12-08T17:53:25","slug":"attention-aux-piles-lipo","status":"publish","type":"page","link":"https:\/\/espacerm.com\/webgen\/attention-aux-piles-lipo\/","title":{"rendered":"Attention aux piles LIPO"},"content":{"rendered":"\n<p>Les piles LIPO sont tr\u00e8s efficaces, mais elles sont dangereuses. Il y a plusieurs pr\u00e9cautions \u00e0 prendre pour \u00e9viter les incendies ou les explosions. De plus, elles ont un voltage d&rsquo;entreposage sp\u00e9cial pour assurer sa long\u00e9vit\u00e9. Ici, entreposage, veut dire : si vous ne pr\u00e9voyez pas l&rsquo;utiliser dans la semaine qui suit.<\/p>\n\n\n\n<p>La recharge de pile LIPO demande imp\u00e9rativement l&#8217;emploi d&rsquo;un chargeur adapt\u00e9 \u00e0 ce type de piles.<\/p>\n\n\n\n<p>Les piles Lipo devraient \u00eatre plac\u00e9es dans un contenant sp\u00e9cial contre le feu quand elles ne sont pas utilis\u00e9es. Il a \u00e9t\u00e9 d\u00e9j\u00e0 vu qu&rsquo;une pile ayant sub\u00eet un \u00abcrash\u00bb prennent en feu une semaine plus tard.<\/p>\n\n\n\n<p>Bien suivre les instructions du manufacturier de la batterie et du chargeur.<\/p>\n\n\n\n<h4 class=\"wp-block-heading\"><a aria-label=\"Le Guide Ultime de la Batterie Lipo (ouverture dans un nouvel onglet)\" href=\"http:\/\/www.majordome-video.com\/guides\/le-guide-ultime-de-la-batterie-lipo\/\" target=\"_blank\" rel=\"noreferrer noopener\">Le Guide Ultime de la Batterie Lipo<\/a><\/h4>\n\n\n\n<p><a href=\"https:\/\/www.mrcmodelisme.com\/avertissements-sur-les-batteries-li-po-80203\/\" target=\"_blank\" rel=\"noreferrer noopener\"><strong>Avertissements<\/strong><\/a><\/p>\n\n\n\n<p><\/p>\n","protected":false},"excerpt":{"rendered":"<p>Les piles LIPO sont tr\u00e8s efficaces, mais elles sont dangereuses. Il y a plusieurs pr\u00e9cautions \u00e0 prendre pour \u00e9viter les incendies ou les explosions. De plus, elles ont un voltage d&rsquo;entreposage sp\u00e9cial pour assurer sa long\u00e9vit\u00e9. Ici, entreposage, veut dire : si vous ne pr\u00e9voyez pas l&rsquo;utiliser dans la semaine qui suit. La recharge de [&hellip;]<\/p>\n","protected":false},"author":2,"featured_media":0,"parent":0,"menu_order":0,"comment_status":"closed","ping_status":"closed","template":"","meta":{"footnotes":""},"_links":{"self":[{"href":"https:\/\/espacerm.com\/webgen\/wp-json\/wp\/v2\/pages\/1204"}],"collection":[{"href":"https:\/\/espacerm.com\/webgen\/wp-json\/wp\/v2\/pages"}],"about":[{"href":"https:\/\/espacerm.com\/webgen\/wp-json\/wp\/v2\/types\/page"}],"author":[{"embeddable":true,"href":"https:\/\/espacerm.com\/webgen\/wp-json\/wp\/v2\/users\/2"}],"replies":[{"embeddable":true,"href":"https:\/\/espacerm.com\/webgen\/wp-json\/wp\/v2\/comments?post=1204"}],"version-history":[{"count":10,"href":"https:\/\/espacerm.com\/webgen\/wp-json\/wp\/v2\/pages\/1204\/revisions"}],"predecessor-version":[{"id":5143,"href":"https:\/\/espacerm.com\/webgen\/wp-json\/wp\/v2\/pages\/1204\/revisions\/5143"}],"wp:attachment":[{"href":"https:\/\/espacerm.com\/webgen\/wp-json\/wp\/v2\/media?parent=1204"}],"curies":[{"name":"wp","href":"https:\/\/api.w.org\/{rel}","templated":true}]}}