{"id":1357,"date":"2018-11-30T05:44:45","date_gmt":"2018-11-30T10:44:45","guid":{"rendered":"https:\/\/espacerm.com\/webgen\/?page_id=1357"},"modified":"2019-03-15T21:56:47","modified_gmt":"2019-03-16T02:56:47","slug":"controleur-multifonctionnel-elabore-autour-du-esp32-devkit-v1-doit-3","status":"publish","type":"page","link":"https:\/\/espacerm.com\/webgen\/controleur-multifonctionnel-elabore-autour-du-esp32-devkit-v1-doit-3\/","title":{"rendered":"Contr\u00f4leur multifonctionnel \u00e9labor\u00e9 autour du ESP32 DEVKIT V1 DOIT (3 de 4)"},"content":{"rendered":"\n<figure class=\"wp-block-image\"><a href=\"https:\/\/espacerm.com\/webgen\/wp-content\/uploads\/2018\/11\/DSC_2836-ctrl_V8_1_relais-1024x684.jpg\" target=\"_blank\" rel=\"noreferrer noopener\"><img loading=\"lazy\" decoding=\"async\" width=\"1024\" height=\"684\" src=\"https:\/\/espacerm.com\/webgen\/wp-content\/uploads\/2018\/11\/DSC_2836-ctrl_V8_1_relais-1024x684.jpg\" alt=\"\" class=\"wp-image-1359\" srcset=\"https:\/\/espacerm.com\/webgen\/wp-content\/uploads\/2018\/11\/DSC_2836-ctrl_V8_1_relais-1024x684.jpg 1024w, https:\/\/espacerm.com\/webgen\/wp-content\/uploads\/2018\/11\/DSC_2836-ctrl_V8_1_relais-300x200.jpg 300w, https:\/\/espacerm.com\/webgen\/wp-content\/uploads\/2018\/11\/DSC_2836-ctrl_V8_1_relais-768x513.jpg 768w, https:\/\/espacerm.com\/webgen\/wp-content\/uploads\/2018\/11\/DSC_2836-ctrl_V8_1_relais.jpg 1618w\" sizes=\"(max-width: 1024px) 100vw, 1024px\" \/><\/a><\/figure>\n\n\n\n<p>Pour d\u00e9clencher l&rsquo;appareil photo, j&rsquo;ai opt\u00e9 pour un <a href=\"http:\/\/www.sonelec-musique.com\/electronique_theorie_relais.html\" target=\"_blank\" rel=\"noreferrer noopener\" aria-label=\"Pour d\u00e9clencher l'appareil photo, j'ai opt\u00e9 pour un relais. Les contacts du relais, qui agissent comme un interrupteur, isolent \u00e9lectriquement l'appareil photo et le circuit \u00e9lectronique. Il suffit de fermer le contact du relais pour d\u00e9clencher l'appareil photo, il n'y a pas de question \u00e0 se poser sur la polarit\u00e9, le sens de connexion. (ouverture dans un nouvel onglet)\">relais<\/a>. Les contacts du relais, qui agissent comme un interrupteur, isolent \u00e9lectriquement l&rsquo;appareil photo et le circuit \u00e9lectronique. Il suffit de fermer le contact du relais pour d\u00e9clencher l&rsquo;appareil photo, il n&rsquo;y a pas de question \u00e0 se poser sur la polarit\u00e9, le sens de connexion.<\/p>\n\n\n\n<p>Le relais est le rectangle bleu. Le mod\u00e8le est TQ2-3V. La ligne blanche sur le relais indique la position de la bobine, donc le sens d&rsquo;installation.<\/p>\n\n\n\n<p><strong>Fonctionnement du circuit relais<\/strong><\/p>\n\n\n\n<figure class=\"wp-block-image is-resized\"><a href=\"https:\/\/espacerm.com\/webgen\/wp-content\/uploads\/2018\/11\/Circuit-relais-d\u00e9clencheur_00.jpg\" target=\"_blank\" rel=\"noreferrer noopener\"><img loading=\"lazy\" decoding=\"async\" src=\"https:\/\/espacerm.com\/webgen\/wp-content\/uploads\/2018\/11\/Circuit-relais-d\u00e9clencheur_00.jpg\" alt=\"\" class=\"wp-image-1360\" width=\"429\" height=\"506\" srcset=\"https:\/\/espacerm.com\/webgen\/wp-content\/uploads\/2018\/11\/Circuit-relais-d\u00e9clencheur_00.jpg 484w, https:\/\/espacerm.com\/webgen\/wp-content\/uploads\/2018\/11\/Circuit-relais-d\u00e9clencheur_00-254x300.jpg 254w\" sizes=\"(max-width: 429px) 100vw, 429px\" \/><\/a><\/figure>\n\n\n\n<p>Quand la sortie <strong>D32<\/strong> du ESP32 DEVKIT passe \u00e0 l&rsquo;\u00e9tat <strong>HAUT<\/strong>, le transistor (2N222A) (U1 sur le circuit) se met \u00e0 conduire. Un courant circule alors dans la bobine du relais, ce qui fait fermer le circuit du d\u00e9clencheur (les bornes 7 et 8). Le contact entre 3 et 4 ferme aussi. Les contacts 3-2 et 8-9 ouvrent. Quand la sortie D32 passe \u00e0 l&rsquo;\u00e9tat BAS le courant s&rsquo;arr\u00eate, les contacts reviennent \u00e0 leurs positions de d\u00e9part.<\/p>\n\n\n\n<figure class=\"wp-block-image\"><a href=\"https:\/\/espacerm.com\/webgen\/wp-content\/uploads\/2018\/11\/specification-relais-TQ2-3V-TQ2-5V.jpg\" target=\"_blank\" rel=\"noreferrer noopener\"><img loading=\"lazy\" decoding=\"async\" width=\"1024\" height=\"143\" src=\"https:\/\/espacerm.com\/webgen\/wp-content\/uploads\/2018\/11\/specification-relais-TQ2-3V-TQ2-5V-1024x143.jpg\" alt=\"\" class=\"wp-image-1361\" srcset=\"https:\/\/espacerm.com\/webgen\/wp-content\/uploads\/2018\/11\/specification-relais-TQ2-3V-TQ2-5V-1024x143.jpg 1024w, https:\/\/espacerm.com\/webgen\/wp-content\/uploads\/2018\/11\/specification-relais-TQ2-3V-TQ2-5V-300x42.jpg 300w, https:\/\/espacerm.com\/webgen\/wp-content\/uploads\/2018\/11\/specification-relais-TQ2-3V-TQ2-5V-768x108.jpg 768w, https:\/\/espacerm.com\/webgen\/wp-content\/uploads\/2018\/11\/specification-relais-TQ2-3V-TQ2-5V.jpg 1399w\" sizes=\"(max-width: 1024px) 100vw, 1024px\" \/><\/a><\/figure>\n\n\n\n<p>Le relais TQ2-3V op\u00e8re avec un courant de 46,7 ma. La valeur de r\u00e9sistance de sa bobine est 64,3 ohms. Il y a alors une chute de voltage de 3 volts aux bornes de la bobine (E=R * I =&gt; 64,3*46,7E-3 = 3). Si la source d&rsquo;alimentation est de 5 volts, comme dans le montage propos\u00e9, il faut mettre une r\u00e9sistance en s\u00e9rie pour faire chuter le voltage de 2 volts. La valeur de la r\u00e9sistance sera de 42,82 ohms (R=E\/I =&gt; 2\/46,7E-3 = 42,82 ohms). La valeur courante commerciale qui s&rsquo;y rapproche le plus est 39 ohms (orange-blanc-noir).&nbsp;<\/p>\n\n\n\n<p>Avec la r\u00e9sistance de 39 ohms, le courant sera de 48,4 ma&nbsp; ( 5\/(39+64,3) = 0,0484 ). La tension aux bornes de la bobine sera de 3,11 volts (64,3 * 48,4E-3). Ce qui est inf\u00e9rieur au maximum tol\u00e9r\u00e9 par la bobine du relais qui est de 4,5 volts.&nbsp;<\/p>\n\n\n\n<p>La puissance \u00e0 dissiper par la r\u00e9sistance de 39 ohms est 0.09 watt&nbsp; (P=R*I*I =&gt; 39*48,4E-3*48,4E-3).<\/p>\n\n\n\n<p>J&rsquo;ai le choix aussi de placer un relais TQ2-5V plut\u00f4t que TQ2-3V. Alors on remplace la r\u00e9sistance 39 ohms par un cavalier (un fil conducteur).<\/p>\n\n\n\n<p>Une <a href=\"http:\/\/www.sonelec-musique.com\/electronique_theorie_diode.html\" target=\"_blank\" rel=\"noreferrer noopener\" aria-label=\"Une diode (1N4002) est ajout\u00e9e en parall\u00e8le avec la bobine. La diode est la pi\u00e8ce noire avec la ligne grise au-dessus du relais. Cette ligne indique la position de la cathode. (ouverture dans un nouvel onglet)\">diode<\/a> (1N4002) est ajout\u00e9e en parall\u00e8le avec la bobine. La diode est la pi\u00e8ce noire avec la ligne grise au-dessus du relais. Cette ligne indique la position de la cathode.<\/p>\n\n\n\n<ul class=\"wp-block-gallery columns-2 is-cropped wp-block-gallery-1 is-layout-flex wp-block-gallery-is-layout-flex\"><li class=\"blocks-gallery-item\"><figure><img loading=\"lazy\" decoding=\"async\" width=\"337\" height=\"187\" src=\"https:\/\/espacerm.com\/webgen\/wp-content\/uploads\/2018\/11\/diode-1.jpg\" alt=\"\" data-id=\"1377\" data-link=\"https:\/\/espacerm.com\/webgen\/controleur-multifonctionnel-elabore-autour-du-esp32-devkit-v1-doit-3\/diode-2\/\" class=\"wp-image-1377\" srcset=\"https:\/\/espacerm.com\/webgen\/wp-content\/uploads\/2018\/11\/diode-1.jpg 337w, https:\/\/espacerm.com\/webgen\/wp-content\/uploads\/2018\/11\/diode-1-300x166.jpg 300w\" sizes=\"(max-width: 337px) 100vw, 337px\" \/><\/figure><\/li><li class=\"blocks-gallery-item\"><figure><img loading=\"lazy\" decoding=\"async\" width=\"672\" height=\"462\" src=\"https:\/\/espacerm.com\/webgen\/wp-content\/uploads\/2018\/11\/ctrl-MF-R-Morel-V8_1_02.jpg\" alt=\"\" data-id=\"1378\" data-link=\"https:\/\/espacerm.com\/webgen\/controleur-multifonctionnel-elabore-autour-du-esp32-devkit-v1-doit-3\/ctrl-mf-r-morel-v8_1_02\/\" class=\"wp-image-1378\" srcset=\"https:\/\/espacerm.com\/webgen\/wp-content\/uploads\/2018\/11\/ctrl-MF-R-Morel-V8_1_02.jpg 672w, https:\/\/espacerm.com\/webgen\/wp-content\/uploads\/2018\/11\/ctrl-MF-R-Morel-V8_1_02-300x206.jpg 300w\" sizes=\"(max-width: 672px) 100vw, 672px\" \/><\/figure><\/li><\/ul>\n\n\n\n<p>&nbsp;Le r\u00f4le de la diode est de prot\u00e9ger les composants \u00e9lectroniques lorsque la bobine du relais est d\u00e9s-aliment\u00e9e.&nbsp;La bobine peut g\u00e9n\u00e9rer de fortes surtensions au moment o\u00f9 le courant cesse de la traverser.&nbsp;Cette diode doit \u00eatre c\u00e2bl\u00e9e en inverse, c&rsquo;est \u00e0 dire cathode vers le p\u00f4le le plus positif de l&rsquo;alimentation (si vous la branchez dans l&rsquo;autre sens, elle grillera instantan\u00e9ment d\u00e8s la premi\u00e8re activation).<\/p>\n\n\n\n<p><br><\/p>\n\n\n\n<ul class=\"wp-block-gallery columns-1 is-cropped wp-block-gallery-3 is-layout-flex wp-block-gallery-is-layout-flex\"><li class=\"blocks-gallery-item\"><figure><a href=\"https:\/\/espacerm.com\/webgen\/wp-content\/uploads\/2018\/12\/relais_TQ2-3V_b.jpg\"><img loading=\"lazy\" decoding=\"async\" width=\"653\" height=\"654\" src=\"https:\/\/espacerm.com\/webgen\/wp-content\/uploads\/2018\/12\/relais_TQ2-3V_b.jpg\" alt=\"\" data-id=\"1472\" data-link=\"https:\/\/espacerm.com\/webgen\/controleur-multifonctionnel-elabore-autour-du-esp32-devkit-v1-doit-3\/relais_tq2-3v_b\/\" class=\"wp-image-1472\" srcset=\"https:\/\/espacerm.com\/webgen\/wp-content\/uploads\/2018\/12\/relais_TQ2-3V_b.jpg 653w, https:\/\/espacerm.com\/webgen\/wp-content\/uploads\/2018\/12\/relais_TQ2-3V_b-150x150.jpg 150w, https:\/\/espacerm.com\/webgen\/wp-content\/uploads\/2018\/12\/relais_TQ2-3V_b-300x300.jpg 300w\" sizes=\"(max-width: 653px) 100vw, 653px\" \/><\/a><\/figure><\/li><\/ul>\n\n\n\n<p>Un cavalier Jp6 doit \u00eatre ajout\u00e9 \u00e0 J25 pour relier le relais \u00e0 la r\u00e9sistance 39 ohms (R9).<\/p>\n\n\n\n<p><br><\/p>\n\n\n\n<figure class=\"wp-block-image\"><a href=\"https:\/\/espacerm.com\/webgen\/wp-content\/uploads\/2018\/12\/ci_8_1_02-1.jpg\" target=\"_blank\" rel=\"noreferrer noopener\"><img loading=\"lazy\" decoding=\"async\" width=\"689\" height=\"422\" src=\"https:\/\/espacerm.com\/webgen\/wp-content\/uploads\/2018\/12\/ci_8_1_02-1.jpg\" alt=\"\" class=\"wp-image-1475\" srcset=\"https:\/\/espacerm.com\/webgen\/wp-content\/uploads\/2018\/12\/ci_8_1_02-1.jpg 689w, https:\/\/espacerm.com\/webgen\/wp-content\/uploads\/2018\/12\/ci_8_1_02-1-300x184.jpg 300w\" sizes=\"(max-width: 689px) 100vw, 689px\" \/><\/a><\/figure>\n\n\n\n<hr class=\"wp-block-separator\"\/>\n\n\n\n<table class=\"wp-block-table\"><tbody><tr><td><strong><a href=\"https:\/\/espacerm.com\/webgen\/controleur-multifonctionnel-elabore-autour-du-esp32-devkit-v1-doit-suite2\/\">&lt;- Contr\u00f4leur multifonctionnel \u00e9labor\u00e9 autour du ESP32 DEVKIT V1 DOIT (2 de 4)<\/a><\/strong><\/td><td>&nbsp;&nbsp;&nbsp;&nbsp;&nbsp;&nbsp;&nbsp;&nbsp;<\/td><td> <strong><a href=\"https:\/\/espacerm.com\/webgen\/controleur-multifonctionnel-elabore-autour-du-esp32-devkit-v1-doit-3-2\/\">Contr\u00f4leur multifonctionnel \u00e9labor\u00e9 autour du ESP32 DEVKIT V1 DOIT (4 de 4)&nbsp;-&gt;<\/a><\/strong> <\/td><\/tr><\/tbody><\/table>\n","protected":false},"excerpt":{"rendered":"<p>Pour d\u00e9clencher l&rsquo;appareil photo, j&rsquo;ai opt\u00e9 pour un relais. Les contacts du relais, qui agissent comme un interrupteur, isolent \u00e9lectriquement l&rsquo;appareil photo et le circuit \u00e9lectronique. Il suffit de fermer le contact du relais pour d\u00e9clencher l&rsquo;appareil photo, il n&rsquo;y a pas de question \u00e0 se poser sur la polarit\u00e9, le sens de connexion. Le [&hellip;]<\/p>\n","protected":false},"author":2,"featured_media":0,"parent":0,"menu_order":0,"comment_status":"closed","ping_status":"closed","template":"","meta":{"footnotes":""},"_links":{"self":[{"href":"https:\/\/espacerm.com\/webgen\/wp-json\/wp\/v2\/pages\/1357"}],"collection":[{"href":"https:\/\/espacerm.com\/webgen\/wp-json\/wp\/v2\/pages"}],"about":[{"href":"https:\/\/espacerm.com\/webgen\/wp-json\/wp\/v2\/types\/page"}],"author":[{"embeddable":true,"href":"https:\/\/espacerm.com\/webgen\/wp-json\/wp\/v2\/users\/2"}],"replies":[{"embeddable":true,"href":"https:\/\/espacerm.com\/webgen\/wp-json\/wp\/v2\/comments?post=1357"}],"version-history":[{"count":37,"href":"https:\/\/espacerm.com\/webgen\/wp-json\/wp\/v2\/pages\/1357\/revisions"}],"predecessor-version":[{"id":3408,"href":"https:\/\/espacerm.com\/webgen\/wp-json\/wp\/v2\/pages\/1357\/revisions\/3408"}],"wp:attachment":[{"href":"https:\/\/espacerm.com\/webgen\/wp-json\/wp\/v2\/media?parent=1357"}],"curies":[{"name":"wp","href":"https:\/\/api.w.org\/{rel}","templated":true}]}}