{"id":2575,"date":"2018-12-26T12:27:08","date_gmt":"2018-12-26T17:27:08","guid":{"rendered":"https:\/\/espacerm.com\/webgen\/?page_id=2575"},"modified":"2019-03-16T15:46:21","modified_gmt":"2019-03-16T20:46:21","slug":"esp32-devkit-v1-doit-bouclier-dextension-et-declencheur-de-relais","status":"publish","type":"page","link":"https:\/\/espacerm.com\/webgen\/esp32-devkit-v1-doit-bouclier-dextension-et-declencheur-de-relais\/","title":{"rendered":"Menu ESP32 DEVKIT V1 DOIT Bouclier d&rsquo;extension et d\u00e9clencheur de relais"},"content":{"rendered":"\n<p><strong><a href=\"https:\/\/espacerm.com\/webgen\/controleur-multifonctionnel-elabore-autour-du-esp32-devkit-v1-doit\/\">Contr\u00f4leur multifonctionnel \u00e9labor\u00e9 autour du ESP32 DEVKIT V1 DOIT (1 de 4)<\/a><\/strong><\/p>\n\n\n\n<p><strong><a href=\"https:\/\/espacerm.com\/webgen\/controleur-multifonctionnel-elabore-autour-du-esp32-devkit-v1-doit-suite2\/\">Contr\u00f4leur multifonctionnel \u00e9labor\u00e9 autour du ESP32 DEVKIT V1 DOIT (2 de 4)<\/a><\/strong><\/p>\n\n\n\n<p><strong><a href=\"https:\/\/espacerm.com\/webgen\/controleur-multifonctionnel-elabore-autour-du-esp32-devkit-v1-doit-3\/\">Contr\u00f4leur multifonctionnel \u00e9labor\u00e9 autour du ESP32 DEVKIT V1 DOIT (3 de 4)<\/a><\/strong><\/p>\n\n\n\n<p><strong><a href=\"https:\/\/espacerm.com\/webgen\/controleur-multifonctionnel-elabore-autour-du-esp32-devkit-v1-doit-3-2\/\">Contr\u00f4leur multifonctionnel \u00e9labor\u00e9 autour du ESP32 DEVKIT V1 DOIT (4 de 4)<\/a><\/strong><\/p>\n\n\n\n<p><strong><a href=\"https:\/\/espacerm.com\/webgen\/linterface-web\/\">L\u2019interface Web du d\u00e9clencheur de relais<\/a><\/strong><\/p>\n\n\n\n<p><strong><a href=\"https:\/\/espacerm.com\/webgen\/linterface-bluetooth-du-declencheur-de-relais\/\">L\u2019interface BLUETOOTH du d\u00e9clencheur de relais ( 1 de 2 )<\/a><\/strong><\/p>\n\n\n\n<p><strong><a href=\"https:\/\/espacerm.com\/webgen\/linterface-bluetooth-du-declencheur-de-relais-2-de-2\/\">L\u2019interface BLUETOOTH du d\u00e9clencheur de relais ( 2 de 2 )<\/a><\/strong><\/p>\n\n\n\n<h4 class=\"wp-block-heading\"><strong><a href=\"https:\/\/espacerm.com\/webgen\/declencheur-de-relais-interface-web-et-bluetooth-actives-simultanement\/\">D\u00e9clencheur de relais \u2013 Interfaces Web et Bluetooth  actives simultan\u00e9ment<\/a><\/strong><\/h4>\n\n\n\n<p><strong><a href=\"https:\/\/espacerm.com\/webgen\/declechement-dun-appareil-photo\/\">D\u00e9clenchement d\u2019appareil photo et de flashs<\/a><\/strong><\/p>\n\n\n\n<hr class=\"wp-block-separator\"\/>\n\n\n\n<p><a href=\"http:\/\/www.doc-diy.net\/photo\/remote_pinout\/\">Liste des broches de contr\u00f4le \u00e0 distance de diff\u00e9rents appareils photo<\/a><\/p>\n","protected":false},"excerpt":{"rendered":"<p>Contr\u00f4leur multifonctionnel \u00e9labor\u00e9 autour du ESP32 DEVKIT V1 DOIT (1 de 4) Contr\u00f4leur multifonctionnel \u00e9labor\u00e9 autour du ESP32 DEVKIT V1 DOIT (2 de 4) Contr\u00f4leur multifonctionnel \u00e9labor\u00e9 autour du ESP32 DEVKIT V1 DOIT (3 de 4) Contr\u00f4leur multifonctionnel \u00e9labor\u00e9 autour du ESP32 DEVKIT V1 DOIT (4 de 4) L\u2019interface Web du d\u00e9clencheur de relais L\u2019interface [&hellip;]<\/p>\n","protected":false},"author":2,"featured_media":0,"parent":0,"menu_order":0,"comment_status":"closed","ping_status":"closed","template":"","meta":{"footnotes":""},"_links":{"self":[{"href":"https:\/\/espacerm.com\/webgen\/wp-json\/wp\/v2\/pages\/2575"}],"collection":[{"href":"https:\/\/espacerm.com\/webgen\/wp-json\/wp\/v2\/pages"}],"about":[{"href":"https:\/\/espacerm.com\/webgen\/wp-json\/wp\/v2\/types\/page"}],"author":[{"embeddable":true,"href":"https:\/\/espacerm.com\/webgen\/wp-json\/wp\/v2\/users\/2"}],"replies":[{"embeddable":true,"href":"https:\/\/espacerm.com\/webgen\/wp-json\/wp\/v2\/comments?post=2575"}],"version-history":[{"count":12,"href":"https:\/\/espacerm.com\/webgen\/wp-json\/wp\/v2\/pages\/2575\/revisions"}],"predecessor-version":[{"id":3437,"href":"https:\/\/espacerm.com\/webgen\/wp-json\/wp\/v2\/pages\/2575\/revisions\/3437"}],"wp:attachment":[{"href":"https:\/\/espacerm.com\/webgen\/wp-json\/wp\/v2\/media?parent=2575"}],"curies":[{"name":"wp","href":"https:\/\/api.w.org\/{rel}","templated":true}]}}