{"id":2591,"date":"2018-12-26T12:59:03","date_gmt":"2018-12-26T17:59:03","guid":{"rendered":"https:\/\/espacerm.com\/webgen\/?page_id=2591"},"modified":"2025-01-19T00:44:32","modified_gmt":"2025-01-19T05:44:32","slug":"menu-programmation","status":"publish","type":"page","link":"https:\/\/espacerm.com\/webgen\/menu-programmation\/","title":{"rendered":"Menu Programmation"},"content":{"rendered":"\n<p><a href=\"https:\/\/www.tutorialspoint.com\/index.htm\">Tutoriels de TUTORIALSPOINT<\/a><\/p>\n\n\n\n<p><a href=\"https:\/\/espacerm.com\/webgen\/menu-html\/\">HTML<\/a><\/p>\n\n\n\n<p><a href=\"https:\/\/espacerm.com\/webgen\/menu-css\/\">CSS<\/a><\/p>\n\n\n\n<p><a href=\"https:\/\/espacerm.com\/webgen\/python\/\" target=\"_blank\" rel=\"noreferrer noopener\">Python<\/a><\/p>\n\n\n\n<p><a href=\"https:\/\/www.youtube.com\/watch?v=-2NhjhzFQsM&amp;list=WL&amp;index=2\" target=\"_blank\" rel=\"noreferrer noopener\">Tuto PlatFormIO<\/a><\/p>\n\n\n\n<hr class=\"wp-block-separator has-alpha-channel-opacity\"\/>\n\n\n\n<p><a href=\"https:\/\/espacerm.com\/webgen\/ecran-waveshare-esp32-c6-touch-lcd-1-47\/\" target=\"_blank\" rel=\"noreferrer noopener\">\u00c9cran WAVESHARE ESP32-C6 Touch LCD 1.47<\/a><\/p>\n\n\n\n<p><a href=\"http:\/\/espacerm.com\/webgen\/ecran-waveshare-esp32-s3-touch-lcd-4-3\/\" target=\"_blank\" rel=\"noreferrer noopener\">\u00c9cran WAVESHARE ESP32-S3 Touch LCD 4.3<\/a><\/p>\n\n\n\n<p><a href=\"https:\/\/espacerm.com\/webgen\/ecran-ecran-waveshare-esp32-s3-touch-lcd-4-3b\/\" target=\"_blank\" rel=\"noreferrer noopener\">\u00c9cran WAVESHARE ESP32-S3 Touch LCD 4.3B<\/a><\/p>\n\n\n\n<p><a href=\"https:\/\/espacerm.com\/webgen\/ecran-waveshare-esp32-s3-touch-lcd-7\/\" target=\"_blank\" rel=\"noreferrer noopener\">\u00c9cran Waveshare ESP32-S\/ Touch LCD 7<\/a><\/p>\n\n\n\n<hr class=\"wp-block-separator has-alpha-channel-opacity\"\/>\n\n\n\n<p><a href=\"https:\/\/espacerm.com\/webgen\/squareline-studio-et-lecran-waveshare-esp32-s3-touch-lcd-7\/\" target=\"_blank\" rel=\"noreferrer noopener\">SquareLine Studio et l\u2019\u00e9cran WAVESHARE ESP32-S3 Touch LCD 7<\/a><\/p>\n\n\n\n<p><\/p>\n","protected":false},"excerpt":{"rendered":"<p>Tutoriels de TUTORIALSPOINT HTML CSS Python Tuto PlatFormIO \u00c9cran WAVESHARE ESP32-C6 Touch LCD 1.47 \u00c9cran WAVESHARE ESP32-S3 Touch LCD 4.3 \u00c9cran WAVESHARE ESP32-S3 Touch LCD 4.3B \u00c9cran Waveshare ESP32-S\/ Touch LCD 7 SquareLine Studio et l\u2019\u00e9cran WAVESHARE ESP32-S3 Touch LCD 7<\/p>\n","protected":false},"author":2,"featured_media":0,"parent":0,"menu_order":0,"comment_status":"closed","ping_status":"closed","template":"","meta":{"footnotes":""},"_links":{"self":[{"href":"https:\/\/espacerm.com\/webgen\/wp-json\/wp\/v2\/pages\/2591"}],"collection":[{"href":"https:\/\/espacerm.com\/webgen\/wp-json\/wp\/v2\/pages"}],"about":[{"href":"https:\/\/espacerm.com\/webgen\/wp-json\/wp\/v2\/types\/page"}],"author":[{"embeddable":true,"href":"https:\/\/espacerm.com\/webgen\/wp-json\/wp\/v2\/users\/2"}],"replies":[{"embeddable":true,"href":"https:\/\/espacerm.com\/webgen\/wp-json\/wp\/v2\/comments?post=2591"}],"version-history":[{"count":14,"href":"https:\/\/espacerm.com\/webgen\/wp-json\/wp\/v2\/pages\/2591\/revisions"}],"predecessor-version":[{"id":5485,"href":"https:\/\/espacerm.com\/webgen\/wp-json\/wp\/v2\/pages\/2591\/revisions\/5485"}],"wp:attachment":[{"href":"https:\/\/espacerm.com\/webgen\/wp-json\/wp\/v2\/media?parent=2591"}],"curies":[{"name":"wp","href":"https:\/\/api.w.org\/{rel}","templated":true}]}}