{"id":2614,"date":"2019-01-01T22:32:07","date_gmt":"2019-01-02T03:32:07","guid":{"rendered":"https:\/\/espacerm.com\/webgen\/?page_id=2614"},"modified":"2019-01-02T21:48:39","modified_gmt":"2019-01-03T02:48:39","slug":"arduino-kit-de-depart","status":"publish","type":"page","link":"https:\/\/espacerm.com\/webgen\/arduino-kit-de-depart\/","title":{"rendered":"Arduino &#8211; Kit de d\u00e9part et suggestions de modules et de pi\u00e8ces"},"content":{"rendered":"\n<h3 class=\"wp-block-heading\">Smraza<\/h3>\n\n\n\n<p>Je conseille ce kit, car il est tr\u00e8s bien \u00e9quip\u00e9. Il comprend les 3 types de moteurs (pas \u00e0 pas, servo et \u00e0 courant continu), tous les types de capteurs et pi\u00e8ces \u00e9lectroniques les plus courants. Par contre, la documentation est de base, d\u00e9ficience facile \u00e0 combler en <a rel=\"noreferrer noopener\" aria-label=\"cherchant sur le net (ouverture dans un nouvel onglet)\" href=\"https:\/\/espacerm.com\/webgen\/esp32-recommandations\/\" target=\"_blank\">cherchant sur le net<\/a> au besoin.<\/p>\n\n\n\n<p><a rel=\"noreferrer noopener\" aria-label=\"Smraza Mega 2560 Complete Ultimate Starter Kit for Arduino with Tutorials, MEGA 2560 Controller Board, LCD1602, Motors, Sensors, Jumper Wires, 9V Battery for Arduino Mega2560 UNO Nano(67 Items ) (ouverture dans un nouvel onglet)\" href=\"https:\/\/www.amazon.ca\/dp\/B075TYRG72\/ref=sspa_dk_detail_4?psc=1&amp;pd_rd_i=B075TYRG72&amp;pd_rd_w=vWQe2&amp;pf_rd_p=dd8bce25-0727-4a5d-b121-eef3dd7bc606&amp;pd_rd_wg=rZPTl&amp;pf_rd_r=EEZCBNZK491NBTDKJ4RR&amp;pd_rd_r=81bd4145-0e35-11e9-a31e-7f34122bc55b\" target=\"_blank\">Smraza Mega 2560 Complete Ultimate Starter Kit for Arduino with Tutorials, MEGA 2560 Controller Board, LCD1602, Motors, Sensors, Jumper Wires, 9V Battery for Arduino Mega2560 UNO Nano(67 Items )<\/a>                                                                                                                               <\/p>\n\n\n\n<p><a rel=\"noreferrer noopener\" aria-label=\"Documentation du kit  (ouverture dans un nouvel onglet)\" href=\"https:\/\/mega.nz\/#F!lhY3EZyC!2l8x-TeYZ2kjJh3VeWsBkQ\" target=\"_blank\">Documentation du kit Smraza <\/a><\/p>\n\n\n\n<h3 class=\"wp-block-heading\">Freenove<\/h3>\n\n\n\n<p>Un autre bon choix. La documentation est plus d\u00e9taill\u00e9e. Quelques composantes en moins comme le microphone,  le module horloge, le module RFID , le laser, le d\u00e9tecteur de niveau d&rsquo;eau.<\/p>\n\n\n\n<p><a rel=\"noreferrer noopener\" aria-label=\"Freenove ultime Starter Kit pour Arduino | d\u00e9butant l'apprentissage | Uno R3&nbsp;Mega Nano Micro | Traitement Oscilloscope Voltm\u00e8tre | 51&nbsp;projets, 260&nbsp;pages d\u00e9taill\u00e9e Didacticiels, 210&nbsp;+ composants  (ouverture dans un nouvel onglet)\" href=\"https:\/\/www.amazon.ca\/dp\/B06X3V84PV\/ref=sxbs_sxwds-stvpv2_3?pf_rd_p=4e3c86df-9bbb-4a60-8164-aadd52e0639c&amp;pd_rd_wg=Tf0oc&amp;pf_rd_r=Z3T22P5Q8GG89FRFCEZY&amp;pd_rd_i=B06X3V84PV&amp;pd_rd_w=LMHWD&amp;pd_rd_r=f402bc4f-2be5-42f8-a4d7-8efda517934e&amp;ie=UTF8&amp;qid=1546400246&amp;sr=3\" target=\"_blank\">Freenove ultime Starter Kit pour Arduino | d\u00e9butant l&rsquo;apprentissage | Uno R3&nbsp;Mega Nano Micro | Traitement Oscilloscope Voltm\u00e8tre | 51&nbsp;projets, 260&nbsp;pages d\u00e9taill\u00e9e Didacticiels, 210&nbsp;+ composants<\/a><\/p>\n\n\n\n<p><a rel=\"noreferrer noopener\" aria-label=\"Documentation du Kit Freenove (ouverture dans un nouvel onglet)\" href=\"https:\/\/github.com\/Freenove\/Freenove_Ultimate_Starter_Kit_for_Arduino\" target=\"_blank\">Documentation du Kit Freenove<\/a><\/p>\n\n\n\n<hr class=\"wp-block-separator\"\/>\n\n\n\n<h2 class=\"wp-block-heading\">Suggestions de pi\u00e8ces et modules vendus s\u00e9par\u00e9ment<\/h2>\n\n\n\n<p>Comparez les prix en prenant en compte l&rsquo;achat de plusieurs exemplaires et en regroupant les achats pour \u00e9conomiser sur les frais de livraison. Pensez au d\u00e9lai de livraison et le co\u00fbt des taxes.<\/p>\n\n\n\n<h4 class=\"wp-block-heading\"> Bons sites d&rsquo;achats<\/h4>\n\n\n\n<ul><li>amazon.ca<\/li><li>banggood.com<\/li><li>ebay.ca<\/li><\/ul>\n\n\n\n<h4 class=\"wp-block-heading\"><br><a href=\"https:\/\/www.amazon.ca\/RoboJax-Serial-Interface-Module-Display\/dp\/B077HN8YY1\/ref=pd_sim_147_6?_encoding=UTF8&amp;pd_rd_i=B077HN8YY1&amp;pd_rd_r=f66b464a-0f01-11e9-a3f6-f786b9344b88&amp;pd_rd_w=xZS4V&amp;pd_rd_wg=jctIN&amp;pf_rd_p=f2db799a-cb6a-4ff5-b84b-b317891b94a8&amp;pf_rd_r=ZM53RP0AERVAZ46KB7HR&amp;psc=1&amp;refRID=ZM53RP0AERVAZ46KB7HR\" target=\"_blank\" rel=\"noreferrer noopener\" aria-label=\"Robojax I2\u00a0C module d'interface s\u00e9rie pour 1602\u00a0\u00e9cran LCD (ouverture dans un nouvel onglet)\">Robojax I2\u00a0C module d&rsquo;interface s\u00e9rie pour 1602\u00a0\u00e9cran LCD<\/a>                                                                                                                               <\/h4>\n\n\n\n<p><a rel=\"noreferrer noopener\" aria-label=\"IIC I2C TWI SP Interface s\u00e9rie Port Module Pour 5V Arduino 1602LCD  (ouverture dans un nouvel onglet)\" href=\"https:\/\/www.banggood.com\/fr\/IIC-I2C-TWI-SP-Serial-Interface-Module-Port-For-5V-Arduino-1602LCD-p-80365.html?rmmds=search&amp;cur_warehouse=CN\" target=\"_blank\">IIC I2C TWI SP Interface s\u00e9rie Port Module Pour 5V Arduino 1602LCD <\/a>  <br>Module d&rsquo;interface s\u00e9rie simplifiant la connexion d&rsquo;un affichage 1602 \u00e0 cristaux liquides en utilisant seulement 4 fils pour le relier sur un Arduino<\/p>\n\n\n\n<p><a href=\"https:\/\/www.amazon.ca\/gp\/product\/B0719R3JP7\/ref=oh_aui_detailpage_o02_s01?ie=UTF8&amp;psc=1\" target=\"_blank\" rel=\"noreferrer noopener\" aria-label=\"Quimat IIC\/I2&nbsp;C\/TWI 20&nbsp;x 4&nbsp;LCD module Shield pour Arduino UNO R3&nbsp;Mega 2560&nbsp;avec 4&nbsp;broches m\u00e2le vers femelle c\u00e2ble Jump fils de 4&nbsp;pcs en nylon Colonne avec \u00e9crou Qk51 (ouverture dans un nouvel onglet)\">Quimat IIC\/I2&nbsp;C\/TWI 20&nbsp;x 4&nbsp;LCD module Shield pour Arduino UNO R3&nbsp;Mega 2560&nbsp;avec 4&nbsp;broches m\u00e2le vers femelle c\u00e2ble Jump fils de 4&nbsp;pcs en nylon Colonne avec \u00e9crou Qk51<\/a><\/p>\n\n\n\n<p><a rel=\"noreferrer noopener\" aria-label=\"KY-008 Module de Transmetteur Laser pour Arduino AVR PIC (ouverture dans un nouvel onglet)\" href=\"https:\/\/www.banggood.com\/fr\/KY008-Laser-Transmitter-Module-For-Arduino-AVR-PIC-p-931238.html?rmmds=detail-left-viewhistory__8&amp;cur_warehouse=CN\" target=\"_blank\">KY-008 Module Transmetteur Laser pour Arduino AVR PIC<\/a><\/p>\n\n\n\n<p><a rel=\"noreferrer noopener\" aria-label=\"Module r\u00e9cepteur laser Module de capteur laser \u00e0 tube non modulateur  (ouverture dans un nouvel onglet)\" href=\"https:\/\/www.banggood.com\/fr\/Laser-Receiver-Module-Non-modulator-Tube-Laser-Sensor-Module-p-915633.html?rmmds=detail-left-hotproducts__4&amp;cur_warehouse=CN\" target=\"_blank\">Module r\u00e9cepteur laser<\/a><\/p>\n\n\n\n<p><a rel=\"noreferrer noopener\" aria-label=\"3Pcs 5V 1 Cha\u00eene H\/L Module D\u00e9clencheur de Niveau Optocoupleur Relais pour Arduino (ouverture dans un nouvel onglet)\" href=\"https:\/\/www.banggood.com\/fr\/3Pcs-5V-1-Channel-Level-Trigger-Optocoupler-Relay-Module-For-Arduino-p-1051326.html?rmmds=detail-left-hotproducts__1&amp;cur_warehouse=CN\" target=\"_blank\">3Pcs 5V Module Relais avec optocoupleur pour Arduino<\/a><\/p>\n\n\n\n<p><a rel=\"noreferrer noopener\" aria-label=\"Wemos\u00ae ESP32-WROVER Carte de d\u00e9veloppement Bluetooth 4MB PSRAM TF CARD Module WiFi  (ouverture dans un nouvel onglet)\" href=\"https:\/\/www.banggood.com\/fr\/Wemos-ESP32-WROVER-4MB-PSRAM-TF-CARD-WiFi-Module-Bluetooth-Development-Board-p-1303504.html?rmmds=myorder&amp;cur_warehouse=CN\" target=\"_blank\">Wemos\u00ae ESP32-WROVER Carte de d\u00e9veloppement Bluetooth 4MB PSRAM TF CARD Module WiFi <\/a><\/p>\n\n\n\n<p><a rel=\"noreferrer noopener\" aria-label=\"Geekcreit\u00ae ESP32 D\u00e9velopement Panneau WiFi+Bluetooth Ultra-Bas Consommation d'Energie Double Core ESP-32 ESP-32S Panneau  (ouverture dans un nouvel onglet)\" href=\"https:\/\/www.banggood.com\/fr\/ESP32-Development-Board-WiFiBluetooth-Ultra-Low-Power-Consumption-Dual-Cores-ESP-32-ESP-32S-Board-p-1109512.html?rmmds=myorder&amp;cur_warehouse=CN\" target=\"_blank\">Geekcreit\u00ae ESP32 Module de d\u00e9velopement WiFi+Bluetooth Ultra-Bas Consommation d&rsquo;Energie Double Core ESP-32 ESP-32S<\/a><\/p>\n\n\n\n<p><a rel=\"noreferrer noopener\" aria-label=\"Module de D\u00e9tection du Capteur Puce LM393 du Son Microphone Electrique pour Arduino (ouverture dans un nouvel onglet)\" href=\"https:\/\/www.banggood.com\/fr\/Sound-Sensor-Detection-Module-LM393-Chip-Electret-Microphone-p-929245.html?rmmds=detail-left-hotproducts__10&amp;cur_warehouse=CN\" target=\"_blank\">Module capteur de son pour Arduino<\/a><\/p>\n\n\n\n<p><a rel=\"noreferrer noopener\" aria-label=\"3pcs 1100 m\u00e8tres longue distance NRF24L01+PA+LNA module sans fil avec antenne (ouverture dans un nouvel onglet)\" href=\"https:\/\/www.banggood.com\/fr\/3Pcs-1100-Meter-Long-Distance-NRF24L01PALNA-Wireless-Module-With-Antenna-p-1066640.html?rmmds=mywishlist&amp;cur_warehouse=CN\" target=\"_blank\">3pcs 1100 m\u00e8tres longue distance NRF24L01+PA+LNA module sans fil avec antenne<\/a><\/p>\n\n\n\n<p><a rel=\"noreferrer noopener\" aria-label=\"SODIAL (R) DC 3.3\u20135.5&nbsp;V Buytra Ds3231&nbsp;haute pr\u00e9cision module d'horloge en temps r\u00e9el pour MCU  (ouverture dans un nouvel onglet)\" href=\"https:\/\/www.amazon.ca\/gp\/product\/B00U8MO8O4\/ref=oh_aui_detailpage_o03_s00?ie=UTF8&amp;psc=1\" target=\"_blank\">SODIAL (R) DC 3.3\u20135.5&nbsp;V Buytra Ds3231&nbsp;haute pr\u00e9cision module d&rsquo;horloge en temps r\u00e9el pour MCU <\/a> <\/p>\n\n\n\n<p><a rel=\"noreferrer noopener\" aria-label=\"J-deal \u00ae HC-05&nbsp;sans fil Bluetooth h\u00f4te Serial Transceiver Module esclave et Ma\u00eetre RS232&nbsp;pour Arduino   (ouverture dans un nouvel onglet)\" href=\"https:\/\/www.amazon.ca\/gp\/product\/B01M248TJU\/ref=ppx_od_b_detailpages00?ie=UTF8&amp;psc=1\" target=\"_blank\">J-deal \u00ae HC-05&nbsp;sans fil Bluetooth h\u00f4te Serial Transceiver Module esclave et Ma\u00eetre RS232&nbsp;pour Arduino  <\/a>                                                                                                                                                                                                                                                          <\/p>\n\n\n\n<p><a rel=\"noreferrer noopener\" aria-label=\"40pcs 20cm M\u00e2le To Femelle Sauteur C\u00e2ble Fil Dupont Pour Arduino  (ouverture dans un nouvel onglet)\" href=\"https:\/\/www.banggood.com\/fr\/40pcs-20cm-Male-To-Female-Jumper-Cable-Dupont-Wire-For-Arduino-p-973822.html?rmmds=mywishlist&amp;cur_warehouse=CN\" target=\"_blank\">40pcs 20cm M\u00e2le \u00e0 Femelle Fil Dupont Pour Arduino <\/a><\/p>\n\n\n\n<p><a href=\"https:\/\/www.amazon.ca\/gp\/product\/B01IH2TV6G\/ref=oh_aui_detailpage_o00_s00?ie=UTF8&amp;psc=1\" target=\"_blank\" rel=\"noreferrer noopener\" aria-label=\"SODIAL (R) 3&nbsp;V-5&nbsp;V Power Mod\u00e8le Neo-6&nbsp;m module GPS Gy-gps6mv2&nbsp;(Bleu)                                                                                                                                (ouverture dans un nouvel onglet)\">SODIAL (R) 3&nbsp;V-5&nbsp;V Power Mod\u00e8le Neo-6&nbsp;m module GPS Gy-gps6mv2&nbsp;(Bleu)                                                                                                                               <\/a><\/p>\n\n\n\n<p><a href=\"https:\/\/www.amazon.ca\/gp\/product\/B075279TVY\/ref=ppx_od_b_detailpages00?ie=UTF8&amp;psc=1\" target=\"_blank\" rel=\"noreferrer noopener\" aria-label=\"Laniakea 160&nbsp;pcs en nylon M3&nbsp;m\u00e9trique Vis et \u00e9crous hexagonaux kit, entretoises (Homme\/Femme), hexagonale entretoises (female-female), jack hexagonale Vis, Vis \u00e0 t\u00eate bomb\u00e9e Phillips, Standard \u00c9crou hexagonal, avec bo\u00eete de stockage Portable (ouverture dans un nouvel onglet)\">Laniakea 160&nbsp;pcs en nylon M3&nbsp;m\u00e9trique Vis et \u00e9crous hexagonaux kit, entretoises (Homme\/Femme), hexagonale entretoises (female-female), jack hexagonale Vis, Vis \u00e0 t\u00eate bomb\u00e9e Phillips, Standard \u00c9crou hexagonal, avec bo\u00eete de stockage Portable<\/a><\/p>\n","protected":false},"excerpt":{"rendered":"<p>Smraza Je conseille ce kit, car il est tr\u00e8s bien \u00e9quip\u00e9. Il comprend les 3 types de moteurs (pas \u00e0 pas, servo et \u00e0 courant continu), tous les types de capteurs et pi\u00e8ces \u00e9lectroniques les plus courants. Par contre, la documentation est de base, d\u00e9ficience facile \u00e0 combler en cherchant sur le net au besoin. [&hellip;]<\/p>\n","protected":false},"author":2,"featured_media":0,"parent":0,"menu_order":0,"comment_status":"closed","ping_status":"closed","template":"","meta":{"footnotes":""},"_links":{"self":[{"href":"https:\/\/espacerm.com\/webgen\/wp-json\/wp\/v2\/pages\/2614"}],"collection":[{"href":"https:\/\/espacerm.com\/webgen\/wp-json\/wp\/v2\/pages"}],"about":[{"href":"https:\/\/espacerm.com\/webgen\/wp-json\/wp\/v2\/types\/page"}],"author":[{"embeddable":true,"href":"https:\/\/espacerm.com\/webgen\/wp-json\/wp\/v2\/users\/2"}],"replies":[{"embeddable":true,"href":"https:\/\/espacerm.com\/webgen\/wp-json\/wp\/v2\/comments?post=2614"}],"version-history":[{"count":37,"href":"https:\/\/espacerm.com\/webgen\/wp-json\/wp\/v2\/pages\/2614\/revisions"}],"predecessor-version":[{"id":2655,"href":"https:\/\/espacerm.com\/webgen\/wp-json\/wp\/v2\/pages\/2614\/revisions\/2655"}],"wp:attachment":[{"href":"https:\/\/espacerm.com\/webgen\/wp-json\/wp\/v2\/media?parent=2614"}],"curies":[{"name":"wp","href":"https:\/\/api.w.org\/{rel}","templated":true}]}}