{"id":2945,"date":"2019-01-22T18:42:21","date_gmt":"2019-01-22T23:42:21","guid":{"rendered":"https:\/\/espacerm.com\/webgen\/?page_id=2945"},"modified":"2019-03-16T15:47:38","modified_gmt":"2019-03-16T20:47:38","slug":"declechement-dun-appareil-photo","status":"publish","type":"page","link":"https:\/\/espacerm.com\/webgen\/declechement-dun-appareil-photo\/","title":{"rendered":"D\u00e9clenchement d&rsquo;appareil photo et de flashs"},"content":{"rendered":"\n<hr class=\"wp-block-separator\"\/>\n\n\n\n<h2 class=\"wp-block-heading\">D\u00e9clenchement d&rsquo;un appareil photo<\/h2>\n\n\n\n<p>C\u00e2ble d\u00e9clencheur pour Nikon D700 <\/p>\n\n\n\n<p><a rel=\"noreferrer noopener\" aria-label=\"Exemple : eDealMax Shutter D\u00e9clencheur 2.5mm C1 \u00e0 N1 Connecteur Pour Nikon appareil Photo Reflex num\u00e9rique  (ouverture dans un nouvel onglet)\" href=\"https:\/\/www.amazon.ca\/eDealMax-D\u00e9clencheur-Connecteur-appareil-num\u00e9rique\/dp\/B07GS7NG3R\/ref=sr_1_fkmr2_3?ie=UTF8&amp;qid=1548214214&amp;sr=8-3-fkmr2&amp;keywords=C%C3%A2ble+D%C3%A9clencheur+pour+Nikon+D7000%2C+D5100%2C+D320%2C0+D90\" target=\"_blank\">Exemple : eDealMax Shutter D\u00e9clencheur 2.5mm C1 \u00e0 N1 Connecteur Pour Nikon appareil Photo Reflex num\u00e9rique Nikon D3 D2 D800E D800 D700 D300 D300s <\/a><\/p>\n\n\n\n<figure class=\"wp-block-image is-resized\"><img loading=\"lazy\" decoding=\"async\" src=\"https:\/\/espacerm.com\/webgen\/wp-content\/uploads\/2019\/01\/DSC_2914-2-1024x891.jpg\" alt=\"\" class=\"wp-image-2964\" width=\"518\" height=\"450\" srcset=\"https:\/\/espacerm.com\/webgen\/wp-content\/uploads\/2019\/01\/DSC_2914-2-1024x891.jpg 1024w, https:\/\/espacerm.com\/webgen\/wp-content\/uploads\/2019\/01\/DSC_2914-2-300x261.jpg 300w, https:\/\/espacerm.com\/webgen\/wp-content\/uploads\/2019\/01\/DSC_2914-2-768x668.jpg 768w, https:\/\/espacerm.com\/webgen\/wp-content\/uploads\/2019\/01\/DSC_2914-2.jpg 1241w\" sizes=\"(max-width: 518px) 100vw, 518px\" \/><\/figure>\n\n\n\n<p>Relier un conducteur entre l&rsquo;anneau central et l&rsquo;anneau de gauche active la mise au point<\/p>\n\n\n\n<figure class=\"wp-block-image is-resized\"><img loading=\"lazy\" decoding=\"async\" src=\"https:\/\/espacerm.com\/webgen\/wp-content\/uploads\/2019\/01\/dessin-fil-declencheur-Nikon-D700_00a.png\" alt=\"\" class=\"wp-image-2952\" width=\"429\" height=\"371\" srcset=\"https:\/\/espacerm.com\/webgen\/wp-content\/uploads\/2019\/01\/dessin-fil-declencheur-Nikon-D700_00a.png 500w, https:\/\/espacerm.com\/webgen\/wp-content\/uploads\/2019\/01\/dessin-fil-declencheur-Nikon-D700_00a-300x259.png 300w\" sizes=\"(max-width: 429px) 100vw, 429px\" \/><\/figure>\n\n\n\n<p>Relier un conducteur entre l&rsquo;anneau central et l&rsquo;anneau de gauche et un conducteur entre l&rsquo;extr\u00e9mit\u00e9 de la fiche et l&rsquo;anneau de gauche  d\u00e9clenche l&rsquo;obturateur de l&rsquo;appareil photo.<\/p>\n\n\n\n<figure class=\"wp-block-image is-resized\"><img loading=\"lazy\" decoding=\"async\" src=\"https:\/\/espacerm.com\/webgen\/wp-content\/uploads\/2019\/01\/dessin-fil-declencheur-Nikon-D700_00b.png\" alt=\"\" class=\"wp-image-2954\" width=\"437\" height=\"378\" srcset=\"https:\/\/espacerm.com\/webgen\/wp-content\/uploads\/2019\/01\/dessin-fil-declencheur-Nikon-D700_00b.png 500w, https:\/\/espacerm.com\/webgen\/wp-content\/uploads\/2019\/01\/dessin-fil-declencheur-Nikon-D700_00b-300x259.png 300w\" sizes=\"(max-width: 437px) 100vw, 437px\" \/><\/figure>\n\n\n\n<p><strong>Branchement de l&rsquo;appareil photo<\/strong><\/p>\n\n\n\n<p>La fiche se raccorde sur une prise femelle de type st\u00e9r\u00e9o. Un cavalier soud\u00e9 vient raccorder les deux anneaux, mise au point et d\u00e9clenchement. LA MISE AU POINT EST MANUELLE. Si la mise au point automatique est n\u00e9cessaire, il faut ajouter un relais et adapter le programme en cons\u00e9quence.<\/p>\n\n\n\n<ul class=\"wp-block-gallery columns-2 is-cropped wp-block-gallery-1 is-layout-flex wp-block-gallery-is-layout-flex\"><li class=\"blocks-gallery-item\"><figure><img loading=\"lazy\" decoding=\"async\" width=\"1024\" height=\"877\" src=\"https:\/\/espacerm.com\/webgen\/wp-content\/uploads\/2019\/01\/DSC_2920-1-1024x877.jpg\" alt=\"\" data-id=\"2977\" data-link=\"https:\/\/espacerm.com\/webgen\/declechement-dun-appareil-photo\/dsc_2920-2\/\" class=\"wp-image-2977\" srcset=\"https:\/\/espacerm.com\/webgen\/wp-content\/uploads\/2019\/01\/DSC_2920-1-1024x877.jpg 1024w, https:\/\/espacerm.com\/webgen\/wp-content\/uploads\/2019\/01\/DSC_2920-1-300x257.jpg 300w, https:\/\/espacerm.com\/webgen\/wp-content\/uploads\/2019\/01\/DSC_2920-1-768x658.jpg 768w, https:\/\/espacerm.com\/webgen\/wp-content\/uploads\/2019\/01\/DSC_2920-1.jpg 1261w\" sizes=\"(max-width: 1024px) 100vw, 1024px\" \/><\/figure><\/li><li class=\"blocks-gallery-item\"><figure><img loading=\"lazy\" decoding=\"async\" width=\"219\" height=\"236\" src=\"https:\/\/espacerm.com\/webgen\/wp-content\/uploads\/2019\/01\/g1986b.png\" alt=\"\" data-id=\"2983\" data-link=\"https:\/\/espacerm.com\/webgen\/declechement-dun-appareil-photo\/g1986b\/\" class=\"wp-image-2983\"\/><\/figure><\/li><\/ul>\n\n\n\n<p>L&rsquo;activation du relais, par le programme, ferme le contact 7-8, ce qui d\u00e9clenche l&rsquo;appareil photo.<\/p>\n\n\n\n<figure class=\"wp-block-image\"><img loading=\"lazy\" decoding=\"async\" width=\"601\" height=\"359\" src=\"https:\/\/espacerm.com\/webgen\/wp-content\/uploads\/2019\/01\/prise-et-relais_00.png\" alt=\"\" class=\"wp-image-2986\" srcset=\"https:\/\/espacerm.com\/webgen\/wp-content\/uploads\/2019\/01\/prise-et-relais_00.png 601w, https:\/\/espacerm.com\/webgen\/wp-content\/uploads\/2019\/01\/prise-et-relais_00-300x179.png 300w\" sizes=\"(max-width: 601px) 100vw, 601px\" \/><\/figure>\n\n\n\n<p><strong>Pour les adaptateurs des autres types d&rsquo;appareils photo, je vous recommande ce site<\/strong>  <a rel=\"noreferrer noopener\" aria-label=\"http:\/\/www.doc-diy.net\/photo\/remote_pinout (ouverture dans un nouvel onglet)\" href=\"http:\/\/www.doc-diy.net\/photo\/remote_pinout\" target=\"_blank\">http:\/\/www.doc-diy.net\/photo\/remote_pinout<\/a>\/<\/p>\n\n\n\n<h2 class=\"wp-block-heading\"><strong>Montage avec bo\u00eetier<\/strong><\/h2>\n\n\n\n<figure class=\"wp-block-image\"><img loading=\"lazy\" decoding=\"async\" width=\"647\" height=\"432\" src=\"https:\/\/espacerm.com\/webgen\/wp-content\/uploads\/2019\/01\/declencheur-complet_00.png\" alt=\"\" class=\"wp-image-2969\" srcset=\"https:\/\/espacerm.com\/webgen\/wp-content\/uploads\/2019\/01\/declencheur-complet_00.png 647w, https:\/\/espacerm.com\/webgen\/wp-content\/uploads\/2019\/01\/declencheur-complet_00-300x200.png 300w\" sizes=\"(max-width: 647px) 100vw, 647px\" \/><\/figure>\n\n\n\n<p>Un bouton poussoir permet de d\u00e9clencher manuellement l&rsquo;appareil photo<\/p>\n\n\n\n<p>Exemples types de d\u00e9tecteur pour le d\u00e9clenchement<\/p>\n\n\n\n<ul><li>D\u00e9tecteur de faisceau Laser<ul><li>D\u00e9clencher par la coupure du faisceau<\/li><\/ul><\/li><li>D\u00e9tecteur de mouvement PIR infrarouge (Passive Infrared &nbsp;Sensor) <ul><li>D\u00e9clencher sur un changement du rayonnement infrarouge ambiant occasionn\u00e9 par une personne en mouvement<\/li><\/ul><\/li><li>Capteur de son<ul><li>D\u00e9clenchement sur un d\u00e9passement de seuil sonore. Un bruit sec et fort, un claquement de doigts&#8230;<\/li><\/ul><\/li><\/ul>\n\n\n\n<p>L&rsquo;appareil photo peut \u00eatre d\u00e9clench\u00e9 par toutes sortes de capteurs selon le choix de l&rsquo;utilisateur. Il s&rsquo;agit d&rsquo;adapter le programme et les branchements si requis. <\/p>\n\n\n\n<hr class=\"wp-block-separator\"\/>\n\n\n\n<h2 class=\"wp-block-heading\">D\u00e9clenchement de flashs<\/h2>\n\n\n\n<p>L&rsquo;appareil photo (selon le mod\u00e8le) peut lui-m\u00eame, lors de son d\u00e9clenchement, amorcer des flashs au besoin (syst\u00e8me de flash asservi sans c\u00e2ble).<\/p>\n\n\n\n<p>Le circuit peut aussi d\u00e9clencher directement un flash ou des flashs lors de la fermeture du relais. Pour cela, il faudra passer par un adaptateur. <\/p>\n\n\n\n<figure class=\"wp-block-image\"><img loading=\"lazy\" decoding=\"async\" width=\"1024\" height=\"684\" src=\"https:\/\/espacerm.com\/webgen\/wp-content\/uploads\/2019\/01\/DSC_2936-1024x684.jpg\" alt=\"\" class=\"wp-image-3018\" srcset=\"https:\/\/espacerm.com\/webgen\/wp-content\/uploads\/2019\/01\/DSC_2936-1024x684.jpg 1024w, https:\/\/espacerm.com\/webgen\/wp-content\/uploads\/2019\/01\/DSC_2936-300x200.jpg 300w, https:\/\/espacerm.com\/webgen\/wp-content\/uploads\/2019\/01\/DSC_2936-768x513.jpg 768w, https:\/\/espacerm.com\/webgen\/wp-content\/uploads\/2019\/01\/DSC_2936.jpg 1618w\" sizes=\"(max-width: 1024px) 100vw, 1024px\" \/><\/figure>\n\n\n\n<p>Quelques suggestions d&rsquo;adaptateurs :<\/p>\n\n\n\n<p><strong><a href=\"https:\/\/www.bhphotovideo.com\/c\/product\/850279-REG\/Impact_fa_300hs_Triple_Hot_Shoe_Mount.html\" target=\"_blank\" rel=\"noreferrer noopener\" aria-label=\"Impact&nbsp;FA-300HS Triple-Flash Hot Shoe Adapter Mount (ouverture dans un nouvel onglet)\">Impact&nbsp;FA-300HS Triple-Flash Hot Shoe Adapter Mount<\/a><\/strong><\/p>\n\n\n\n<p>Cet adaptateur se relie sur la prise mono avec un c\u00e2ble m\u00e2le\/m\u00e2le.  La prise mono est raccord\u00e9e \u00e0 la seconde s\u00e9rie de contacts du relais. Le FA-300HS supporte 3 flashs.<\/p>\n\n\n\n<figure class=\"wp-block-image is-resized\"><img loading=\"lazy\" decoding=\"async\" src=\"https:\/\/espacerm.com\/webgen\/wp-content\/uploads\/2019\/01\/FA-300HS_arriere.jpg\" alt=\"\" class=\"wp-image-2999\" width=\"325\" height=\"278\" srcset=\"https:\/\/espacerm.com\/webgen\/wp-content\/uploads\/2019\/01\/FA-300HS_arriere.jpg 922w, https:\/\/espacerm.com\/webgen\/wp-content\/uploads\/2019\/01\/FA-300HS_arriere-300x257.jpg 300w, https:\/\/espacerm.com\/webgen\/wp-content\/uploads\/2019\/01\/FA-300HS_arriere-768x659.jpg 768w\" sizes=\"(max-width: 325px) 100vw, 325px\" \/><\/figure>\n\n\n\n<p><strong><a href=\"https:\/\/www.bhphotovideo.com\/c\/product\/613653-REG\/Impact_9031420_Sync_Cord_Male_Mini.html\/pageID\/accessory\" target=\"_blank\" rel=\"noreferrer noopener\" aria-label=\"Impact&nbsp;Sync Cord Male Mini (3.5mm) to Male PC (1') (ouverture dans un nouvel onglet)\">Impact&nbsp;Sync Cord Male Mini (3.5mm) to Male PC (1&prime;)<\/a><\/strong><\/p>\n\n\n\n<figure class=\"wp-block-image is-resized\"><img loading=\"lazy\" decoding=\"async\" src=\"https:\/\/espacerm.com\/webgen\/wp-content\/uploads\/2019\/01\/cable-sync_00.jpg\" alt=\"\" class=\"wp-image-3003\" width=\"237\" height=\"240\" srcset=\"https:\/\/espacerm.com\/webgen\/wp-content\/uploads\/2019\/01\/cable-sync_00.jpg 497w, https:\/\/espacerm.com\/webgen\/wp-content\/uploads\/2019\/01\/cable-sync_00-296x300.jpg 296w\" sizes=\"(max-width: 237px) 100vw, 237px\" \/><\/figure>\n\n\n\n<p>Ce c\u00e2ble relie directement le flash \u00e0 la prise mono.<\/p>\n\n\n\n<p><strong><a href=\"https:\/\/www.bhphotovideo.com\/c\/product\/767442-REG\/Vello_HSA_PSU_Universal_Hot_Shoe_Adapter.html\/pageID\/accessory\" target=\"_blank\" rel=\"noreferrer noopener\" aria-label=\"Vello&nbsp;Universal Hot Shoe Adapter - PC Connection + Top Shoe (ouverture dans un nouvel onglet)\">Vello&nbsp;Universal Hot Shoe Adapter &#8211; PC Connection + Top Shoe<\/a><\/strong><\/p>\n\n\n\n<figure class=\"wp-block-image is-resized\"><img loading=\"lazy\" decoding=\"async\" src=\"https:\/\/espacerm.com\/webgen\/wp-content\/uploads\/2019\/01\/vello_00.jpg\" alt=\"\" class=\"wp-image-3001\" width=\"249\" height=\"256\" srcset=\"https:\/\/espacerm.com\/webgen\/wp-content\/uploads\/2019\/01\/vello_00.jpg 522w, https:\/\/espacerm.com\/webgen\/wp-content\/uploads\/2019\/01\/vello_00-292x300.jpg 292w\" sizes=\"(max-width: 249px) 100vw, 249px\" \/><\/figure>\n\n\n\n<p>Si le flash n&rsquo;a pas d&rsquo;entr\u00e9e Sync, l&rsquo;adaptateur fait le lien avec le c\u00e2ble Sync au relais.<\/p>\n\n\n\n<h4 class=\"wp-block-heading\"><a rel=\"noreferrer noopener\" aria-label=\"Optical Flash esclave Trigger pour Canon JJC Hot Shoe Sync adaptateur optique Flash esclave Trigger avec PC socket, capteur optique et 1\/10,2&nbsp;cm -20&nbsp;Douille Filet\u00e9e Sabot pour flash Canon Speedlight-1pack (ouverture dans un nouvel onglet)\" href=\"https:\/\/www.amazon.ca\/Optical-Trigger-JJC-Threaded-Speedlight\/dp\/B079DPH78C\/ref=sr_1_23?ie=UTF8&amp;qid=1548233287&amp;sr=8-23&amp;keywords=hot+shoe+adapter\" target=\"_blank\">Optical Flash esclave Trigger pour Canon JJC Hot Shoe Sync adaptateur optique Flash esclave Trigger avec PC socket, capteur optique et 1\/10,2&nbsp;cm -20&nbsp;Douille Filet\u00e9e Sabot pour flash Canon Speedlight-1pack<\/a><\/h4>\n\n\n\n<figure class=\"wp-block-image is-resized\"><img loading=\"lazy\" decoding=\"async\" src=\"https:\/\/espacerm.com\/webgen\/wp-content\/uploads\/2019\/01\/hot-shoe_00.jpg\" alt=\"\" class=\"wp-image-3010\" width=\"308\" height=\"315\" srcset=\"https:\/\/espacerm.com\/webgen\/wp-content\/uploads\/2019\/01\/hot-shoe_00.jpg 515w, https:\/\/espacerm.com\/webgen\/wp-content\/uploads\/2019\/01\/hot-shoe_00-293x300.jpg 293w\" sizes=\"(max-width: 308px) 100vw, 308px\" \/><\/figure>\n\n\n\n<p>Semblable au pr\u00e9c\u00e9dent, il est moins dispendieux, mais il n&rsquo;a pas d&rsquo;anneau de serrage \u00e0 la base.<\/p>\n\n\n\n<h4 class=\"wp-block-heading\"><a href=\"https:\/\/gosselinphoto.ca\/fr\/cactus-emetteur-recepteur-pour-flash-v5-ca130040\" target=\"_blank\" rel=\"noreferrer noopener\" aria-label=\" (ouverture dans un nouvel onglet)\">Cactus \u00c9metteur-r\u00e9cepteur pour flash V5<\/a><\/h4>\n\n\n\n<figure class=\"wp-block-image is-resized\"><img loading=\"lazy\" decoding=\"async\" src=\"https:\/\/espacerm.com\/webgen\/wp-content\/uploads\/2019\/01\/cactus-V5_00-1.jpg\" alt=\"\" class=\"wp-image-3007\" width=\"311\" height=\"341\" srcset=\"https:\/\/espacerm.com\/webgen\/wp-content\/uploads\/2019\/01\/cactus-V5_00-1.jpg 673w, https:\/\/espacerm.com\/webgen\/wp-content\/uploads\/2019\/01\/cactus-V5_00-1-273x300.jpg 273w\" sizes=\"(max-width: 311px) 100vw, 311px\" \/><\/figure>\n\n\n\n<p>Le Cactus V5 en mode TX connect\u00e9 au relais transmet \u00e0 distance, par onde radio, l&rsquo;ordre au r\u00e9cepteur Cactus V5 de d\u00e9clencher le flash qui y est raccord\u00e9. Le Cactus TX doit \u00eatre fix\u00e9 sur un adaptateur comme le HOT Shoes ou le FA300-HS.<\/p>\n\n\n\n<hr class=\"wp-block-separator\"\/>\n\n\n\n<h2 class=\"wp-block-heading\">Branchement du flash<\/h2>\n\n\n\n<p> La fiche se raccorde sur une prise femelle de type mono. <\/p>\n\n\n\n<ul class=\"wp-block-gallery columns-2 is-cropped wp-block-gallery-3 is-layout-flex wp-block-gallery-is-layout-flex\"><li class=\"blocks-gallery-item\"><figure><img loading=\"lazy\" decoding=\"async\" width=\"1024\" height=\"569\" src=\"https:\/\/espacerm.com\/webgen\/wp-content\/uploads\/2019\/01\/DSC_2923c-1024x569.jpg\" alt=\"\" data-id=\"3030\" data-link=\"https:\/\/espacerm.com\/webgen\/declechement-dun-appareil-photo\/dsc_2923c\/\" class=\"wp-image-3030\" srcset=\"https:\/\/espacerm.com\/webgen\/wp-content\/uploads\/2019\/01\/DSC_2923c-1024x569.jpg 1024w, https:\/\/espacerm.com\/webgen\/wp-content\/uploads\/2019\/01\/DSC_2923c-300x167.jpg 300w, https:\/\/espacerm.com\/webgen\/wp-content\/uploads\/2019\/01\/DSC_2923c-768x426.jpg 768w, https:\/\/espacerm.com\/webgen\/wp-content\/uploads\/2019\/01\/DSC_2923c.jpg 1221w\" sizes=\"(max-width: 1024px) 100vw, 1024px\" \/><\/figure><\/li><li class=\"blocks-gallery-item\"><figure><img loading=\"lazy\" decoding=\"async\" width=\"429\" height=\"262\" src=\"https:\/\/espacerm.com\/webgen\/wp-content\/uploads\/2019\/01\/prise-et-relais_002-2.png\" alt=\"\" data-id=\"3031\" data-link=\"https:\/\/espacerm.com\/webgen\/declechement-dun-appareil-photo\/prise-et-relais_002-3\/\" class=\"wp-image-3031\" srcset=\"https:\/\/espacerm.com\/webgen\/wp-content\/uploads\/2019\/01\/prise-et-relais_002-2.png 429w, https:\/\/espacerm.com\/webgen\/wp-content\/uploads\/2019\/01\/prise-et-relais_002-2-300x183.png 300w\" sizes=\"(max-width: 429px) 100vw, 429px\" \/><\/figure><\/li><\/ul>\n\n\n\n<p>L&rsquo;activation du relais, par le programme, ferme le contact 3-4, ce qui d\u00e9clenche le flash. <\/p>\n\n\n\n<h4 class=\"wp-block-heading\"><strong><a href=\"https:\/\/espacerm.com\/webgen\/declencheur-de-relais-interface-web-et-bluetooth-actives-simultanement\/\">&lt;- D\u00e9clencheur de relais \u2013 Interfaces Web et Bluetooth  actives simultan\u00e9ment<\/a><\/strong><\/h4>\n","protected":false},"excerpt":{"rendered":"<p>D\u00e9clenchement d&rsquo;un appareil photo C\u00e2ble d\u00e9clencheur pour Nikon D700 Exemple : eDealMax Shutter D\u00e9clencheur 2.5mm C1 \u00e0 N1 Connecteur Pour Nikon appareil Photo Reflex num\u00e9rique Nikon D3 D2 D800E D800 D700 D300 D300s Relier un conducteur entre l&rsquo;anneau central et l&rsquo;anneau de gauche active la mise au point Relier un conducteur entre l&rsquo;anneau central et [&hellip;]<\/p>\n","protected":false},"author":2,"featured_media":0,"parent":0,"menu_order":0,"comment_status":"closed","ping_status":"closed","template":"","meta":{"footnotes":""},"_links":{"self":[{"href":"https:\/\/espacerm.com\/webgen\/wp-json\/wp\/v2\/pages\/2945"}],"collection":[{"href":"https:\/\/espacerm.com\/webgen\/wp-json\/wp\/v2\/pages"}],"about":[{"href":"https:\/\/espacerm.com\/webgen\/wp-json\/wp\/v2\/types\/page"}],"author":[{"embeddable":true,"href":"https:\/\/espacerm.com\/webgen\/wp-json\/wp\/v2\/users\/2"}],"replies":[{"embeddable":true,"href":"https:\/\/espacerm.com\/webgen\/wp-json\/wp\/v2\/comments?post=2945"}],"version-history":[{"count":77,"href":"https:\/\/espacerm.com\/webgen\/wp-json\/wp\/v2\/pages\/2945\/revisions"}],"predecessor-version":[{"id":3439,"href":"https:\/\/espacerm.com\/webgen\/wp-json\/wp\/v2\/pages\/2945\/revisions\/3439"}],"wp:attachment":[{"href":"https:\/\/espacerm.com\/webgen\/wp-json\/wp\/v2\/media?parent=2945"}],"curies":[{"name":"wp","href":"https:\/\/api.w.org\/{rel}","templated":true}]}}