{"id":3557,"date":"2019-03-19T21:05:44","date_gmt":"2019-03-20T02:05:44","guid":{"rendered":"https:\/\/espacerm.com\/webgen\/?page_id=3557"},"modified":"2023-01-02T22:00:53","modified_gmt":"2023-01-03T03:00:53","slug":"electronique","status":"publish","type":"page","link":"https:\/\/espacerm.com\/webgen\/electronique\/","title":{"rendered":"\u00c9lectronique"},"content":{"rendered":"\n<h1 class=\"wp-block-heading\"><a href=\"https:\/\/espacerm.com\/webgen\/techniques-de-soudure\/\">Techniques de soudure<\/a><\/h1>\n\n\n\n<h2 class=\"wp-block-heading\"><a href=\"https:\/\/www.youtube.com\/watch?v=Sl5acslCLGI&amp;list=PLGs0VKk2DiYx6CMdOQR_hmJ2NbB4mZQn-&amp;index=28&amp;t=0s\">Montage de circuit par enroulement par fil<\/a><\/h2>\n\n\n\n<h1 class=\"wp-block-heading\"><a href=\"https:\/\/espacerm.com\/webgen\/fabrication-du-circuit-imprime-de-ma-carte-multifonctionnelle-esp32\/\">Fabrication du circuit imprim\u00e9 de ma carte multifonctionnelle ESP32<\/a><\/h1>\n\n\n\n<h1 class=\"wp-block-heading\"><a href=\"https:\/\/espacerm.com\/webgen\/le-diviseur-de-tension-resistif\/\">Le diviseur de tension r\u00e9sistif<\/a><\/h1>\n\n\n\n<h1 class=\"wp-block-heading\"><a href=\"https:\/\/espacerm.com\/webgen\/attention-aux-piles-lipo\/\">Attention aux piles LIPO<\/a><\/h1>\n\n\n\n<h2 class=\"wp-block-heading\" id=\"intro_section_text_1\"><a href=\"https:\/\/www.electronique-mixte.fr\/\">FPGA | Arduino | Matlab | Cours<\/a><\/h2>\n\n\n\n<h2 class=\"wp-block-heading\"><a href=\"https:\/\/www.electronique-mixte.fr\/formation-pdf\/\">Cours PDF<\/a><\/h2>\n\n\n\n<h2 class=\"wp-block-heading\"><a href=\"https:\/\/espacerm.com\/webgen\/les-composants-electroniques\/\" target=\"_blank\" rel=\"noreferrer noopener\">Les composants \u00e9lectroniques<\/a><\/h2>\n","protected":false},"excerpt":{"rendered":"<p>Techniques de soudure Montage de circuit par enroulement par fil Fabrication du circuit imprim\u00e9 de ma carte multifonctionnelle ESP32 Le diviseur de tension r\u00e9sistif Attention aux piles LIPO FPGA | Arduino | Matlab | Cours Cours PDF Les composants \u00e9lectroniques<\/p>\n","protected":false},"author":2,"featured_media":0,"parent":0,"menu_order":0,"comment_status":"closed","ping_status":"closed","template":"","meta":{"footnotes":""},"_links":{"self":[{"href":"https:\/\/espacerm.com\/webgen\/wp-json\/wp\/v2\/pages\/3557"}],"collection":[{"href":"https:\/\/espacerm.com\/webgen\/wp-json\/wp\/v2\/pages"}],"about":[{"href":"https:\/\/espacerm.com\/webgen\/wp-json\/wp\/v2\/types\/page"}],"author":[{"embeddable":true,"href":"https:\/\/espacerm.com\/webgen\/wp-json\/wp\/v2\/users\/2"}],"replies":[{"embeddable":true,"href":"https:\/\/espacerm.com\/webgen\/wp-json\/wp\/v2\/comments?post=3557"}],"version-history":[{"count":2,"href":"https:\/\/espacerm.com\/webgen\/wp-json\/wp\/v2\/pages\/3557\/revisions"}],"predecessor-version":[{"id":4913,"href":"https:\/\/espacerm.com\/webgen\/wp-json\/wp\/v2\/pages\/3557\/revisions\/4913"}],"wp:attachment":[{"href":"https:\/\/espacerm.com\/webgen\/wp-json\/wp\/v2\/media?parent=3557"}],"curies":[{"name":"wp","href":"https:\/\/api.w.org\/{rel}","templated":true}]}}