{"id":3911,"date":"2019-08-03T12:03:14","date_gmt":"2019-08-03T17:03:14","guid":{"rendered":"https:\/\/espacerm.com\/webgen\/?page_id=3911"},"modified":"2021-07-23T02:16:40","modified_gmt":"2021-07-23T07:16:40","slug":"mathematique","status":"publish","type":"page","link":"https:\/\/espacerm.com\/webgen\/mathematique\/","title":{"rendered":"Math\u00e9matique"},"content":{"rendered":"\n<h3 class=\"wp-block-heading\"><a href=\"https:\/\/liensphysique.science.blog\/le-theoreme-de-pythagore\/\" target=\"_blank\" rel=\"noreferrer noopener\" aria-label=\" (ouverture dans un nouvel onglet)\">Le th\u00e9or\u00e8me de Pythagore<\/a><\/h3>\n\n\n\n<h3 class=\"wp-block-heading\"><a href=\"https:\/\/liensphysique.science.blog\/trigonometrie\/\" target=\"_blank\" rel=\"noreferrer noopener\" aria-label=\" (ouverture dans un nouvel onglet)\">Trigonom\u00e9trie<\/a><\/h3>\n\n\n\n<h3 class=\"wp-block-heading\"><a href=\"https:\/\/liensphysique.science.blog\/les-vecteurs-et-les-matrices\/\" target=\"_blank\" rel=\"noreferrer noopener\" aria-label=\" (ouverture dans un nouvel onglet)\">Les vecteurs et les matrices<\/a><\/h3>\n\n\n\n<h3 class=\"wp-block-heading\"><a rel=\"noreferrer noopener\" aria-label=\"Les matrices (ouverture dans un nouvel onglet)\" href=\"https:\/\/www.youtube.com\/playlist?list=PLZHQObOWTQDPD3MizzM2xVFitgF8hE_ab\" target=\"_blank\">Les matrices<\/a><\/h3>\n\n\n\n<h3 class=\"wp-block-heading\"><a rel=\"noreferrer noopener\" href=\"https:\/\/www.youtube.com\/playlist?list=PLZHQObOWTQDMsr9K-rj53DwVRMYO3t5Yr\" target=\"_blank\">Calcul diff\u00e9rentiel et int\u00e9gral<\/a><\/h3>\n\n\n\n<h3 class=\"wp-block-heading\"><a rel=\"noreferrer noopener\" href=\"https:\/\/www.youtube.com\/playlist?list=PLZHQObOWTQDNU6R1_67000Dx_ZCJB-3pi\" target=\"_blank\">R\u00e9seau de neurones<\/a><\/h3>\n\n\n\n<h3 class=\"wp-block-heading\"><strong>Rotations en trois dimensions<\/strong><\/h3>\n\n\n\n<h4 class=\"wp-block-heading\"><a rel=\"noreferrer noopener\" href=\"https:\/\/www.cprogramming.com\/tutorial\/3d\/theBasics.html\" target=\"_blank\">Premi\u00e8re partie: Les bases de la rotation en trois dimensions<\/a><\/h4>\n\n\n\n<h4 class=\"wp-block-heading\"><a rel=\"noreferrer noopener\" href=\"https:\/\/www.cprogramming.com\/tutorial\/3d\/rotationMatrices.html\" target=\"_blank\">Rotations en trois dimensions: matrices de rotation 3D<\/a><\/h4>\n\n\n\n<h4 class=\"wp-block-heading\"><a rel=\"noreferrer noopener\" href=\"https:\/\/www.cprogramming.com\/tutorial\/3d\/rotation.html\" target=\"_blank\">Troisi\u00e8me partie: Rotation 3D autour d\u2019un axe arbitraire<\/a><\/h4>\n\n\n\n<h4 class=\"wp-block-heading\"><a rel=\"noreferrer noopener\" href=\"https:\/\/www.cprogramming.com\/tutorial\/3d\/uses.html\" target=\"_blank\">Utilisation pratique des matrices de rotation 3D<\/a><\/h4>\n\n\n\n<p><\/p>\n\n\n\n<h3 class=\"wp-block-heading\">Quaternions<\/h3>\n\n\n\n<p>Pour les rotations en 3D<\/p>\n\n\n\n<h4 class=\"wp-block-heading\"><a href=\"https:\/\/www.youtube.com\/watch?v=M-qGTSL2yzM\" target=\"_blank\" rel=\"noreferrer noopener\">Pourquoi i\u00b2=\u22121 et pourquoi on a cr\u00e9\u00e9 les NOMBRES COMPLEXES?<\/a><\/h4>\n\n\n\n<h4 class=\"wp-block-heading\"><a rel=\"noreferrer noopener\" href=\"https:\/\/www.youtube.com\/watch?v=2GwSUDm_Rg8&amp;t=63s\" target=\"_blank\">Les nombres complexes<\/a><\/h4>\n\n\n\n<h4 class=\"wp-block-heading\"><a rel=\"noreferrer noopener\" href=\"https:\/\/www.youtube.com\/watch?v=jTgdKoQv738\" target=\"_blank\">How quaternions produce 3D rotation | Animated Math<\/a><\/h4>\n\n\n\n<h4 class=\"wp-block-heading\"><a href=\"https:\/\/www.youtube.com\/watch?v=vMgl6qN0BHE&amp;t=1s\" target=\"_blank\" rel=\"noreferrer noopener\">HYPERCOMPLEXES &#8211; Quaternions &#8211; PostBac<\/a><\/h4>\n\n\n\n<h4 class=\"wp-block-heading\"><strong>** <\/strong><a rel=\"noreferrer noopener\" href=\"https:\/\/www.youtube.com\/watch?v=3BR8tK-LuB0\" target=\"_blank\">Fantastic Quaternions \u2013 Numberphile<\/a><\/h4>\n\n\n\n<h4 class=\"wp-block-heading\"><strong>* <\/strong><a rel=\"noreferrer noopener\" href=\"https:\/\/www.youtube.com\/watch?v=d4EgbgTm0Bg&amp;t=2s\" target=\"_blank\">Que sont les quaternions, et comment les visualiser ? Une histoire en quatre dimensions.<\/a><\/h4>\n\n\n\n<h4 class=\"wp-block-heading\">*<a rel=\"noreferrer noopener\" href=\"https:\/\/www.youtube.com\/watch?v=zjMuIxRvygQ&amp;t=11s\" target=\"_blank\">Quaternions and 3d rotation, explained interactively<\/a><\/h4>\n\n\n\n<h4 class=\"wp-block-heading\">*<a rel=\"noreferrer noopener\" aria-label=\"Visualizing quaternions (ouverture dans un nouvel onglet)\" href=\"https:\/\/eater.net\/quaternions\" target=\"_blank\">Visualizing quaternions<\/a><\/h4>\n\n\n\n<h4 class=\"wp-block-heading\"><a rel=\"noreferrer noopener\" href=\"https:\/\/www.cprogramming.com\/tutorial\/3d\/quaternions.html\" target=\"_blank\">Utiliser le Quaternion pour effectuer des rotations 3D<\/a><\/h4>\n\n\n\n<h4 class=\"wp-block-heading\"><a href=\"https:\/\/www.thepoorengineer.com\/en\/attitude-determination\/\" target=\"_blank\" rel=\"noreferrer noopener\" aria-label=\"ATTITUDE DETERMINATION WITH QUATERNION USING EXTENDED KALMAN FILTER (ouverture dans un nouvel onglet)\">ATTITUDE DETERMINATION WITH QUATERNION USING EXTENDED KALMAN FILTER<\/a><\/h4>\n\n\n\n<h4 class=\"wp-block-heading\"><a rel=\"noreferrer noopener\" aria-label=\"EXTENDED KALMAN FILTER IMPLEMENTATION (ouverture dans un nouvel onglet)\" href=\"https:\/\/www.thepoorengineer.com\/en\/ekf-impl\/\" target=\"_blank\">EXTENDED KALMAN FILTER IMPLEMENTATION<\/a><\/h4>\n\n\n\n<h4 class=\"wp-block-heading\"><a href=\"https:\/\/fr.wikipedia.org\/wiki\/Filtre_de_Kalman\" target=\"_blank\" rel=\"noreferrer noopener\">Filtre de Kalman<\/a><\/h4>\n\n\n\n<p>Le filtre de Kalman est un filtre \u00e0 r\u00e9ponse impulsionnelle infinie qui estime les \u00e9tats d\u2019un syst\u00e8me dynamique \u00e0 partir d\u2019une s\u00e9rie de mesures incompl\u00e8tes ou bruit\u00e9es<\/p>\n\n\n\n<p><\/p>\n","protected":false},"excerpt":{"rendered":"<p>Le th\u00e9or\u00e8me de Pythagore Trigonom\u00e9trie Les vecteurs et les matrices Les matrices Calcul diff\u00e9rentiel et int\u00e9gral R\u00e9seau de neurones Rotations en trois dimensions Premi\u00e8re partie: Les bases de la rotation en trois dimensions Rotations en trois dimensions: matrices de rotation 3D Troisi\u00e8me partie: Rotation 3D autour d\u2019un axe arbitraire Utilisation pratique des matrices de rotation [&hellip;]<\/p>\n","protected":false},"author":2,"featured_media":0,"parent":0,"menu_order":0,"comment_status":"closed","ping_status":"closed","template":"","meta":{"footnotes":""},"_links":{"self":[{"href":"https:\/\/espacerm.com\/webgen\/wp-json\/wp\/v2\/pages\/3911"}],"collection":[{"href":"https:\/\/espacerm.com\/webgen\/wp-json\/wp\/v2\/pages"}],"about":[{"href":"https:\/\/espacerm.com\/webgen\/wp-json\/wp\/v2\/types\/page"}],"author":[{"embeddable":true,"href":"https:\/\/espacerm.com\/webgen\/wp-json\/wp\/v2\/users\/2"}],"replies":[{"embeddable":true,"href":"https:\/\/espacerm.com\/webgen\/wp-json\/wp\/v2\/comments?post=3911"}],"version-history":[{"count":18,"href":"https:\/\/espacerm.com\/webgen\/wp-json\/wp\/v2\/pages\/3911\/revisions"}],"predecessor-version":[{"id":4338,"href":"https:\/\/espacerm.com\/webgen\/wp-json\/wp\/v2\/pages\/3911\/revisions\/4338"}],"wp:attachment":[{"href":"https:\/\/espacerm.com\/webgen\/wp-json\/wp\/v2\/media?parent=3911"}],"curies":[{"name":"wp","href":"https:\/\/api.w.org\/{rel}","templated":true}]}}