{"id":4111,"date":"2019-10-02T00:23:12","date_gmt":"2019-10-02T05:23:12","guid":{"rendered":"https:\/\/espacerm.com\/webgen\/?page_id=4111"},"modified":"2019-10-02T02:25:42","modified_gmt":"2019-10-02T07:25:42","slug":"ardupilot","status":"publish","type":"page","link":"https:\/\/espacerm.com\/webgen\/ardupilot\/","title":{"rendered":"ARDUPILOT"},"content":{"rendered":"\n<p> ArduPilot est une suite logicielle de pilotage automatique de v\u00e9hicules sans pilote open source capable de contr\u00f4ler de mani\u00e8re autonome : Drones, multirotors, A\u00e9ronefs \u00e0 voilure fixe et VTOL, H\u00e9licopt\u00e8res, Rovers, Bateaux, Sous-marins&#8230; <\/p>\n\n\n\n<h3 class=\"wp-block-heading\"><a href=\"http:\/\/ardupilot.org\/ardupilot\/index.html\" target=\"_blank\" rel=\"noreferrer noopener\" aria-label=\"Site web d'Ardupilot (ouverture dans un nouvel onglet)\">Site web d&rsquo;Ardupilot<\/a><\/h3>\n\n\n\n<figure class=\"wp-block-image size-large\"><img loading=\"lazy\" decoding=\"async\" width=\"980\" height=\"372\" src=\"https:\/\/espacerm.com\/webgen\/wp-content\/uploads\/2019\/10\/mission-planner-1.jpg\" alt=\"\" class=\"wp-image-4124\" srcset=\"https:\/\/espacerm.com\/webgen\/wp-content\/uploads\/2019\/10\/mission-planner-1.jpg 980w, https:\/\/espacerm.com\/webgen\/wp-content\/uploads\/2019\/10\/mission-planner-1-300x114.jpg 300w, https:\/\/espacerm.com\/webgen\/wp-content\/uploads\/2019\/10\/mission-planner-1-768x292.jpg 768w\" sizes=\"(max-width: 980px) 100vw, 980px\" \/><\/figure>\n\n\n\n<br><\/br>\n\n\n\n<h3 class=\"wp-block-heading\">Contr\u00f4leur<\/h3>\n\n\n\n<figure class=\"wp-block-image size-large\"><a href=\"https:\/\/espacerm.com\/webgen\/wp-content\/uploads\/2019\/10\/image.png\" target=\"_blank\" rel=\"noreferrer noopener\"><img loading=\"lazy\" decoding=\"async\" width=\"1024\" height=\"561\" src=\"https:\/\/espacerm.com\/webgen\/wp-content\/uploads\/2019\/10\/image-1024x561.png\" alt=\"\" class=\"wp-image-4112\" srcset=\"https:\/\/espacerm.com\/webgen\/wp-content\/uploads\/2019\/10\/image-1024x561.png 1024w, https:\/\/espacerm.com\/webgen\/wp-content\/uploads\/2019\/10\/image-300x164.png 300w, https:\/\/espacerm.com\/webgen\/wp-content\/uploads\/2019\/10\/image-768x421.png 768w, https:\/\/espacerm.com\/webgen\/wp-content\/uploads\/2019\/10\/image.png 1143w\" sizes=\"(max-width: 1024px) 100vw, 1024px\" \/><\/a><\/figure>\n\n\n\n<h2 class=\"wp-block-heading\">PixHawk<\/h2>\n\n\n\n<p><a rel=\"noreferrer noopener\" aria-label=\"&nbsp;(1\/5) PixHawk Video Series - Simple initial setup, config and calibration (ouverture dans un nouvel onglet)\" href=\"https:\/\/www.youtube.com\/watch?v=uH2iCRA9G7k\" target=\"_blank\">&nbsp;(1\/5) PixHawk Video Series &#8211; Simple initial setup, config and calibration<\/a><\/p>\n\n\n\n<p><a rel=\"noreferrer noopener\" aria-label=\"(2\/5) PixHawk Video Series \u2013 Power, installation, final checks and first hover (ouverture dans un nouvel onglet)\" href=\"https:\/\/www.youtube.com\/watch?v=CfQ-9MIHKkU&amp;list=PLYsWjANuAm4r4idFZY24pP6s1K6ABMU0p&amp;index=2\" target=\"_blank\">(2\/5) PixHawk Video Series \u2013 Power, installation, final checks and first hover<\/a><\/p>\n\n\n\n<p><a rel=\"noreferrer noopener\" aria-label=\"(3\/5) PixHawk Video Series \u2013 Tips for setting up your Taranis Radio (ouverture dans un nouvel onglet)\" href=\"https:\/\/www.youtube.com\/watch?v=agjHu-WhCJw&amp;list=PLYsWjANuAm4r4idFZY24pP6s1K6ABMU0p&amp;index=3\" target=\"_blank\">(3\/5) PixHawk Video Series \u2013 Tips for setting up your Taranis Radio<\/a><\/p>\n\n\n\n<p><a rel=\"noreferrer noopener\" aria-label=\"(4\/5) PixHawk Video Series \u2013 Introduction to flight modes (ouverture dans un nouvel onglet)\" href=\"https:\/\/www.youtube.com\/watch?v=PC2io5WPTzM&amp;list=PLYsWjANuAm4r4idFZY24pP6s1K6ABMU0p&amp;index=5\" target=\"_blank\">(4\/5) PixHawk Video Series \u2013 Introduction to flight modes<\/a><\/p>\n\n\n\n<p><a rel=\"noreferrer noopener\" aria-label=\"(5\/5) PixHawk Video Series \u2013 Common Power Options (BEC, Power Modules, ESCs and combos) (ouverture dans un nouvel onglet)\" href=\"https:\/\/www.youtube.com\/watch?v=DKK0jms402Q&amp;list=PLYsWjANuAm4r4idFZY24pP6s1K6ABMU0p&amp;index=6\" target=\"_blank\">(5\/5) PixHawk Video Series \u2013 Common Power Options (BEC, Power Modules, ESCs and combos)<\/a><\/p>\n\n\n\n<p><strong><a href=\"http:\/\/ardupilot.org\/rover\/docs\/common-telemetry-radio-regional-regulations.html\" target=\"_blank\" rel=\"noreferrer noopener\" aria-label=\"Telemetry Radio Regional Regulations (ouverture dans un nouvel onglet)\">Telemetry Radio Regional Regulations<\/a><\/strong><a href=\"http:\/\/ardupilot.org\/rover\/docs\/common-telemetry-radio-regional-regulations.html#telemetry-radio-regional-regulations\">\u00b6<\/a><\/p>\n\n\n\n<br><\/br>\n\n\n\n<h2 class=\"wp-block-heading\">APM<\/h2>\n\n\n\n<p><a rel=\"noreferrer noopener\" aria-label=\"Introduction to APM (ouverture dans un nouvel onglet)\" href=\"https:\/\/www.youtube.com\/playlist?list=PLYsWjANuAm4oswLMu9OU8yOm-9J6y30XW\" target=\"_blank\">Introduction to APM<\/a><\/p>\n\n\n\n<p><a href=\"https:\/\/www.youtube.com\/watch?v=Z-8vvT7zC5U&amp;list=PLrfG_Hi1Epg6v2YG3teLRJ2RPotwMHJV0&amp;index=2&amp;t=0s\" target=\"_blank\" rel=\"noreferrer noopener\" aria-label=\"Ardupilot APM 2.6 Wiring, MinumOSD, APM Telemetry Radio, Power Module - XUAV Mini Talon FPV Part 4 (ouverture dans un nouvel onglet)\">Ardupilot APM 2.6 Wiring, MinumOSD, APM Telemetry Radio, Power Module &#8211; XUAV Mini Talon FPV Part 4<\/a><\/p>\n\n\n\n<br><\/br>\n\n\n\n<h2 class=\"wp-block-heading\">Rover<\/h2>\n\n\n\n<p><a rel=\"noreferrer noopener\" aria-label=\"Rover Turn Rate Tuning (ouverture dans un nouvel onglet)\" href=\"https:\/\/www.youtube.com\/watch?v=9zOlvTsHY6k\" target=\"_blank\">Rover Turn Rate Tuning<\/a><\/p>\n\n\n\n<p><a href=\"https:\/\/www.youtube.com\/watch?v=mV9Dxp1PX-8\" target=\"_blank\" rel=\"noreferrer noopener\" aria-label=\"Rover Speed\/Throttle tuning (ouverture dans un nouvel onglet)\">Rover Speed\/Throttle tuning<\/a><\/p>\n\n\n\n<p><a href=\"https:\/\/www.youtube.com\/watch?v=0AEW1TvaviY\" target=\"_blank\" rel=\"noreferrer noopener\" aria-label=\"Rover Object Avoidance with Forward Facing Lidar (ouverture dans un nouvel onglet)\">Rover Object Avoidance with Forward Facing Lidar<\/a><\/p>\n","protected":false},"excerpt":{"rendered":"<p>ArduPilot est une suite logicielle de pilotage automatique de v\u00e9hicules sans pilote open source capable de contr\u00f4ler de mani\u00e8re autonome : Drones, multirotors, A\u00e9ronefs \u00e0 voilure fixe et VTOL, H\u00e9licopt\u00e8res, Rovers, Bateaux, Sous-marins&#8230; Site web d&rsquo;Ardupilot Contr\u00f4leur PixHawk &nbsp;(1\/5) PixHawk Video Series &#8211; Simple initial setup, config and calibration (2\/5) PixHawk Video Series \u2013 Power, [&hellip;]<\/p>\n","protected":false},"author":2,"featured_media":0,"parent":0,"menu_order":0,"comment_status":"closed","ping_status":"closed","template":"","meta":{"footnotes":""},"_links":{"self":[{"href":"https:\/\/espacerm.com\/webgen\/wp-json\/wp\/v2\/pages\/4111"}],"collection":[{"href":"https:\/\/espacerm.com\/webgen\/wp-json\/wp\/v2\/pages"}],"about":[{"href":"https:\/\/espacerm.com\/webgen\/wp-json\/wp\/v2\/types\/page"}],"author":[{"embeddable":true,"href":"https:\/\/espacerm.com\/webgen\/wp-json\/wp\/v2\/users\/2"}],"replies":[{"embeddable":true,"href":"https:\/\/espacerm.com\/webgen\/wp-json\/wp\/v2\/comments?post=4111"}],"version-history":[{"count":19,"href":"https:\/\/espacerm.com\/webgen\/wp-json\/wp\/v2\/pages\/4111\/revisions"}],"predecessor-version":[{"id":4135,"href":"https:\/\/espacerm.com\/webgen\/wp-json\/wp\/v2\/pages\/4111\/revisions\/4135"}],"wp:attachment":[{"href":"https:\/\/espacerm.com\/webgen\/wp-json\/wp\/v2\/media?parent=4111"}],"curies":[{"name":"wp","href":"https:\/\/api.w.org\/{rel}","templated":true}]}}