{"id":4320,"date":"2021-07-09T19:54:47","date_gmt":"2021-07-10T00:54:47","guid":{"rendered":"https:\/\/espacerm.com\/webgen\/?page_id=4320"},"modified":"2021-07-10T01:45:15","modified_gmt":"2021-07-10T06:45:15","slug":"rtk","status":"publish","type":"page","link":"https:\/\/espacerm.com\/webgen\/rtk\/","title":{"rendered":"RTK"},"content":{"rendered":"\n<h2 class=\"wp-block-heading\">Syst\u00e8me de rep\u00e9rage de pr\u00e9cision avec GPS et circuit RTK<\/h2>\n\n\n\n<h3 class=\"wp-block-heading\">* <a rel=\"noreferrer noopener\" href=\"https:\/\/www.youtube.com\/watch?v=17fS9YZC84I&amp;t=325s\" target=\"_blank\">How to NavSpark RTK GPS setup (NS-HP) and test with Pixhawk<\/a><\/h3>\n\n\n\n<h3 class=\"wp-block-heading\"><a rel=\"noreferrer noopener\" href=\"https:\/\/wikifab.org\/wiki\/Faucheuse_guid%C3%A9e_par_GPS_RTK\" target=\"_blank\">Exemple d&rsquo;application 1: Faucheuse guid\u00e9e par GPS RTK<\/a><\/h3>\n\n\n\n<h3 class=\"wp-block-heading\"><a href=\"http:\/\/navspark.mybigcommerce.com\/ns-hp-gn2-px1122r-multi-band-quad-gnss-rtk-breakout-board\/\" target=\"_blank\" rel=\"noreferrer noopener\">NS-HP-GN2 : PX1122R MULTI-BAND QUAD-GNSS RTK BREAKOUT BOARD<\/a><\/h3>\n\n\n\n<h3 class=\"wp-block-heading\"><a href=\"https:\/\/www.youtube.com\/watch?v=rn6lRGGv25U&amp;t=1453s\" target=\"_blank\" rel=\"noreferrer noopener\">GNSS RTK Overview Workshop<\/a><\/h3>\n\n\n\n<h4 class=\"wp-block-heading\"><a rel=\"noreferrer noopener\" href=\"https:\/\/learn.sparkfun.com\/tutorials\/what-is-gps-rtk\/all\" target=\"_blank\">What is GPS RTK?<\/a>&nbsp;(Pour une pr\u00e9cision au centim\u00e8tre )<\/h4>\n\n\n\n<h4 class=\"wp-block-heading\"><a href=\"https:\/\/learn.sparkfun.com\/tutorials\/gps-rtk2-hookup-guide\" target=\"_blank\" rel=\"noreferrer noopener\">GPS-RTK2 Hookup Guide<\/a><\/h4>\n\n\n\n<p><strong><a href=\"http:\/\/grauonline.de\/cms2\/?page_id=153\" target=\"_blank\" rel=\"noreferrer noopener\">Autonomous robotic lawn mower with cm-precise mowing<\/a><\/strong><\/p>\n\n\n\n<p><a href=\"https:\/\/www.rncan.gc.ca\/sites\/www.nrcan.gc.ca\/files\/earthsciences\/pdf\/Canada%20RTK_UserGuide_v1_2-FR.pdf\" target=\"_blank\" rel=\"noreferrer noopener\">Lignes directrices concernant les lev\u00e9s GNSS en mode RTK\/RTN au Canada<\/a><\/p>\n","protected":false},"excerpt":{"rendered":"<p>Syst\u00e8me de rep\u00e9rage de pr\u00e9cision avec GPS et circuit RTK * How to NavSpark RTK GPS setup (NS-HP) and test with Pixhawk Exemple d&rsquo;application 1: Faucheuse guid\u00e9e par GPS RTK NS-HP-GN2 : PX1122R MULTI-BAND QUAD-GNSS RTK BREAKOUT BOARD GNSS RTK Overview Workshop What is GPS RTK?&nbsp;(Pour une pr\u00e9cision au centim\u00e8tre ) GPS-RTK2 Hookup Guide Autonomous [&hellip;]<\/p>\n","protected":false},"author":2,"featured_media":0,"parent":0,"menu_order":0,"comment_status":"closed","ping_status":"closed","template":"","meta":{"footnotes":""},"_links":{"self":[{"href":"https:\/\/espacerm.com\/webgen\/wp-json\/wp\/v2\/pages\/4320"}],"collection":[{"href":"https:\/\/espacerm.com\/webgen\/wp-json\/wp\/v2\/pages"}],"about":[{"href":"https:\/\/espacerm.com\/webgen\/wp-json\/wp\/v2\/types\/page"}],"author":[{"embeddable":true,"href":"https:\/\/espacerm.com\/webgen\/wp-json\/wp\/v2\/users\/2"}],"replies":[{"embeddable":true,"href":"https:\/\/espacerm.com\/webgen\/wp-json\/wp\/v2\/comments?post=4320"}],"version-history":[{"count":7,"href":"https:\/\/espacerm.com\/webgen\/wp-json\/wp\/v2\/pages\/4320\/revisions"}],"predecessor-version":[{"id":4330,"href":"https:\/\/espacerm.com\/webgen\/wp-json\/wp\/v2\/pages\/4320\/revisions\/4330"}],"wp:attachment":[{"href":"https:\/\/espacerm.com\/webgen\/wp-json\/wp\/v2\/media?parent=4320"}],"curies":[{"name":"wp","href":"https:\/\/api.w.org\/{rel}","templated":true}]}}