{"id":4745,"date":"2022-06-23T16:32:56","date_gmt":"2022-06-23T21:32:56","guid":{"rendered":"https:\/\/espacerm.com\/webgen\/?page_id=4745"},"modified":"2023-12-22T19:02:31","modified_gmt":"2023-12-23T00:02:31","slug":"fr-board-version-81-details","status":"publish","type":"page","link":"https:\/\/espacerm.com\/webgen\/fr-board-version-81-details\/","title":{"rendered":"La plaquette multifonctionnelle version 8,1 pour le ESP32 DEVKIT V1"},"content":{"rendered":"\n<p>La carte \u00ab<a href=\"https:\/\/www.pcbway.com\/project\/shareproject\/ESP32_DEVKIT_V1_DOIT_Expansion_shield.html?fbclid=IwAR29K1V-tU9nnLwwxz1P_D5GeSwvf6X0C9N5PcE9yuwMWcwtVj4wdAnuZoA\" target=\"_blank\" rel=\"noreferrer noopener\"> ESP32 DEVKIT V1 DOIT Expansion shield<\/a> \u00bb est une carte multifonctionnelle pour monter des applications avec le ESP 32 DEVKIT V1 DOIT. La carte n\u2019est pas d\u00e9di\u00e9e exclusivement \u00e0 une fonction, c\u2019est l\u2019utilisateur qui va d\u00e9terminer les pi\u00e8ces et le montage selon son besoin sp\u00e9cifique.<\/p>\n\n\n\n<figure class=\"wp-block-image size-large\"><img loading=\"lazy\" decoding=\"async\" width=\"1024\" height=\"655\" src=\"https:\/\/espacerm.com\/webgen\/wp-content\/uploads\/2022\/06\/DSC_7133-1024x655.jpg\" alt=\"\" class=\"wp-image-4746\" srcset=\"https:\/\/espacerm.com\/webgen\/wp-content\/uploads\/2022\/06\/DSC_7133-1024x655.jpg 1024w, https:\/\/espacerm.com\/webgen\/wp-content\/uploads\/2022\/06\/DSC_7133-300x192.jpg 300w, https:\/\/espacerm.com\/webgen\/wp-content\/uploads\/2022\/06\/DSC_7133-768x491.jpg 768w, https:\/\/espacerm.com\/webgen\/wp-content\/uploads\/2022\/06\/DSC_7133-1536x983.jpg 1536w, https:\/\/espacerm.com\/webgen\/wp-content\/uploads\/2022\/06\/DSC_7133.jpg 1563w\" sizes=\"(max-width: 1024px) 100vw, 1024px\" \/><\/figure>\n\n\n\n<div style=\"height:100px\" aria-hidden=\"true\" class=\"wp-block-spacer\"><\/div>\n\n\n\n<p>La premi\u00e8re \u00e9tape est de d\u00e9cider le voltage d&rsquo;alimentation \u00e0 l&rsquo;entr\u00e9e de la carte. Plusieurs composantes et capteurs utilisent le <strong>5 volts<\/strong>, alors c&rsquo;est un bon choix d&rsquo;alimenter la carte en 5 volts, lequel sera redistribu\u00e9 par celle-ci.<\/p>\n\n\n\n<figure class=\"wp-block-image size-large\"><img loading=\"lazy\" decoding=\"async\" width=\"1024\" height=\"661\" src=\"https:\/\/espacerm.com\/webgen\/wp-content\/uploads\/2022\/06\/ci_8_1-5-Volts-ESP32-30-pins-1024x661.jpg\" alt=\"\" class=\"wp-image-4747\" srcset=\"https:\/\/espacerm.com\/webgen\/wp-content\/uploads\/2022\/06\/ci_8_1-5-Volts-ESP32-30-pins-1024x661.jpg 1024w, https:\/\/espacerm.com\/webgen\/wp-content\/uploads\/2022\/06\/ci_8_1-5-Volts-ESP32-30-pins-300x194.jpg 300w, https:\/\/espacerm.com\/webgen\/wp-content\/uploads\/2022\/06\/ci_8_1-5-Volts-ESP32-30-pins-768x496.jpg 768w, https:\/\/espacerm.com\/webgen\/wp-content\/uploads\/2022\/06\/ci_8_1-5-Volts-ESP32-30-pins.jpg 1338w\" sizes=\"(max-width: 1024px) 100vw, 1024px\" \/><\/figure>\n\n\n\n<p>L&rsquo;alimentation 5 volts se relie sur l&rsquo;entr\u00e9e T1. Quatre cavaliers, indiqu\u00e9s en bleu, sont ajout\u00e9s pour distribuer le 5 volts au ESP32 et \u00e0 la ligne + J6.<\/p>\n\n\n\n<div style=\"height:100px\" aria-hidden=\"true\" class=\"wp-block-spacer\"><\/div>\n\n\n\n<p>Un bornier \u00e0 vis est soud\u00e9 \u00e0 la position T1, ainsi qu&rsquo;un condensateur 10 \u00b5f 35 V \u00e0 la position C2.<\/p>\n\n\n\n<figure class=\"wp-block-image size-large\"><img loading=\"lazy\" decoding=\"async\" width=\"1024\" height=\"651\" src=\"https:\/\/espacerm.com\/webgen\/wp-content\/uploads\/2022\/06\/DSC_7139-1024x651.jpg\" alt=\"\" class=\"wp-image-4748\" srcset=\"https:\/\/espacerm.com\/webgen\/wp-content\/uploads\/2022\/06\/DSC_7139-1024x651.jpg 1024w, https:\/\/espacerm.com\/webgen\/wp-content\/uploads\/2022\/06\/DSC_7139-300x191.jpg 300w, https:\/\/espacerm.com\/webgen\/wp-content\/uploads\/2022\/06\/DSC_7139-768x488.jpg 768w, https:\/\/espacerm.com\/webgen\/wp-content\/uploads\/2022\/06\/DSC_7139-1536x976.jpg 1536w, https:\/\/espacerm.com\/webgen\/wp-content\/uploads\/2022\/06\/DSC_7139.jpg 1573w\" sizes=\"(max-width: 1024px) 100vw, 1024px\" \/><\/figure>\n\n\n\n<p>Dans la plaque ci-dessus 3 cavaliers sont soud\u00e9s en pr\u00e9vision de l&#8217;emploi d&rsquo;un ESP32 30 broches. Pour le ESP32 36 broches, \u00e9videment, c&rsquo;est trois cavaliers ne sont pas requis.<\/p>\n\n\n\n<figure class=\"wp-block-image size-large\"><img loading=\"lazy\" decoding=\"async\" width=\"1024\" height=\"661\" src=\"https:\/\/espacerm.com\/webgen\/wp-content\/uploads\/2022\/06\/ci_8_1-5-Volts-ESP32-30-pins-1-1024x661.jpg\" alt=\"\" class=\"wp-image-4749\" srcset=\"https:\/\/espacerm.com\/webgen\/wp-content\/uploads\/2022\/06\/ci_8_1-5-Volts-ESP32-30-pins-1-1024x661.jpg 1024w, https:\/\/espacerm.com\/webgen\/wp-content\/uploads\/2022\/06\/ci_8_1-5-Volts-ESP32-30-pins-1-300x194.jpg 300w, https:\/\/espacerm.com\/webgen\/wp-content\/uploads\/2022\/06\/ci_8_1-5-Volts-ESP32-30-pins-1-768x496.jpg 768w, https:\/\/espacerm.com\/webgen\/wp-content\/uploads\/2022\/06\/ci_8_1-5-Volts-ESP32-30-pins-1.jpg 1338w\" sizes=\"(max-width: 1024px) 100vw, 1024px\" \/><\/figure>\n\n\n\n<div style=\"height:100px\" aria-hidden=\"true\" class=\"wp-block-spacer\"><\/div>\n\n\n\n<p>Personnellement, je ne soude pas le ESP32 directement sur la plaque, j&rsquo;installe des connecteurs femelles \u00abSIL Socket Row Strip PCB\u00bb pour recevoir le ESP32.<\/p>\n\n\n\n<figure class=\"wp-block-image size-large\"><img loading=\"lazy\" decoding=\"async\" width=\"1024\" height=\"903\" src=\"https:\/\/espacerm.com\/webgen\/wp-content\/uploads\/2022\/06\/20220624_122358-Modifier-1024x903.jpg\" alt=\"\" class=\"wp-image-4839\" srcset=\"https:\/\/espacerm.com\/webgen\/wp-content\/uploads\/2022\/06\/20220624_122358-Modifier-1024x903.jpg 1024w, https:\/\/espacerm.com\/webgen\/wp-content\/uploads\/2022\/06\/20220624_122358-Modifier-300x265.jpg 300w, https:\/\/espacerm.com\/webgen\/wp-content\/uploads\/2022\/06\/20220624_122358-Modifier-768x677.jpg 768w, https:\/\/espacerm.com\/webgen\/wp-content\/uploads\/2022\/06\/20220624_122358-Modifier.jpg 1134w\" sizes=\"(max-width: 1024px) 100vw, 1024px\" \/><\/figure>\n\n\n\n<p>Pour les liens externes, j&rsquo;installe des connecteurs m\u00e2les \u00abSIL Socket Row Strip PCB\u00bb.<\/p>\n\n\n\n<div style=\"height:23px\" aria-hidden=\"true\" class=\"wp-block-spacer\"><\/div>\n\n\n\n<hr class=\"wp-block-separator has-alpha-channel-opacity\"\/>\n\n\n\n<p><a href=\"https:\/\/espacerm.com\/webgen\/fr-dht11-dht22-esp32\/\" target=\"_blank\" rel=\"noreferrer noopener\">Exemple de montage avec un capteur de temp\u00e9rature et d&rsquo;humidit\u00e9 DHT22<\/a><\/p>\n\n\n\n<p><\/p>\n\n\n\n<figure class=\"wp-block-image size-large\"><img loading=\"lazy\" decoding=\"async\" width=\"1024\" height=\"757\" src=\"https:\/\/espacerm.com\/webgen\/wp-content\/uploads\/2022\/06\/20220624_122718b-1024x757.jpg\" alt=\"\" class=\"wp-image-4836\" srcset=\"https:\/\/espacerm.com\/webgen\/wp-content\/uploads\/2022\/06\/20220624_122718b-1024x757.jpg 1024w, https:\/\/espacerm.com\/webgen\/wp-content\/uploads\/2022\/06\/20220624_122718b-300x222.jpg 300w, https:\/\/espacerm.com\/webgen\/wp-content\/uploads\/2022\/06\/20220624_122718b-768x568.jpg 768w, https:\/\/espacerm.com\/webgen\/wp-content\/uploads\/2022\/06\/20220624_122718b.jpg 1352w\" sizes=\"(max-width: 1024px) 100vw, 1024px\" \/><\/figure>\n\n\n\n<div style=\"height:100px\" aria-hidden=\"true\" class=\"wp-block-spacer\"><\/div>\n\n\n\n<p>Syst\u00e8me d&rsquo;arrosage automatique et manuel<\/p>\n\n\n\n<figure class=\"wp-block-image size-large\"><img loading=\"lazy\" decoding=\"async\" width=\"1024\" height=\"909\" src=\"https:\/\/espacerm.com\/webgen\/wp-content\/uploads\/2023\/12\/20230711_174133b-1024x909.jpg\" alt=\"\" class=\"wp-image-5019\" srcset=\"https:\/\/espacerm.com\/webgen\/wp-content\/uploads\/2023\/12\/20230711_174133b-1024x909.jpg 1024w, https:\/\/espacerm.com\/webgen\/wp-content\/uploads\/2023\/12\/20230711_174133b-300x266.jpg 300w, https:\/\/espacerm.com\/webgen\/wp-content\/uploads\/2023\/12\/20230711_174133b-768x681.jpg 768w, https:\/\/espacerm.com\/webgen\/wp-content\/uploads\/2023\/12\/20230711_174133b-1536x1363.jpg 1536w, https:\/\/espacerm.com\/webgen\/wp-content\/uploads\/2023\/12\/20230711_174133b-2048x1817.jpg 2048w\" sizes=\"(max-width: 1024px) 100vw, 1024px\" \/><\/figure>\n\n\n\n<figure class=\"wp-block-image size-full\"><img loading=\"lazy\" decoding=\"async\" width=\"2560\" height=\"1247\" src=\"https:\/\/espacerm.com\/webgen\/wp-content\/uploads\/2023\/12\/systeme-irrigation-02_bb-scaled.jpg\" alt=\"\" class=\"wp-image-5022\" srcset=\"https:\/\/espacerm.com\/webgen\/wp-content\/uploads\/2023\/12\/systeme-irrigation-02_bb-scaled.jpg 2560w, https:\/\/espacerm.com\/webgen\/wp-content\/uploads\/2023\/12\/systeme-irrigation-02_bb-300x146.jpg 300w, https:\/\/espacerm.com\/webgen\/wp-content\/uploads\/2023\/12\/systeme-irrigation-02_bb-1024x499.jpg 1024w, https:\/\/espacerm.com\/webgen\/wp-content\/uploads\/2023\/12\/systeme-irrigation-02_bb-768x374.jpg 768w, https:\/\/espacerm.com\/webgen\/wp-content\/uploads\/2023\/12\/systeme-irrigation-02_bb-1536x748.jpg 1536w, https:\/\/espacerm.com\/webgen\/wp-content\/uploads\/2023\/12\/systeme-irrigation-02_bb-2048x998.jpg 2048w\" sizes=\"(max-width: 2560px) 100vw, 2560px\" \/><\/figure>\n","protected":false},"excerpt":{"rendered":"<p>La carte \u00ab ESP32 DEVKIT V1 DOIT Expansion shield \u00bb est une carte multifonctionnelle pour monter des applications avec le ESP 32 DEVKIT V1 DOIT. La carte n\u2019est pas d\u00e9di\u00e9e exclusivement \u00e0 une fonction, c\u2019est l\u2019utilisateur qui va d\u00e9terminer les pi\u00e8ces et le montage selon son besoin sp\u00e9cifique. La premi\u00e8re \u00e9tape est de d\u00e9cider le [&hellip;]<\/p>\n","protected":false},"author":2,"featured_media":0,"parent":0,"menu_order":0,"comment_status":"closed","ping_status":"closed","template":"","meta":{"footnotes":""},"_links":{"self":[{"href":"https:\/\/espacerm.com\/webgen\/wp-json\/wp\/v2\/pages\/4745"}],"collection":[{"href":"https:\/\/espacerm.com\/webgen\/wp-json\/wp\/v2\/pages"}],"about":[{"href":"https:\/\/espacerm.com\/webgen\/wp-json\/wp\/v2\/types\/page"}],"author":[{"embeddable":true,"href":"https:\/\/espacerm.com\/webgen\/wp-json\/wp\/v2\/users\/2"}],"replies":[{"embeddable":true,"href":"https:\/\/espacerm.com\/webgen\/wp-json\/wp\/v2\/comments?post=4745"}],"version-history":[{"count":16,"href":"https:\/\/espacerm.com\/webgen\/wp-json\/wp\/v2\/pages\/4745\/revisions"}],"predecessor-version":[{"id":5023,"href":"https:\/\/espacerm.com\/webgen\/wp-json\/wp\/v2\/pages\/4745\/revisions\/5023"}],"wp:attachment":[{"href":"https:\/\/espacerm.com\/webgen\/wp-json\/wp\/v2\/media?parent=4745"}],"curies":[{"name":"wp","href":"https:\/\/api.w.org\/{rel}","templated":true}]}}