{"id":4898,"date":"2023-01-02T20:08:14","date_gmt":"2023-01-03T01:08:14","guid":{"rendered":"https:\/\/espacerm.com\/webgen\/?page_id=4898"},"modified":"2023-01-02T22:29:39","modified_gmt":"2023-01-03T03:29:39","slug":"cours-d-electronique","status":"publish","type":"page","link":"https:\/\/espacerm.com\/webgen\/cours-d-electronique\/","title":{"rendered":"Cours d&rsquo;\u00e9lectronique"},"content":{"rendered":"\n<h2 class=\"wp-block-heading\">Formation de base<\/h2>\n\n\n\n<p><a href=\"https:\/\/www.youtube.com\/watch?v=LAReDwzwXtQ\" target=\"_blank\" rel=\"noreferrer noopener\">Le Courant \u00c9lectrique Expliqu\u00e9<\/a><\/p>\n\n\n\n<p><a href=\"https:\/\/www.youtube.com\/watch?v=imCJI3UUvO8&amp;list=UULFpVHVdo-eYw_H_-rEXWlsZw&amp;index=37&amp;t=575s\" target=\"_blank\" rel=\"noreferrer noopener\">La Tension expliqu\u00e9e<\/a><\/p>\n\n\n\n<p><a href=\"https:\/\/www.youtube.com\/watch?v=uDP-eph3Vzc&amp;list=UULFpVHVdo-eYw_H_-rEXWlsZw&amp;index=28\" target=\"_blank\" rel=\"noreferrer noopener\">La Loi d\u2019Ohm<\/a><\/p>\n\n\n\n<p><a rel=\"noreferrer noopener\" href=\"https:\/\/www.youtube.com\/watch?v=2tcWRUIt8FA&amp;list=UULFpVHVdo-eYw_H_-rEXWlsZw&amp;index=56&amp;t=11s\" target=\"_blank\">Les Circuits S\u00e9rie CC Expliqu\u00e9s circuits cc<\/a><\/p>\n\n\n\n<h4 class=\"wp-block-heading\">Le condensateur<\/h4>\n\n\n\n<ul><li><a rel=\"noreferrer noopener\" href=\"https:\/\/www.youtube.com\/watch?v=MUrG2sFIjYo&amp;list=UULFpVHVdo-eYw_H_-rEXWlsZw&amp;index=67\" target=\"_blank\">C&rsquo;est Quoi Un Condensateur? &#8211; condensateurs<\/a><\/li><\/ul>\n\n\n\n<ul><li><a rel=\"noreferrer noopener\" href=\"https:\/\/www.youtube.com\/watch?v=Eo-rJEtCKEc\" target=\"_blank\">Condensateur et capacit\u00e9<\/a><\/li><\/ul>\n\n\n\n<ul><li><a rel=\"noreferrer noopener\" href=\"https:\/\/www.youtube.com\/watch?v=C-nHbGAcPCQ\" target=\"_blank\">#VT08- Le condensateur<\/a><\/li><\/ul>\n\n\n\n<ul><li><a rel=\"noreferrer noopener\" href=\"https:\/\/www.youtube.com\/watch?v=UaS66RBS2oY&amp;t=282s\" target=\"_blank\">Cours 6 &#8211; Les condensateurs<\/a><ul><li><strong>\u00c0 retenir <\/strong>: charge du condensateur, 63% du voltage apr\u00e8s 1 T soit T=R*C, 99 % du voltage apr\u00e8s 5T soit T=5.R.C ceci si le voltage aux bornes du condensateur est nul au d\u00e9part<ul><li>ex.: Pour un circuit RC ayant R=10 kohm et C=100 microfarad et aliment\u00e9 en 10 volts, <ul><li>T= 10*10E3*100*10E-6 = 1 seconde<\/li><li>Le voltage aux bornes du condensateur est 6,3 V apr\u00e8s 1 seconde et 9,9 V apr\u00e8s 5 secondes<\/li><\/ul><\/li><\/ul><\/li><\/ul><\/li><\/ul>\n\n\n\n<ul><li><a rel=\"noreferrer noopener\" href=\"https:\/\/www.youtube.com\/watch?v=zV4pOe7g260\" target=\"_blank\">Circuit RC: charge et d\u00e9charge du condensateur<\/a><ul><li><strong>\u00c0 retenir le r\u00e9sum\u00e9 \u00e0 partir de la 38 i\u00e8me minute <\/strong>: <ul><li>Charge du condensateur <ul><li>Voltage aux bornes du condensateur nul au d\u00e9part en augmentant exponentiellement vers un maximum apr\u00e8s 5 T (T=R.C)<\/li><li>Courant maximum au d\u00e9part en diminuant exponentiellement vers 0 apr\u00e8s 5 T <\/li><\/ul><\/li><li>D\u00e9charge du condensateur<ul><li>Voltage maximum au d\u00e9part en diminuant exponentiellement vers 0 apr\u00e8s 5 T<\/li><li>Courant, sens inverse, maximum au d\u00e9part en diminuant exponentiellement vers 0 apr\u00e8s 5 T   <\/li><\/ul><\/li><\/ul><\/li><\/ul><\/li><\/ul>\n\n\n\n<h4 class=\"wp-block-heading\">Les diodes<\/h4>\n\n\n\n<ul><li><a rel=\"noreferrer noopener\" href=\"https:\/\/www.youtube.com\/watch?v=hmsbOZJKOV0&amp;list=UULFpVHVdo-eYw_H_-rEXWlsZw&amp;index=66\" target=\"_blank\">Les Diodes Expliqu\u00e9es<\/a><\/li><\/ul>\n\n\n\n<h4 class=\"wp-block-heading\">Les DELS ( LEDS)<\/h4>\n\n\n\n<ul><li><a rel=\"noreferrer noopener\" href=\"https:\/\/www.youtube.com\/watch?v=KisvhUznSLc&amp;list=UULFpVHVdo-eYw_H_-rEXWlsZw&amp;index=41&amp;t=633s\" target=\"_blank\">Conception de Circuits \u00e0 LED &#8211; Comment Concevoir des Circuits \u00e0 LED ?<\/a><\/li><\/ul>\n\n\n\n<ul><li><a rel=\"noreferrer noopener\" href=\"https:\/\/www.youtube.com\/watch?v=BGXj46xx9AQ&amp;list=UULFpVHVdo-eYw_H_-rEXWlsZw&amp;index=33\" target=\"_blank\">Conception de circuits multi-LED &#8211; Circuits parall\u00e8les LED<\/a><\/li><\/ul>\n\n\n\n<ul><li><a rel=\"noreferrer noopener\" href=\"https:\/\/www.youtube.com\/watch?v=bm1FiMclNak&amp;list=UULFpVHVdo-eYw_H_-rEXWlsZw&amp;index=39\" target=\"_blank\">Comment fonctionnent les optocoupleurs<\/a><\/li><\/ul>\n\n\n\n<h4 class=\"wp-block-heading\">Les sol\u00e9no\u00efdes<\/h4>\n\n\n\n<ul><li><a rel=\"noreferrer noopener\" href=\"https:\/\/www.youtube.com\/watch?v=0seLdss_Nm4&amp;list=UULFpVHVdo-eYw_H_-rEXWlsZw&amp;index=43\" target=\"_blank\">Les Bases des Sol\u00e9no\u00efdes Expliqu\u00e9es- Principe de Fonctionnement<\/a><\/li><\/ul>\n\n\n\n<ul><li><a rel=\"noreferrer noopener\" href=\"https:\/\/www.youtube.com\/watch?v=xq0uhretnaU&amp;list=UULFpVHVdo-eYw_H_-rEXWlsZw&amp;index=61\" target=\"_blank\">Comment Fonctionnent les Relais &#8211; \u00e9lectricien amp<\/a><\/li><\/ul>\n\n\n\n<ul><li><a href=\"https:\/\/www.youtube.com\/watch?v=sbJhaDjLHcY&amp;t=515s\" target=\"_blank\" rel=\"noreferrer noopener\">EB #250 Mini-Plaquette &#8211; Relais (x4) contr\u00f4l\u00e9s par logique<\/a><\/li><\/ul>\n\n\n\n<ul><li><a rel=\"noreferrer noopener\" href=\"https:\/\/www.youtube.com\/watch?v=IA7AUdEe77U&amp;list=UULFpVHVdo-eYw_H_-rEXWlsZw&amp;index=43&amp;t=12s\" target=\"_blank\">Comment fonctionnent les \u00e9lectrovannes<\/a><\/li><\/ul>\n\n\n\n<ul><li><a rel=\"noreferrer noopener\" href=\"https:\/\/www.youtube.com\/watch?v=16TAJREID_0\" target=\"_blank\">Les Inducteurs Expliqu\u00e9s<\/a><\/li><\/ul>\n\n\n\n<ul><li><a rel=\"noreferrer noopener\" href=\"https:\/\/www.youtube.com\/watch?v=eBIVzRNZXb0&amp;list=UULFpVHVdo-eYw_H_-rEXWlsZw&amp;index=17\" target=\"_blank\">Les Transformateurs \u00c9lectriques Expliqu\u00e9s<\/a><\/li><\/ul>\n\n\n\n<h4 class=\"wp-block-heading\">Les transistors<\/h4>\n\n\n\n<ul><li><a rel=\"noreferrer noopener\" href=\"https:\/\/www.youtube.com\/watch?v=Ey1nnEoADcg&amp;list=UULFpVHVdo-eYw_H_-rEXWlsZw&amp;index=47&amp;t=215s\" target=\"_blank\">Les Transistors Expliqu\u00e9s &#8211; Comment Fonctionnent Les Transistors<\/a><\/li><\/ul>\n\n\n\n<ul><li><a rel=\"noreferrer noopener\" href=\"https:\/\/www.youtube.com\/watch?v=KdRVZs5Ypgo&amp;list=UULFpVHVdo-eYw_H_-rEXWlsZw&amp;index=32\" target=\"_blank\">Transistors NPN et PNP<\/a><\/li><\/ul>\n\n\n\n<ul><li><a rel=\"noreferrer noopener\" href=\"https:\/\/www.youtube.com\/watch?v=Jn4TlMCZohM\" target=\"_blank\">Electronique LE transistor MOSFET comment le tester et Lire LE DATASHEET IRFZ44N Transistor tester<\/a><\/li><\/ul>\n\n\n\n<ul><li><a rel=\"noreferrer noopener\" href=\"https:\/\/www.youtube.com\/watch?v=086UFRiwdyQ&amp;list=PL-L0afKaEGj0_45FqJYWkFlp4w2bYMvmv&amp;index=7&amp;t=57s\" target=\"_blank\">MOSFET &#8211; Interrupteur avec E-MOSFET \u00e0 canal N<\/a><\/li><\/ul>\n\n\n\n<ul><li><a href=\"https:\/\/www.youtube.com\/watch?v=eRASAbmVz-k&amp;list=PL-L0afKaEGj0_45FqJYWkFlp4w2bYMvmv&amp;index=8\" target=\"_blank\" rel=\"noreferrer noopener\">MOSFET canal P en interrupteur<\/a><\/li><\/ul>\n\n\n\n<h4 class=\"wp-block-heading\">Applications<\/h4>\n\n\n\n<p><a rel=\"noreferrer noopener\" href=\"https:\/\/www.youtube.com\/watch?v=8zBnETQSz-M&amp;list=UULFpVHVdo-eYw_H_-rEXWlsZw&amp;index=28\" target=\"_blank\">Transistor, circuit de condensateur<\/a><\/p>\n\n\n\n<p><a href=\"https:\/\/www.youtube.com\/watch?v=ySKMoc2WM48&amp;list=UULFpVHVdo-eYw_H_-rEXWlsZw&amp;index=42\" target=\"_blank\" rel=\"noreferrer noopener\">Pont de Diodes + Filtres \u00e0 Condensateurs + Redresseur Demi-Onde<\/a><\/p>\n\n\n\n<p><a href=\"https:\/\/www.youtube.com\/watch?v=ZHtgLiMge8w&amp;list=UULFpVHVdo-eYw_H_-rEXWlsZw&amp;index=31\" target=\"_blank\" rel=\"noreferrer noopener\">Pont Redresseur Complet &#8211; Comment Convertir l&rsquo;\u00e9lectronique de Puissance AC en DC<\/a><\/p>\n\n\n\n<p><a href=\"https:\/\/www.youtube.com\/watch?v=-UIchHdTxV0&amp;list=UULFpVHVdo-eYw_H_-rEXWlsZw&amp;index=48\" target=\"_blank\" rel=\"noreferrer noopener\">Tutoriel sur la conception des r\u00e9gulateurs 5V &#8211; Comment \u00e7a marche, comment concevoir un PCB Altium<\/a><\/p>\n\n\n\n<p><a href=\"https:\/\/www.youtube.com\/watch?v=Q_sNUgXhO5g&amp;t=3s\" target=\"_blank\" rel=\"noreferrer noopener\">EB #222 Mini-Plaquette &#8211; Alimentation \u00e0 D\u00e9coupage CC-CC Boost<\/a><\/p>\n\n\n\n<p><a href=\"https:\/\/www.youtube.com\/watch?v=QGy9XrDDkV0&amp;list=UULFpVHVdo-eYw_H_-rEXWlsZw&amp;index=57&amp;t=7s\" target=\"_blank\" rel=\"noreferrer noopener\">Pourquoi L&rsquo;\u00e9lectronique a Besoin D&rsquo;\u00eatre Refroidie<\/a><\/p>\n\n\n\n<p><a href=\"https:\/\/www.youtube.com\/watch?v=HUNJroE0UAI&amp;list=UULFpVHVdo-eYw_H_-rEXWlsZw&amp;index=21&amp;t=5s\" target=\"_blank\" rel=\"noreferrer noopener\">Construction d\u2019un moteur \u00e9lectrique<\/a><\/p>\n\n\n\n<p><a href=\"https:\/\/www.youtube.com\/watch?v=fb8ZSe8fVIQ&amp;list=UULFpVHVdo-eYw_H_-rEXWlsZw&amp;index=25&amp;t=759s\" target=\"_blank\" rel=\"noreferrer noopener\">Le Servomoteur Expliqu\u00e9<\/a><\/p>\n\n\n\n<p><a href=\"https:\/\/www.youtube.com\/watch?v=Be50YbIuTuc&amp;list=UULFpVHVdo-eYw_H_-rEXWlsZw&amp;index=22&amp;t=6s\" target=\"_blank\" rel=\"noreferrer noopener\">Moteur \u00e0 CC sans balais<\/a><\/p>\n\n\n\n<p><a href=\"https:\/\/www.youtube.com\/@MentaliteIngenieur\"><\/a><\/p>\n","protected":false},"excerpt":{"rendered":"<p>Formation de base Le Courant \u00c9lectrique Expliqu\u00e9 La Tension expliqu\u00e9e La Loi d\u2019Ohm Les Circuits S\u00e9rie CC Expliqu\u00e9s circuits cc Le condensateur C&rsquo;est Quoi Un Condensateur? &#8211; condensateurs Condensateur et capacit\u00e9 #VT08- Le condensateur Cours 6 &#8211; Les condensateurs \u00c0 retenir : charge du condensateur, 63% du voltage apr\u00e8s 1 T soit T=R*C, 99 % [&hellip;]<\/p>\n","protected":false},"author":2,"featured_media":0,"parent":0,"menu_order":0,"comment_status":"closed","ping_status":"closed","template":"","meta":{"footnotes":""},"_links":{"self":[{"href":"https:\/\/espacerm.com\/webgen\/wp-json\/wp\/v2\/pages\/4898"}],"collection":[{"href":"https:\/\/espacerm.com\/webgen\/wp-json\/wp\/v2\/pages"}],"about":[{"href":"https:\/\/espacerm.com\/webgen\/wp-json\/wp\/v2\/types\/page"}],"author":[{"embeddable":true,"href":"https:\/\/espacerm.com\/webgen\/wp-json\/wp\/v2\/users\/2"}],"replies":[{"embeddable":true,"href":"https:\/\/espacerm.com\/webgen\/wp-json\/wp\/v2\/comments?post=4898"}],"version-history":[{"count":14,"href":"https:\/\/espacerm.com\/webgen\/wp-json\/wp\/v2\/pages\/4898\/revisions"}],"predecessor-version":[{"id":4919,"href":"https:\/\/espacerm.com\/webgen\/wp-json\/wp\/v2\/pages\/4898\/revisions\/4919"}],"wp:attachment":[{"href":"https:\/\/espacerm.com\/webgen\/wp-json\/wp\/v2\/media?parent=4898"}],"curies":[{"name":"wp","href":"https:\/\/api.w.org\/{rel}","templated":true}]}}