{"id":5085,"date":"2024-04-28T00:20:11","date_gmt":"2024-04-28T05:20:11","guid":{"rendered":"https:\/\/espacerm.com\/webgen\/?page_id=5085"},"modified":"2024-04-28T18:02:18","modified_gmt":"2024-04-28T23:02:18","slug":"utilisation-du-tp4056","status":"publish","type":"page","link":"https:\/\/espacerm.com\/webgen\/utilisation-du-tp4056\/","title":{"rendered":"Utilisation du TP4056"},"content":{"rendered":"\n<p>Il existe une bonne et une mauvaise mani\u00e8re de charger en toute s\u00e9curit\u00e9 les batteries lithium-ion avec cette puce&nbsp;!<\/p>\n\n\n\n<p>TP4056&nbsp;: Un circuit int\u00e9gr\u00e9 de chargeur de batterie LiPo (la page 1,&nbsp;<a href=\"https:\/\/www.best-microcontroller-projects.com\/tp4056-page2.html\">la page 2 est ici<\/a>&nbsp;).<\/p>\n\n\n\n<ul>\n<li><strong>Une puce de chargeur de batterie<\/strong>&nbsp;facile \u00e0 utiliser&nbsp;.<br><br><br><\/li>\n\n\n\n<li>Courant de charge de&nbsp;<strong>130 mA \u00e0 1 A (par d\u00e9faut) ; r\u00e9gl\u00e9 par r\u00e9sistance<\/strong>.<\/li>\n\n\n\n<li>Apprenez \u00e0 l&rsquo;utiliser&nbsp;<strong>correctement<\/strong>.<\/li>\n\n\n\n<li>D\u00e9couvrez comment corriger son fonctionnement pour&nbsp;<strong>une charge en circuit s\u00e9curis\u00e9e<\/strong>.<\/li>\n<\/ul>\n\n\n\n<p>La puce TP4056 est un chargeur de batterie lithium-ion pour une batterie monocellulaire, prot\u00e9geant la cellule contre la surcharge et la sous-charge. Il dispose de deux sorties d&rsquo;\u00e9tat indiquant la charge en cours et la charge termin\u00e9e et d&rsquo;un courant de charge programmable jusqu&rsquo;\u00e0 1 A.<\/p>\n\n\n\n<p>Vous pouvez l&rsquo;utiliser pour charger des batteries directement \u00e0 partir d&rsquo;un port USB puisque la plage de tension d&rsquo;entr\u00e9e de travail est de 4 V \u00e0 8 V. Cependant, rappelez-vous que le courant maximum provenant d\u2019un port USB est de 500 mA.<\/p>\n\n\n\n<p>Il existe deux types de cartes de d\u00e9rivation courantes pour cette puce&nbsp;:<\/p>\n\n\n\n<ul>\n<li>Un avec uniquement la puce du chargeur sur le circuit.<\/li>\n\n\n\n<li>Un avec trois puces sur le circuit.<\/li>\n<\/ul>\n\n\n\n<p>Ici, vous regardez la carte de d\u00e9rivation \u00e0 3 puces (TP4056 &#8211; au milieu, DW01A &#8211; en haut \u00e0 droite et 8205A double MOSFET &#8211; en bas \u00e0 droite).<\/p>\n\n\n\n<figure class=\"wp-block-image size-full\"><img loading=\"lazy\" decoding=\"async\" width=\"625\" height=\"402\" src=\"https:\/\/espacerm.com\/webgen\/wp-content\/uploads\/2024\/04\/image.png\" alt=\"\" class=\"wp-image-5086\" srcset=\"https:\/\/espacerm.com\/webgen\/wp-content\/uploads\/2024\/04\/image.png 625w, https:\/\/espacerm.com\/webgen\/wp-content\/uploads\/2024\/04\/image-300x193.png 300w\" sizes=\"(max-width: 625px) 100vw, 625px\" \/><\/figure>\n\n\n\n<p>Ce que vous pouvez apprendre ici&nbsp;:<\/p>\n\n\n\n<ul>\n<li>Comment utiliser la carte de d\u00e9rivation TP4056.<\/li>\n\n\n\n<li>Comment utiliser le TP4056 en toute s\u00e9curit\u00e9.<\/li>\n\n\n\n<li>Comment fonctionne le DW01A sur la carte de d\u00e9rivation TP4056.<\/li>\n\n\n\n<li>Comment d\u00e9finir les limites de temp\u00e9rature \u00e0 l&rsquo;aide de l&rsquo;entr\u00e9e TP4056 TEMP.<\/li>\n<\/ul>\n\n\n\n<p><strong>Remarque :<\/strong>&nbsp;vous devez&nbsp;<a href=\"https:\/\/www.best-microcontroller-projects.com\/tp4056.html#TP4056_Current_Programming_Resistor\">modifier la r\u00e9sistance de programmation actuelle<\/a>&nbsp;sur la carte de d\u00e9rivation pour qu&rsquo;elle corresponde \u00e0 la batterie au lithium que vous utilisez &#8211; la valeur par d\u00e9faut est 1,2k, ce qui correspond \u00e0 une batterie de 1 Ah (1 000 mAh).<\/p>\n\n\n\n<p>Remarque&nbsp;: suivez ce lien&nbsp;<a href=\"https:\/\/www.best-microcontroller-projects.com\/dw01a.html\" target=\"_blank\" rel=\"noreferrer noopener\">pour savoir comment utiliser correctement le DW01A<\/a>&nbsp;.<\/p>\n\n\n\n<p>Les batteries au lithium peuvent \u00eatre dangereuses si elles ne sont pas charg\u00e9es correctement et c&rsquo;est pourquoi le TP4056 est utile car il arr\u00eate la charge en cas de surtension et de courant en d\u00e9tectant des conditions de tension sp\u00e9cifiques.<\/p>\n\n\n\n<p><strong>Avertissement<\/strong><\/p>\n\n\n\n<p><strong>Il existe de nombreux circuits qui montrent l&rsquo;utilisation du TP4056 \u00e0 la fois comme chargeur et comme pilote de charge &#8211; Attention<\/strong>. Si une charge est connect\u00e9e \u00e0 la batterie pendant la charge, le TP4056 peut ne pas d\u00e9tecter le moment o\u00f9 le courant de charge est tomb\u00e9 \u00e0 C\/10. Il pourrait donc continuer \u00e0 charger, ce qui pourrait \u00eatre dangereux.<\/p>\n\n\n\n<p><strong>Vous ne devez jamais utiliser le TP4056 comme chargeur et comme pilote de charge&nbsp;en m\u00eame temps<\/strong>&nbsp;. Lors du chargement de la batterie, \u00e9teignez la charge et lors du chargement de la batterie, \u00e9teignez le chargeur. Vous pouvez \u00e9galement utiliser un PMOSFET, une r\u00e9sistance et une diode Schottky (voir&nbsp;<a href=\"https:\/\/www.best-microcontroller-projects.com\/tp4056-page2.html\">page 2<\/a>&nbsp;pour savoir comment proc\u00e9der).<\/p>\n\n\n\n<p>Les batteries au lithium&nbsp;<strong>ne peuvent pas&nbsp;absorber la surcharge<\/strong>&nbsp;\u2013 le courant doit \u00eatre coup\u00e9 apr\u00e8s la charge. Sinon, il pourrait y avoir un emballement thermique.<\/p>\n\n\n\n<p><strong>Caract\u00e9ristiques du TP4056<\/strong><\/p>\n\n\n\n<ul>\n<li>M\u00e9thode de charge \u00e0 courant constant\/tension constante.<\/li>\n\n\n\n<li>C\/10 Fin de charge.<\/li>\n\n\n\n<li>Seuil de charge d&rsquo;entretien de 2,9 V (pour batteries profond\u00e9ment d\u00e9charg\u00e9es).<\/li>\n\n\n\n<li>Tension d&rsquo;arr\u00eat de charge sup\u00e9rieure : 4,2 V.<\/li>\n\n\n\n<li>Limite de courant d&rsquo;appel de d\u00e9marrage progressif.<\/li>\n\n\n\n<li>Recharge automatique (maintient les batteries charg\u00e9es de mani\u00e8re optimale lorsqu&rsquo;elles sont connect\u00e9es \u00e0 un chargeur).<\/li>\n<\/ul>\n\n\n\n<figure class=\"wp-block-image size-full\"><img loading=\"lazy\" decoding=\"async\" width=\"522\" height=\"503\" src=\"https:\/\/espacerm.com\/webgen\/wp-content\/uploads\/2024\/04\/image-5.png\" alt=\"\" class=\"wp-image-5096\" srcset=\"https:\/\/espacerm.com\/webgen\/wp-content\/uploads\/2024\/04\/image-5.png 522w, https:\/\/espacerm.com\/webgen\/wp-content\/uploads\/2024\/04\/image-5-300x289.png 300w\" sizes=\"(max-width: 522px) 100vw, 522px\" \/><\/figure>\n\n\n\n<p><strong>Fiche technique du module TP4056<\/strong><\/p>\n\n\n\n<p>T\u00e9l\u00e9chargez la fiche technique TP4056&nbsp;<a href=\"https:\/\/www.best-microcontroller-projects.com\/support-files\/tp4056a.pdf\" target=\"_blank\" rel=\"noreferrer noopener\">ici<\/a>&nbsp;.<\/p>\n\n\n\n<p>Sp\u00e9cifications TP4056<\/p>\n\n\n\n<figure class=\"wp-block-image size-full\"><img loading=\"lazy\" decoding=\"async\" width=\"637\" height=\"301\" src=\"https:\/\/espacerm.com\/webgen\/wp-content\/uploads\/2024\/04\/image-6.png\" alt=\"\" class=\"wp-image-5098\" srcset=\"https:\/\/espacerm.com\/webgen\/wp-content\/uploads\/2024\/04\/image-6.png 637w, https:\/\/espacerm.com\/webgen\/wp-content\/uploads\/2024\/04\/image-6-300x142.png 300w\" sizes=\"(max-width: 637px) 100vw, 637px\" \/><\/figure>\n\n\n\n<p><strong>R\u00e9sistance de programmation actuelle TP4056<\/strong><\/p>\n\n\n\n<p>La r\u00e9sistance de programmation (R3 ou Rprog) est r\u00e9gl\u00e9e sur une valeur par d\u00e9faut de 1,2K qui fournit un taux de charge de programmation de 1A ou 1C\u00a0; c&rsquo;est le taux de charge maximum pour la puce. Si votre batterie n&rsquo;est pas de 1 000 mAh (1 Ah), vous devez alors retirer la R3 et la remplacer par la bonne en suivant les informations du tableau ci-dessous.<\/p>\n\n\n\n<p>TP4056 RPROG R\u00e9sistance de r\u00e9glage du courant<\/p>\n\n\n\n<p>RPROG sur la carte de r\u00e9partition est R3.<\/p>\n\n\n\n<figure class=\"wp-block-image size-full\"><img loading=\"lazy\" decoding=\"async\" width=\"247\" height=\"296\" src=\"https:\/\/espacerm.com\/webgen\/wp-content\/uploads\/2024\/04\/image-7.png\" alt=\"\" class=\"wp-image-5101\"\/><\/figure>\n\n\n\n<p><strong>TP4056 LED d&rsquo;indication d&rsquo;\u00e9tat<\/strong><\/p>\n\n\n\n<p>Le tableau montre l&rsquo;\u00e9tat des LED pour diff\u00e9rents \u00e9tats de charge&nbsp;:<\/p>\n\n\n\n<figure class=\"wp-block-image size-full\"><img loading=\"lazy\" decoding=\"async\" width=\"900\" height=\"255\" src=\"https:\/\/espacerm.com\/webgen\/wp-content\/uploads\/2024\/04\/image-2.png\" alt=\"\" class=\"wp-image-5089\" srcset=\"https:\/\/espacerm.com\/webgen\/wp-content\/uploads\/2024\/04\/image-2.png 900w, https:\/\/espacerm.com\/webgen\/wp-content\/uploads\/2024\/04\/image-2-300x85.png 300w, https:\/\/espacerm.com\/webgen\/wp-content\/uploads\/2024\/04\/image-2-768x218.png 768w\" sizes=\"(max-width: 900px) 100vw, 900px\" \/><\/figure>\n\n\n\n<p><strong>Sch\u00e9ma du module de chargeur TP4056<\/strong><\/p>\n\n\n\n<p>Il s&rsquo;agit du sch\u00e9ma de la carte de d\u00e9rivation populaire portant l&rsquo;\u00e9tiquette 03962A. Il montre le brochage TP4056 de la carte de d\u00e9rivation.<\/p>\n\n\n\n<figure class=\"wp-block-image size-full\"><img loading=\"lazy\" decoding=\"async\" width=\"900\" height=\"379\" src=\"https:\/\/espacerm.com\/webgen\/wp-content\/uploads\/2024\/04\/image-3.png\" alt=\"\" class=\"wp-image-5091\" srcset=\"https:\/\/espacerm.com\/webgen\/wp-content\/uploads\/2024\/04\/image-3.png 900w, https:\/\/espacerm.com\/webgen\/wp-content\/uploads\/2024\/04\/image-3-300x126.png 300w, https:\/\/espacerm.com\/webgen\/wp-content\/uploads\/2024\/04\/image-3-768x323.png 768w\" sizes=\"(max-width: 900px) 100vw, 900px\" \/><\/figure>\n\n\n\n<div style=\"height:39px\" aria-hidden=\"true\" class=\"wp-block-spacer\"><\/div>\n\n\n\n<figure class=\"wp-block-image size-full\"><img loading=\"lazy\" decoding=\"async\" width=\"221\" height=\"100\" src=\"https:\/\/espacerm.com\/webgen\/wp-content\/uploads\/2024\/04\/image-8.png\" alt=\"\" class=\"wp-image-5103\"\/><\/figure>\n\n\n\n<p>FS8205A<\/p>\n\n\n\n<p>Lorsque vous chargez une batterie \u00e0 l&rsquo;aide de la carte ci-dessus, connectez la batterie \u00e0 B+ et B- et d\u00e9connectez OUT+ et OUT- de votre circuit. Lorsque vous utilisez la batterie, d\u00e9connectez l&rsquo;entr\u00e9e 5 V et prenez la tension de sortie de OUT+ et OUT- vers votre circuit.<\/p>\n\n\n\n<p><strong>Cela devrait vraiment \u00eatre consid\u00e9r\u00e9 comme l&rsquo;un de ces chargeurs dans lesquels vous n&rsquo;utilisez pas le chargeur pendant que vous le chargez.<\/strong><br><\/p>\n\n\n\n<p>Cela devrait vraiment \u00eatre consid\u00e9r\u00e9 comme l&rsquo;un de ces chargeurs dans lesquels vous n&rsquo;utilisez pas le chargeur pendant que vous le chargez.<\/p>\n\n\n\n<p><strong>Connexions TP4056<\/strong><\/p>\n\n\n\n<p>Le diagramme suivant montre une configuration typique (\u00e0 partir de la fiche technique). Le sch\u00e9ma fonctionnel montre \u00e9galement les num\u00e9ros de broches TP456 pour le dispositif SMD \u00e0 8 broches.<\/p>\n\n\n\n<figure class=\"wp-block-image size-full\"><img loading=\"lazy\" decoding=\"async\" width=\"708\" height=\"466\" src=\"https:\/\/espacerm.com\/webgen\/wp-content\/uploads\/2024\/04\/image-4.png\" alt=\"\" class=\"wp-image-5092\" srcset=\"https:\/\/espacerm.com\/webgen\/wp-content\/uploads\/2024\/04\/image-4.png 708w, https:\/\/espacerm.com\/webgen\/wp-content\/uploads\/2024\/04\/image-4-300x197.png 300w\" sizes=\"(max-width: 708px) 100vw, 708px\" \/><\/figure>\n\n\n\n<p>Ici vous pouvez voir les deux LED d&rsquo;\u00e9tat (CHRGn, STDBYn), la connexion de la batterie (BAT), la connexion de contr\u00f4le de courant (PROG) et la connexion TEMP. Certaines batteries LI ont une thermistance interne que vous pouvez connecter comme indiqu\u00e9 ci-dessus. Dans les cartes de d\u00e9rivation disponibles, TEMP n&rsquo;est g\u00e9n\u00e9ralement pas utilis\u00e9 et connect\u00e9 \u00e0 la terre.<\/p>\n\n\n\n<p><strong>Protection contre l&rsquo;inversion de polarit\u00e9 TP4056<\/strong><\/p>\n\n\n\n<p>Le TP4056 ne vous offre pas de protection contre l&rsquo;inversion de polarit\u00e9, donc si vous c\u00e2blez la batterie dans le mauvais sens, vous obtiendrez de la fum\u00e9e&nbsp;!<br><br>En fait, il n&rsquo;y a pas de protection contre l&rsquo;inversion de polarit\u00e9 TP4056 et le&nbsp;<a href=\"https:\/\/www.best-microcontroller-projects.com\/dw01a.html\">circuit int\u00e9gr\u00e9 de protection de la batterie DW01A<\/a>&nbsp;(sur la carte de d\u00e9rivation) est utilis\u00e9 de la mauvaise mani\u00e8re (ou pas de la meilleure fa\u00e7on)&nbsp;! S&rsquo;il est utilis\u00e9 correctement, le DW01A fournit une protection contre l&rsquo;inversion de polarit\u00e9 pour une batterie.<\/p>\n\n\n\n<p>Remarque&nbsp;: suivez ce lien&nbsp;<a href=\"https:\/\/www.best-microcontroller-projects.com\/dw01a.html\" target=\"_blank\" rel=\"noreferrer noopener\">pour savoir comment utiliser correctement le DW01A<\/a>&nbsp;.<\/p>\n\n\n\n<p><strong>Puce de protection de batterie DW01A<\/strong><\/p>\n\n\n\n<p>Sur certains circuits, il y a 2 puces suppl\u00e9mentaires. L&rsquo;un est le DW01A et l&rsquo;autre est un MOSFET double canal N requis par la puce DW01A.<\/p>\n\n\n\n<p>Cette puce assure la protection de la batterie mais elle n&rsquo;est pas utilis\u00e9e de la bonne mani\u00e8re sur cette carte et fournit donc uniquement une protection contre les courts-circuits (et une protection contre les surintensit\u00e9s). Il doit fournir tous les \u00e9l\u00e9ments suivants&nbsp;:<br><br><\/p>\n\n\n\n<p><a><\/a><strong>Protection d&rsquo;entr\u00e9e du chargeur<\/strong><\/p>\n\n\n\n<p>La broche CS est connect\u00e9e \u00e0 la borne n\u00e9gative de l&rsquo;entr\u00e9e du chargeur (via une r\u00e9sistance 1kohm) et remplit les fonctions suivantes\u00a0:<br><br><\/p>\n\n\n\n<ul>\n<li>D\u00e9tecteur de court-circuit.<\/li>\n\n\n\n<li>D\u00e9tecteur de surintensit\u00e9.<\/li>\n\n\n\n<li>D\u00e9tecteur de chargeur.<\/li>\n\n\n\n<li>D\u00e9tection de chargeur invers\u00e9 (surtension de courant \u00e9lev\u00e9&nbsp;?).<\/li>\n<\/ul>\n\n\n\n<p><a><\/a><strong>Surveillance de la batterie<\/strong><\/p>\n\n\n\n<p>VCC et GND sont connect\u00e9s aux bornes de la batterie o\u00f9 deux tensions sont d\u00e9tect\u00e9es&nbsp;:<\/p>\n\n\n\n<ul>\n<li>D\u00e9tecteur de surcharge (tension de batterie trop \u00e9lev\u00e9e).<\/li>\n\n\n\n<li>D\u00e9tecteur de d\u00e9charge excessive (tension de la batterie trop faible).<\/li>\n<\/ul>\n\n\n\n<p><strong>Carte de d\u00e9rivation DW01A et TP4056<\/strong><\/p>\n\n\n\n<p>Sur la carte de d\u00e9rivation, la puce est soud\u00e9e au TP4056 afin qu&rsquo;elle ne puisse jamais \u00eatre connect\u00e9e \u00e0 l&rsquo;envers au niveau de \u00ab\u00a0l&rsquo;entr\u00e9e du chargeur\u00a0\u00bb. Par contre le DW01A ne prot\u00e8ge pas du branchement de la batterie \u00e0 l&rsquo;envers !<br><br>Cette puce ne s&rsquo;activera pas en cas de probl\u00e8mes de niveau de tension de la batterie (sauf si le TP4056 tombe en panne) puisque le TP4056&nbsp;:<br><br><\/p>\n\n\n\n<ul>\n<li>Arr\u00eate de se d\u00e9charger \u00e0 des tensions inf\u00e9rieures \u00e0 2,9 V&nbsp;; Ici, la charge d\u2019entretien s\u2019active.<br>&nbsp;&nbsp;&nbsp;&nbsp;&nbsp;<strong>Le seuil DW01A est de ~ 2,4 V&nbsp;; Il ne s&rsquo;activera donc jamais.<\/strong><\/li>\n\n\n\n<li>Arr\u00eate de charger \u00e0 des tensions sup\u00e9rieures \u00e0 4,2 V.<br>&nbsp;&nbsp;&nbsp;&nbsp;<strong>Le seuil DW01A est de ~ 4,3 V&nbsp;; Il ne s&rsquo;activera donc jamais.<\/strong><\/li>\n<\/ul>\n\n\n\n<p>La seule fonction qui fonctionnera est la protection contre les surintensit\u00e9s et la protection contre les courts-circuits (ou la s\u00e9curit\u00e9 int\u00e9gr\u00e9e en cas de panne de la puce TP4056 &#8211; assez improbable). Ces FET s&rsquo;activeront \u00e0 environ 3 A lors de l&rsquo;utilisation du double Mosfet 8205A (d\u00e9pend de la caract\u00e9ristique Vgth).<\/p>\n\n\n\n<p><a href=\"https:\/\/www.best-microcontroller-projects.com\/tp4056-page2.html\">A continu\u00e9<\/a>&nbsp;&#8230;<\/p>\n\n\n\n<p><a href=\"https:\/\/www.best-microcontroller-projects.com\/tp4056-page2.html\">Cet article continue en page 2<\/a>&nbsp;, o\u00f9 vous pourrez d\u00e9couvrir comment utiliser correctement le TP4056 (la plupart des circuits ne sont pas corrects).<\/p>\n\n\n\n<p>Il y a 3 parties dans cette discussion<br><br>Partie 1&nbsp;: Introduction au&nbsp;<a href=\"https:\/\/www.best-microcontroller-projects.com\/tp4056.html\">TP4056<\/a>&nbsp;.<br>Partie 2&nbsp;: Comment ajouter un MOSFET pour&nbsp;<a href=\"https:\/\/www.best-microcontroller-projects.com\/tp4056-page2.html\">une utilisation correcte du TP4056.<\/a><br>Partie 3&nbsp;: Comprendre le&nbsp;<a href=\"https:\/\/www.best-microcontroller-projects.com\/dw01a.html\">protecteur de batterie DW01A<\/a>&nbsp;dans le contexte de la carte de d\u00e9rivation TP4056.<\/p>\n\n\n\n<p>R\u00e9f\u00e9rence&nbsp;: <a href=\"https:\/\/www.best-microcontroller-projects.com\/tp4056.html\">https:\/\/www.best-microcontroller-projects.com\/tp4056.html<\/a><\/p>\n\n\n\n<p><\/p>\n","protected":false},"excerpt":{"rendered":"<p>Il existe une bonne et une mauvaise mani\u00e8re de charger en toute s\u00e9curit\u00e9 les batteries lithium-ion avec cette puce&nbsp;! TP4056&nbsp;: Un circuit int\u00e9gr\u00e9 de chargeur de batterie LiPo (la page 1,&nbsp;la page 2 est ici&nbsp;). La puce TP4056 est un chargeur de batterie lithium-ion pour une batterie monocellulaire, prot\u00e9geant la cellule contre la surcharge et [&hellip;]<\/p>\n","protected":false},"author":2,"featured_media":0,"parent":0,"menu_order":0,"comment_status":"closed","ping_status":"closed","template":"","meta":{"footnotes":""},"_links":{"self":[{"href":"https:\/\/espacerm.com\/webgen\/wp-json\/wp\/v2\/pages\/5085"}],"collection":[{"href":"https:\/\/espacerm.com\/webgen\/wp-json\/wp\/v2\/pages"}],"about":[{"href":"https:\/\/espacerm.com\/webgen\/wp-json\/wp\/v2\/types\/page"}],"author":[{"embeddable":true,"href":"https:\/\/espacerm.com\/webgen\/wp-json\/wp\/v2\/users\/2"}],"replies":[{"embeddable":true,"href":"https:\/\/espacerm.com\/webgen\/wp-json\/wp\/v2\/comments?post=5085"}],"version-history":[{"count":13,"href":"https:\/\/espacerm.com\/webgen\/wp-json\/wp\/v2\/pages\/5085\/revisions"}],"predecessor-version":[{"id":5108,"href":"https:\/\/espacerm.com\/webgen\/wp-json\/wp\/v2\/pages\/5085\/revisions\/5108"}],"wp:attachment":[{"href":"https:\/\/espacerm.com\/webgen\/wp-json\/wp\/v2\/media?parent=5085"}],"curies":[{"name":"wp","href":"https:\/\/api.w.org\/{rel}","templated":true}]}}