{"id":512,"date":"2018-11-16T16:13:43","date_gmt":"2018-11-16T21:13:43","guid":{"rendered":"https:\/\/espacerm.com\/webgen\/?page_id=512"},"modified":"2018-12-19T02:36:39","modified_gmt":"2018-12-19T07:36:39","slug":"arduino-app-inventer","status":"publish","type":"page","link":"https:\/\/espacerm.com\/webgen\/arduino-app-inventer\/","title":{"rendered":"Arduino -> App Inventer"},"content":{"rendered":"\n<p>\n\nEnvironnement de programmation orient\u00e9e objet, accessible aux non-initi\u00e9s pour concevoir des applications Android.&nbsp;<br>D\u00e9finition de l\u2019interface utilisateur pour smartphone ou tablette (objets de communication Bluetooth pr\u00eats \u00e0 l\u2019emploi).&nbsp;<br>Conception des programmes en manipulant des blocs par glisser\/d\u00e9placer \u00e0 partir d\u2019une biblioth\u00e8que.<\/p>\n\n\n\n<p>Requiert un compte Gmail et une connexion internet.<\/p>\n\n\n\n<p><em>App Inventor&nbsp;<\/em>est une application d\u00e9velopp\u00e9e par Google et propos\u00e9e librement par le MIT (Massachusetts Institute of Technology) sous licence Creative Commons.\n\n<\/p>\n\n\n\n<h2 class=\"wp-block-heading\"><a href=\"https:\/\/www.youtube.com\/playlist?list=PL_VBOWi_XXBkAjtJLYdyitC8aWQ0XtRdJ\" target=\"_blank\" rel=\"noreferrer noopener\" aria-label=\"AppInventor Tutorials (ouverture dans un nouvel onglet)\">AppInventor Tutorials<\/a><\/h2>\n\n\n\n<h4 class=\"wp-block-heading\"><a href=\"https:\/\/www.youtube.com\/watch?v=yDfx3v3NG8A&amp;list=PL_VBOWi_XXBkAjtJLYdyitC8aWQ0XtRdJ\"><\/a><br><a href=\"https:\/\/www.youtube.com\/watch?v=yDfx3v3NG8A&amp;list=PL_VBOWi_XXBkAjtJLYdyitC8aWQ0XtRdJ\"><\/a><\/h4>\n\n\n\n<figure class=\"wp-block-embed-youtube wp-block-embed is-type-video is-provider-youtube wp-embed-aspect-16-9 wp-has-aspect-ratio\"><div class=\"wp-block-embed__wrapper\">\n<iframe loading=\"lazy\" title=\"How To Build Custom Android App for your Arduino Project using MIT App Inventor\" width=\"640\" height=\"360\" src=\"https:\/\/www.youtube.com\/embed\/o-YVvxYiSuk?feature=oembed\" frameborder=\"0\" allow=\"accelerometer; autoplay; clipboard-write; encrypted-media; gyroscope; picture-in-picture; web-share\" referrerpolicy=\"strict-origin-when-cross-origin\" allowfullscreen><\/iframe>\n<\/div><figcaption><strong>How To Build Custom Android App for your Arduino Project using MIT App Inventor<\/strong><\/figcaption><\/figure>\n\n\n\n<p><br><br><\/p>\n\n\n\n<figure class=\"wp-block-embed-youtube wp-block-embed is-type-video is-provider-youtube wp-embed-aspect-16-9 wp-has-aspect-ratio\"><div class=\"wp-block-embed__wrapper\">\n<iframe loading=\"lazy\" title=\"How to Make MIT app for controlling servo Motor using arduino and bluetooth module.\" width=\"640\" height=\"360\" src=\"https:\/\/www.youtube.com\/embed\/Yp3788oAfPA?start=80&#038;feature=oembed\" frameborder=\"0\" allow=\"accelerometer; autoplay; clipboard-write; encrypted-media; gyroscope; picture-in-picture; web-share\" referrerpolicy=\"strict-origin-when-cross-origin\" allowfullscreen><\/iframe>\n<\/div><figcaption><br><strong>How to Make MIT app for controlling servo Motor using arduino and bluetooth module.<\/strong><\/figcaption><\/figure>\n\n\n\n<p><br><br><\/p>\n\n\n\n<figure class=\"wp-block-embed-youtube wp-block-embed is-type-video is-provider-youtube wp-embed-aspect-16-9 wp-has-aspect-ratio\"><div class=\"wp-block-embed__wrapper\">\n<iframe loading=\"lazy\" title=\"Bluetooth Arduino RECEIVE data + Chart\" width=\"640\" height=\"360\" src=\"https:\/\/www.youtube.com\/embed\/JQ3tDhpmSFE?feature=oembed\" frameborder=\"0\" allow=\"accelerometer; autoplay; clipboard-write; encrypted-media; gyroscope; picture-in-picture; web-share\" referrerpolicy=\"strict-origin-when-cross-origin\" allowfullscreen><\/iframe>\n<\/div><figcaption><br><strong>Bluetooth Arduino RECEIVE data + Chart<\/strong><\/figcaption><\/figure>\n\n\n\n<p><br><br><\/p>\n\n\n\n<figure class=\"wp-block-embed-youtube wp-block-embed is-type-video is-provider-youtube wp-embed-aspect-16-9 wp-has-aspect-ratio\"><div class=\"wp-block-embed__wrapper\">\n<iframe loading=\"lazy\" title=\"Create a Bluetooth App and control the Arduino\" width=\"640\" height=\"360\" src=\"https:\/\/www.youtube.com\/embed\/evVRCL9-TWs?feature=oembed\" frameborder=\"0\" allow=\"accelerometer; autoplay; clipboard-write; encrypted-media; gyroscope; picture-in-picture; web-share\" referrerpolicy=\"strict-origin-when-cross-origin\" allowfullscreen><\/iframe>\n<\/div><figcaption><br><strong>Create a Bluetooth App and control the Arduino<\/strong><\/figcaption><\/figure>\n\n\n\n<p><br><br><\/p>\n\n\n\n<figure class=\"wp-block-embed-youtube wp-block-embed is-type-video is-provider-youtube wp-embed-aspect-16-9 wp-has-aspect-ratio\"><div class=\"wp-block-embed__wrapper\">\n<iframe loading=\"lazy\" title=\"Arduino Servo Motor Control via Bluetooth | App Inventor\" width=\"640\" height=\"360\" src=\"https:\/\/www.youtube.com\/embed\/gL7b8E_5aYs?feature=oembed\" frameborder=\"0\" allow=\"accelerometer; autoplay; clipboard-write; encrypted-media; gyroscope; picture-in-picture; web-share\" referrerpolicy=\"strict-origin-when-cross-origin\" allowfullscreen><\/iframe>\n<\/div><figcaption><br><strong>Servo Motor Control via Bluetooth | Arduino Servo Tutorial<\/strong><\/figcaption><\/figure>\n\n\n\n<p><br><br><\/p>\n\n\n\n<figure class=\"wp-block-embed-youtube wp-block-embed is-type-video is-provider-youtube wp-embed-aspect-16-9 wp-has-aspect-ratio\"><div class=\"wp-block-embed__wrapper\">\n<iframe loading=\"lazy\" title=\"How To Receive Multiple Sensor Readings From Your ARDUINO Into Your MIT APP INVENTOR 2 APP\" width=\"640\" height=\"360\" src=\"https:\/\/www.youtube.com\/embed\/5YovICoYCLg?feature=oembed\" frameborder=\"0\" allow=\"accelerometer; autoplay; clipboard-write; encrypted-media; gyroscope; picture-in-picture; web-share\" referrerpolicy=\"strict-origin-when-cross-origin\" allowfullscreen><\/iframe>\n<\/div><figcaption><strong>How To Receive Multiple Sensor Readings From Your ARDUINO Into Your MIT APP INVENTOR 2 APP<\/strong><\/figcaption><\/figure>\n\n\n\n<p><br><br><\/p>\n\n\n\n<figure class=\"wp-block-embed-youtube wp-block-embed is-type-video is-provider-youtube wp-embed-aspect-16-9 wp-has-aspect-ratio\"><div class=\"wp-block-embed__wrapper\">\n<iframe loading=\"lazy\" title=\"Convert voice commands to text - App-inventor Android Arduino\" width=\"640\" height=\"360\" src=\"https:\/\/www.youtube.com\/embed\/f5aEIKl66PI?feature=oembed\" frameborder=\"0\" allow=\"accelerometer; autoplay; clipboard-write; encrypted-media; gyroscope; picture-in-picture; web-share\" referrerpolicy=\"strict-origin-when-cross-origin\" allowfullscreen><\/iframe>\n<\/div><figcaption><strong>Convert voice commands to text &#8211; App-inventor Android Arduino<\/strong><\/figcaption><\/figure>\n\n\n\n<h4 class=\"wp-block-heading\"><a rel=\"noreferrer noopener\" aria-label=\"App Inventor 2 tutorials (ouverture dans un nouvel onglet)\" href=\"https:\/\/sites.google.com\/site\/stevozip\/home\/AI2\" target=\"_blank\">App Inventor 2 tutorials<\/a><\/h4>\n\n\n\n<h4 class=\"wp-block-heading\"><a rel=\"noreferrer noopener\" aria-label=\"App Inventor: Using the Clock as a Timer (ouverture dans un nouvel onglet)\" href=\"https:\/\/www.youtube.com\/watch?v=sdDcZfeCBXc\" target=\"_blank\">App Inventor: Using the Clock as a Timer<\/a><\/h4>\n\n\n\n<p><a rel=\"noreferrer noopener\" aria-label=\"Checkboxes as radio buttons\n\n (ouverture dans un nouvel onglet)\" href=\"https:\/\/sites.google.com\/site\/stevozip\/home\/AI2\/checkboxes\" target=\"_blank\"><strong>Checkboxes as radio buttons<\/strong><\/a><br><\/p>\n\n\n\n<h4 class=\"wp-block-heading\"><a href=\"http:\/\/appinventor.org\" target=\"_blank\" rel=\"noreferrer noopener\" aria-label=\"appinventor.org (ouverture dans un nouvel onglet)\">appinventor.org<\/a><\/h4>\n\n\n\n<h2 class=\"wp-block-heading\">Livres<\/h2>\n\n\n\n<h4 class=\"wp-block-heading\"><a href=\"http:\/\/www.appinventor.org\/book2\" target=\"_blank\" rel=\"noreferrer noopener\" aria-label=\" (ouverture dans un nouvel onglet)\">App Inventor 2: Create your own Android Apps<\/a><\/h4>\n","protected":false},"excerpt":{"rendered":"<p>Environnement de programmation orient\u00e9e objet, accessible aux non-initi\u00e9s pour concevoir des applications Android.&nbsp;D\u00e9finition de l\u2019interface utilisateur pour smartphone ou tablette (objets de communication Bluetooth pr\u00eats \u00e0 l\u2019emploi).&nbsp;Conception des programmes en manipulant des blocs par glisser\/d\u00e9placer \u00e0 partir d\u2019une biblioth\u00e8que. Requiert un compte Gmail et une connexion internet. App Inventor&nbsp;est une application d\u00e9velopp\u00e9e par Google et [&hellip;]<\/p>\n","protected":false},"author":2,"featured_media":0,"parent":0,"menu_order":0,"comment_status":"closed","ping_status":"closed","template":"","meta":{"footnotes":""},"_links":{"self":[{"href":"https:\/\/espacerm.com\/webgen\/wp-json\/wp\/v2\/pages\/512"}],"collection":[{"href":"https:\/\/espacerm.com\/webgen\/wp-json\/wp\/v2\/pages"}],"about":[{"href":"https:\/\/espacerm.com\/webgen\/wp-json\/wp\/v2\/types\/page"}],"author":[{"embeddable":true,"href":"https:\/\/espacerm.com\/webgen\/wp-json\/wp\/v2\/users\/2"}],"replies":[{"embeddable":true,"href":"https:\/\/espacerm.com\/webgen\/wp-json\/wp\/v2\/comments?post=512"}],"version-history":[{"count":23,"href":"https:\/\/espacerm.com\/webgen\/wp-json\/wp\/v2\/pages\/512\/revisions"}],"predecessor-version":[{"id":2175,"href":"https:\/\/espacerm.com\/webgen\/wp-json\/wp\/v2\/pages\/512\/revisions\/2175"}],"wp:attachment":[{"href":"https:\/\/espacerm.com\/webgen\/wp-json\/wp\/v2\/media?parent=512"}],"curies":[{"name":"wp","href":"https:\/\/api.w.org\/{rel}","templated":true}]}}