{"id":5276,"date":"2025-01-11T16:23:35","date_gmt":"2025-01-11T21:23:35","guid":{"rendered":"https:\/\/espacerm.com\/webgen\/?page_id=5276"},"modified":"2025-01-11T16:33:23","modified_gmt":"2025-01-11T21:33:23","slug":"ecran-waveshare-esp32-s3-touch-lcd-4-3","status":"publish","type":"page","link":"https:\/\/espacerm.com\/webgen\/ecran-waveshare-esp32-s3-touch-lcd-4-3\/","title":{"rendered":"\u00ab \u00c9cran WAVESHARE ESP32-S3 Touch LCD 4.3 \u00bb"},"content":{"rendered":"\n<figure class=\"wp-block-image size-full\"><img loading=\"lazy\" decoding=\"async\" width=\"664\" height=\"437\" src=\"https:\/\/espacerm.com\/webgen\/wp-content\/uploads\/2025\/01\/esp32-s3-touch-lcd-4.3-1-1.jpg\" alt=\"\" class=\"wp-image-5278\" srcset=\"https:\/\/espacerm.com\/webgen\/wp-content\/uploads\/2025\/01\/esp32-s3-touch-lcd-4.3-1-1.jpg 664w, https:\/\/espacerm.com\/webgen\/wp-content\/uploads\/2025\/01\/esp32-s3-touch-lcd-4.3-1-1-300x197.jpg 300w\" sizes=\"(max-width: 664px) 100vw, 664px\" \/><\/figure>\n\n\n\n<p><a href=\"https:\/\/espacerm.com\/webgen\/ecran-ecran-waveshare-esp32-s3-touch-lcd-4-3b\/\" target=\"_blank\" rel=\"noreferrer noopener\">Infos techniques \u00c9cran WAVESHARE ESP32-S3 Touch LCD 4.3<\/a><\/p>\n\n\n\n<p><a href=\"https:\/\/www.waveshare.com\/wiki\/ESP32-S3-Touch-LCD-4.3\" target=\"_blank\" rel=\"noreferrer noopener\">WAVESHARE ESP32-S3 Touch LCD 4.3<\/a><\/p>\n\n\n\n<p><a href=\"https:\/\/files.waveshare.com\/wiki\/ESP32-S3-Touch-LCD-4.3\/ESP32-S3-Touch-LCD-4.3-Sch.pdf\" target=\"_blank\" rel=\"noreferrer noopener\">Sch\u00e9ma ESP32-S3 Touch LCD 4.3<\/a><\/p>\n\n\n\n<p><a href=\"https:\/\/www.waveshare.com\/wiki\/Arduino_Board_Managers_Tutorial#tab1\" target=\"_blank\" rel=\"noreferrer noopener\">Arduino Board Managers Tutorial<\/a>&nbsp;(install Online)<\/p>\n\n\n\n<p>D\u00e9mo et pilotes :&nbsp;<a href=\"https:\/\/files.waveshare.com\/wiki\/ESP32-S3-Touch-LCD-4.3\/ESP32-S3-Touch-LCD-4.3-Demo.zip\" target=\"_blank\" rel=\"noreferrer noopener\">ESP32-S3-Touch-LCD-4.3 Demo<\/a><\/p>\n\n\n\n<hr class=\"wp-block-separator has-alpha-channel-opacity\"\/>\n\n\n\n<p><a href=\"https:\/\/docs.lvgl.io\/master\/intro\/introduction.html\" target=\"_blank\" rel=\"noreferrer noopener\">LVGL Documentation officielle<\/a><\/p>\n\n\n\n<hr class=\"wp-block-separator has-alpha-channel-opacity\"\/>\n\n\n\n<p><a style=\"box-sizing: inherit; background-color: rgb(251, 251, 251); transition-duration: 0.6s; transition-property: all; color: rgb(205, 68, 68); font-weight: 700; text-decoration-line: none; padding-bottom: 2px; border-bottom: 2px solid rgb(238, 238, 238); font-family: &quot;Droid Sans&quot;, Arial, sans-serif; font-size: 16.5px; white-space-collapse: collapse;\" href=\"https:\/\/www.waveshare.com\/wiki\/Waveshare_SquareLine_Studio\" target=\"_blank\" rel=\"noreferrer noopener\">Waveshare SquareLine Studio<\/a><\/p>\n\n\n\n<p><a href=\"https:\/\/www.youtube.com\/watch?v=9qp3Lmc8r-Q&amp;list=PLaKCTGp44qf0_PaXDxMNZqnLEvRu3iM21\" target=\"_blank\" rel=\"noreferrer noopener\">Tutoriel SquareLine Studio<\/a><\/p>\n\n\n\n<hr class=\"wp-block-separator has-alpha-channel-opacity\"\/>\n\n\n\n<p><a href=\"https:\/\/github.com\/esp-arduino-libs\/ESP32_Display_Panel\/blob\/master\/docs\/How_To_Use.md#arduino-ide\" target=\"_blank\" rel=\"noreferrer noopener\">biblioth\u00e8ques esp-arduino\/<strong>Panneau d\u2019affichage ESP32<\/strong><\/a><\/p>\n\n\n\n<p><a href=\"https:\/\/github.com\/esp-arduino-libs\/ESP32_IO_Expander\" target=\"_blank\" rel=\"noreferrer noopener\">biblioth\u00e8ques esp-arduino\/ESP32_IO_Expander<\/a><\/p>\n\n\n\n<p><\/p>\n","protected":false},"excerpt":{"rendered":"<p>Infos techniques \u00c9cran WAVESHARE ESP32-S3 Touch LCD 4.3 WAVESHARE ESP32-S3 Touch LCD 4.3 Sch\u00e9ma ESP32-S3 Touch LCD 4.3 Arduino Board Managers Tutorial&nbsp;(install Online) D\u00e9mo et pilotes :&nbsp;ESP32-S3-Touch-LCD-4.3 Demo LVGL Documentation officielle Waveshare SquareLine Studio Tutoriel SquareLine Studio biblioth\u00e8ques esp-arduino\/Panneau d\u2019affichage ESP32 biblioth\u00e8ques esp-arduino\/ESP32_IO_Expander<\/p>\n","protected":false},"author":2,"featured_media":0,"parent":0,"menu_order":0,"comment_status":"closed","ping_status":"closed","template":"","meta":{"footnotes":""},"_links":{"self":[{"href":"https:\/\/espacerm.com\/webgen\/wp-json\/wp\/v2\/pages\/5276"}],"collection":[{"href":"https:\/\/espacerm.com\/webgen\/wp-json\/wp\/v2\/pages"}],"about":[{"href":"https:\/\/espacerm.com\/webgen\/wp-json\/wp\/v2\/types\/page"}],"author":[{"embeddable":true,"href":"https:\/\/espacerm.com\/webgen\/wp-json\/wp\/v2\/users\/2"}],"replies":[{"embeddable":true,"href":"https:\/\/espacerm.com\/webgen\/wp-json\/wp\/v2\/comments?post=5276"}],"version-history":[{"count":5,"href":"https:\/\/espacerm.com\/webgen\/wp-json\/wp\/v2\/pages\/5276\/revisions"}],"predecessor-version":[{"id":5290,"href":"https:\/\/espacerm.com\/webgen\/wp-json\/wp\/v2\/pages\/5276\/revisions\/5290"}],"wp:attachment":[{"href":"https:\/\/espacerm.com\/webgen\/wp-json\/wp\/v2\/media?parent=5276"}],"curies":[{"name":"wp","href":"https:\/\/api.w.org\/{rel}","templated":true}]}}