{"id":528,"date":"2018-11-16T16:54:15","date_gmt":"2018-11-16T21:54:15","guid":{"rendered":"https:\/\/espacerm.com\/webgen\/?page_id=528"},"modified":"2024-11-08T18:03:25","modified_gmt":"2024-11-08T23:03:25","slug":"esp32-recommandations","status":"publish","type":"page","link":"https:\/\/espacerm.com\/webgen\/esp32-recommandations\/","title":{"rendered":"ESP32 -> Mes recommandations"},"content":{"rendered":"\n<p><strong><a href=\"https:\/\/randomnerdtutorials.com\/installing-the-esp32-board-in-arduino-ide-windows-instructions\/\" target=\"_blank\" rel=\"noreferrer noopener\">Comment installer les biblioth\u00e8ques ESP32 dans l&rsquo;IDE ARDUINO<\/a><\/strong><\/p>\n\n\n\n<p><a aria-label=\"D\u00e9buter avec le \u00abESP32 Development Board\u00bb :&nbsp; (ouverture dans un nouvel onglet)\" href=\"https:\/\/randomnerdtutorials.com\/getting-started-with-esp32\/\" target=\"_blank\" rel=\"noreferrer noopener\"><strong>D\u00e9buter avec le \u00abESP32 Development Board\u00bb<\/strong><\/a><\/p>\n\n\n\n<p><a rel=\"noreferrer noopener\" href=\"https:\/\/randomnerdtutorials.com\/projects\/#esp32\" target=\"_blank\"><strong>+20 tutoriels gratuits et projets avec l&rsquo;ESP32<\/strong> <\/a><\/p>\n\n\n\n<h4 class=\"wp-block-heading\"><a href=\"http:\/\/esp32.net\/\" target=\"_blank\" rel=\"noreferrer noopener\" aria-label=\" (ouverture dans un nouvel onglet)\">Site de r\u00e9f\u00e9rences sur le ESP32<\/a><\/h4>\n\n\n\n<h4 class=\"wp-block-heading\"><strong><a rel=\"noreferrer noopener\" aria-label=\"ESP-IDF Programming Guide\u00b6 (ouverture dans un nouvel onglet)\" href=\"https:\/\/docs.espressif.com\/projects\/esp-idf\/en\/latest\/\" target=\"_blank\">ESP-IDF Programming Guide<\/a><\/strong><\/h4>\n\n\n\n<h4 class=\"wp-block-heading\"><a href=\"https:\/\/www.espressif.com\/sites\/default\/files\/documentation\/esp32_datasheet_en.pdf\" target=\"_blank\" rel=\"noreferrer noopener\" aria-label=\"ESP32 Series Datasheet (ouverture dans un nouvel onglet)\">ESP32 Series Datasheet<\/a><\/h4>\n\n\n\n<h4 class=\"wp-block-heading\"><a href=\"https:\/\/www.youtube.com\/playlist?list=PLeJ_Vi9u6Kis6WnOcDb_vsxNSNx53r1Bi\" target=\"_blank\" rel=\"noreferrer noopener\" aria-label=\" (ouverture dans un nouvel onglet)\">ESP32 Liste de lecture de Rui Santos<\/a><\/h4>\n\n\n\n<h4 class=\"wp-block-heading\"><a href=\"https:\/\/www.youtube.com\/playlist?list=PL3XBzmAj53RnZPeWe799F-uoXERBldhn9\" target=\"_blank\" rel=\"noreferrer noopener\" aria-label=\" (ouverture dans un nouvel onglet)\">ESP32 Liste de lecture de Andreas Spiess<\/a><\/h4>\n\n\n\n<h4 class=\"wp-block-heading\"><a href=\"https:\/\/www.youtube.com\/playlist?list=PLfPtpZzK2Z_QO8snrdnRTTNtQvLw35Zfc\" target=\"_blank\" rel=\"noreferrer noopener\" aria-label=\" (ouverture dans un nouvel onglet)\">ESP32 tutorial (Easycoding)<\/a><\/h4>\n\n\n\n<h3 class=\"wp-block-heading\">Probl\u00e8mes ESP32<\/h3>\n\n\n\n<p><a href=\"https:\/\/randomnerdtutorials.com\/esp32-troubleshooting-guide\/\" target=\"_blank\" rel=\"noreferrer noopener\" aria-label=\" (ouverture dans un nouvel onglet)\">ESP32 Troubleshooting Guide<\/a><\/p>\n\n\n\n<h3 class=\"wp-block-heading\">Convertisseur Analogique-Digital<\/h3>\n\n\n\n<h4 class=\"wp-block-heading\"><a rel=\"noreferrer noopener\" aria-label=\"ADC and Sampling (ouverture dans un nouvel onglet)\" href=\"https:\/\/www.youtube.com\/watch?v=Z-sDHDI6FFY&amp;t=0s&amp;list=PLrfG_Hi1Epg6bXSIpYItZws7B8rPCz8aW&amp;index=21\" target=\"_blank\">ADC and Sampling<\/a><\/h4>\n\n\n\n<h4 class=\"wp-block-heading\"><a href=\"https:\/\/www.youtube.com\/watch?v=RlKMJknsNpo&amp;t=349s&amp;index=13&amp;list=PLrfG_Hi1Epg6bXSIpYItZws7B8rPCz8aW\" target=\"_blank\" rel=\"noreferrer noopener\" aria-label=\"Tech Note 069 - Using the ESP32 ADC and some of its more advanced functions (ouverture dans un nouvel onglet)\">Tech Note 069 &#8211; Using the ESP32 ADC and some of its more advanced functions<\/a><\/h4>\n\n\n\n<h3 class=\"wp-block-heading\">Bluetooth<\/h3>\n\n\n\n<h4 class=\"wp-block-heading\"><a href=\"https:\/\/www.youtube.com\/watch?v=mUOLsNQ8Q1k&amp;index=12&amp;list=PLrfG_Hi1Epg6bXSIpYItZws7B8rPCz8aW&amp;t=0s\" target=\"_blank\" rel=\"noreferrer noopener\" aria-label=\" (ouverture dans un nouvel onglet)\">ON\/OFF LED By Arduino + App Inventor + Bluetooth<\/a><\/h4>\n\n\n\n<h4 class=\"wp-block-heading\"><a href=\"https:\/\/www.youtube.com\/watch?v=884u3saDoi8\" target=\"_blank\" rel=\"noreferrer noopener\" aria-label=\"ESP32 Arduino: Serial over Bluetooth Classic Getting Started (ouverture dans un nouvel onglet)\">ESP32 Arduino: Serial over Bluetooth Classic Getting Started<\/a><\/h4>\n\n\n\n<h4 class=\"wp-block-heading\">ESP32 Serial Channels<\/h4>\n\n\n\n<p><a href=\"https:\/\/www.youtube.com\/watch?v=GwShqW39jlE\" target=\"_blank\" rel=\"noreferrer noopener\" aria-label=\"#152 Quickie: Additional ESP32 Serial Channels in Arduino IDE (ouverture dans un nouvel onglet)\">#152 Quickie: Additional ESP32 Serial Channels in Arduino IDE<\/a><\/p>\n\n\n\n<p><a rel=\"noreferrer noopener\" aria-label=\"Tech Note 081 - ESP32 Using the Hardware Serial Ports (ouverture dans un nouvel onglet)\" href=\"https:\/\/www.youtube.com\/watch?v=eUPAoP7xC7A\" target=\"_blank\">Tech Note 081 &#8211; ESP32 Using the Hardware Serial Ports<\/a> <br>(ajoutez \u00ab\u00a0HardwareSerial Serial2(2);\u00a0\u00bb avant void setup() dans le programme \u00ab\u00a0ESP32_Using_Serial2.ino\u00a0\u00bb)<\/p>\n\n\n\n<h3 class=\"wp-block-heading\">Bluetooth BLE<\/h3>\n\n\n\n<p><a href=\"https:\/\/randomnerdtutorials.com\/esp32-bluetooth-low-energy-ble-arduino-ide\/\" target=\"_blank\" rel=\"noreferrer noopener\" aria-label=\" (ouverture dans un nouvel onglet)\">Getting Started with ESP32 Bluetooth Low Energy (BLE) on Arduino IDE<\/a><\/p>\n\n\n\n<h4 class=\"wp-block-heading\"><a href=\"https:\/\/www.youtube.com\/watch?v=lUi2jhFIz80&amp;list=PLrfG_Hi1Epg6bXSIpYItZws7B8rPCz8aW&amp;index=8&amp;t=0s\" target=\"_blank\" rel=\"noreferrer noopener\" aria-label=\" (ouverture dans un nouvel onglet)\">ESP32 #71: Arduino Bluetooth (BLE) Robot Buggy with L298 (Android example)<\/a><\/h4>\n\n\n\n<h4 class=\"wp-block-heading\"><a rel=\"noreferrer noopener\" aria-label=\"#173 ESP32 Bluetooth BLE with  Arduino IDE (Tutorial) and Polar H7 (ouverture dans un nouvel onglet)\" href=\"https:\/\/www.youtube.com\/watch?v=2mePPqiocUE\" target=\"_blank\">#173 ESP32 Bluetooth BLE with  Arduino IDE (Tutorial) and Polar H7<\/a><\/h4>\n\n\n\n<h3 class=\"wp-block-heading\">WEB server<\/h3>\n\n\n\n<p><a href=\"https:\/\/randomnerdtutorials.com\/esp32-web-server-arduino-ide\/\" target=\"_blank\" rel=\"noreferrer noopener\" aria-label=\" (ouverture dans un nouvel onglet)\">ESP32 Web Server \u2013 Arduino IDE<\/a><\/p>\n\n\n\n<p><a href=\"https:\/\/randomnerdtutorials.com\/esp32-static-fixed-ip-address-arduino-ide\/\">ESP32 Static\/Fixed IP Address<\/a><\/p>\n\n\n\n<p><a href=\"https:\/\/randomnerdtutorials.com\/build-an-all-in-one-esp32-weather-station-shield\/\" target=\"_blank\" rel=\"noreferrer noopener\" aria-label=\" (ouverture dans un nouvel onglet)\">Build an All-in-One ESP32 Weather Station Shield<\/a><\/p>\n\n\n\n<p><a href=\"https:\/\/randomnerdtutorials.com\/esp32-servo-motor-web-server-arduino-ide\/\" target=\"_blank\" rel=\"noreferrer noopener\" aria-label=\" (ouverture dans un nouvel onglet)\">ESP32 Servo Motor Web Server with Arduino IDE<\/a><\/p>\n\n\n\n<p><a href=\"https:\/\/randomnerdtutorials.com\/esp32-access-point-ap-web-server\/\" target=\"_blank\" rel=\"noreferrer noopener\" aria-label=\" (ouverture dans un nouvel onglet)\">How to Set an ESP32 Access Point (AP) for Web Server<\/a><\/p>\n\n\n\n<h3 class=\"wp-block-heading\">SPIFFS<\/h3>\n\n\n\n<p><a aria-label=\"Install ESP32 Filesystem Uploader on Arduino IDE (ouverture dans un nouvel onglet)\" href=\"https:\/\/randomnerdtutorials.com\/install-esp32-filesystem-uploader-arduino-ide\/\" target=\"_blank\" rel=\"noreferrer noopener\">Install ESP32 Filesystem Uploader on Arduino IDE<\/a><\/p>\n\n\n\n<p><a href=\"https:\/\/randomnerdtutorials.com\/arduino-ide-2-install-esp32-littlefs\/\" target=\"_blank\" rel=\"noreferrer noopener\">Arduino IDE 2: Install ESP32 LittleFS Uploader (Upload Files to the Filesystem)<\/a><\/p>\n\n\n\n<p><a href=\"https:\/\/randomnerdtutorials.com\/esp32-web-server-spiffs-spi-flash-file-system\/\" target=\"_blank\" rel=\"noreferrer noopener\" aria-label=\" (ouverture dans un nouvel onglet)\">ESP32 Web Server using SPIFFS (SPI Flash File System)<\/a><\/p>\n\n\n\n<h3 class=\"wp-block-heading\">M\u00e9moire Flash<\/h3>\n\n\n\n<p><a href=\"https:\/\/randomnerdtutorials.com\/esp32-flash-memory\/\" target=\"_blank\" rel=\"noreferrer noopener\" aria-label=\" (ouverture dans un nouvel onglet)\">ESP32 Flash Memory \u2013 Store Permanent Data (Write and Read)<\/a><\/p>\n\n\n\n<p>Pour arriver \u00e0 compiler, j&rsquo;ai due mettre \u00abAvertissement du compilateur\u00bb \u00e0 l&rsquo;option \u00abD\u00e9faut\u00bb. Menu \u00abFichier\u00bb-&gt;\u00abPr\u00e9f\u00e9rences\u00bb dans l&rsquo;IDE Arduino<\/p>\n\n\n\n<h3 class=\"wp-block-heading\">Mesure de temp\u00e9rature et d&rsquo;humidit\u00e9<\/h3>\n\n\n\n<h4 class=\"wp-block-heading\"><a href=\"https:\/\/randomnerdtutorials.com\/esp32-dht11-dht22-temperature-humidity-web-server-arduino-ide\/\" target=\"_blank\" rel=\"noreferrer noopener\" aria-label=\"ESP32 with DHT11 DHT22 Temperature Humidity Web Server using Arduino IDE (ouverture dans un nouvel onglet)\">ESP32 with DHT11 DHT22 Temperature Humidity Web Server using Arduino IDE<\/a><\/h4>\n\n\n\n<p><a rel=\"noreferrer noopener\" href=\"https:\/\/randomnerdtutorials.com\/esp32-multiple-ds18b20-temperature-sensors\/\" target=\"_blank\"><strong>ESP32 avec plusieurs capteurs de temp\u00e9rature DS18B20<\/strong><\/a><\/p>\n\n\n\n<h4 class=\"wp-block-heading\"><a rel=\"noreferrer noopener\" href=\"https:\/\/www.instructables.com\/MacTEMPtosh\/\" target=\"_blank\">ESP32 et le senseur de pr\u00e9cision AHT10<\/a><\/h4>\n\n\n\n<h4 class=\"wp-block-heading\"><a rel=\"noreferrer noopener\" href=\"https:\/\/github.com\/enjoyneering\/AHTxx\" target=\"_blank\">Librairie AHTxx.h<\/a><\/h4>\n\n\n\n<h3 class=\"wp-block-heading\">Mesure de la qualit\u00e9 de l&rsquo;air<\/h3>\n\n\n\n<h4 class=\"wp-block-heading\"><a href=\"https:\/\/how2electronics.com\/iot-esp32-based-pm2-5-monitoring-with-air-freshener-system\/\" target=\"_blank\" rel=\"noreferrer noopener\">PMS5003 &#8211; IoT ESP32 Based PM2.5 Monitoring with Air Freshener System<\/a><\/h4>\n\n\n\n<h3 class=\"wp-block-heading\">ESP32 PWM<\/h3>\n\n\n\n<h4 class=\"wp-block-heading\"><a href=\"https:\/\/randomnerdtutorials.com\/esp32-pwm-arduino-ide\/\" target=\"_blank\" rel=\"noreferrer noopener\" aria-label=\" (ouverture dans un nouvel onglet)\">ESP32 PWM with Arduino IDE<\/a><\/h4>\n\n\n\n<p><a href=\"https:\/\/www.youtube.com\/watch?v=rarE-WI_Y0A\" target=\"_blank\" rel=\"noreferrer noopener\" aria-label=\"ESP32 Technical Tutorials: ESP32 and Pulse Width Modulation (ouverture dans un nouvel onglet)\">ESP32 Technical Tutorials: ESP32 and Pulse Width Modulation<\/a><\/p>\n\n\n\n<p><a href=\"https:\/\/randomnerdtutorials.com\/esp32-dc-motor-l298n-motor-driver-control-speed-direction\/\" target=\"_blank\" rel=\"noreferrer noopener\" aria-label=\"ESP32 with DC Motor and L298N Motor Driver \u2013 Control Speed and Direction ( with ledc) (ouverture dans un nouvel onglet)\">ESP32 with DC Motor and L298N Motor Driver \u2013 Control Speed and Direction ( with ledc)<\/a><\/p>\n\n\n\n<p><a href=\"https:\/\/openlabpro.com\/guide\/dc-motor-control-using-esp32\/\" target=\"_blank\" rel=\"noreferrer noopener\" aria-label=\" (ouverture dans un nouvel onglet)\">DC motor control using ESP32 (with ledc)<\/a><\/p>\n\n\n\n<p><br><\/p>\n\n\n\n<p><strong><a rel=\"noreferrer noopener\" aria-label=\"MCPWM (ouverture dans un nouvel onglet)\" href=\"https:\/\/docs.espressif.com\/projects\/esp-idf\/en\/latest\/api-reference\/peripherals\/mcpwm.html\" target=\"_blank\">MCPWM<\/a><\/strong> Unit\u00e9 sp\u00e9cifique pour le contr\u00f4le de moteur CC<\/p>\n\n\n\n<p><a rel=\"noreferrer noopener\" aria-label=\"Motor control using ESP32   MCPWM  (ouverture dans un nouvel onglet)\" href=\"https:\/\/github.com\/JoaoLopesF\/ESP32MotorControl\" target=\"_blank\">Motor control using ESP32   MCPWM <\/a><\/p>\n\n\n\n<p><a href=\"https:\/\/github.com\/espressif\/esp-idf\/tree\/master\/examples\/peripherals\/mcpwm\" target=\"_blank\" rel=\"noreferrer noopener\" aria-label=\"Exemples mcpwm (ouverture dans un nouvel onglet)\">Exemples mcpwm<\/a><\/p>\n\n\n\n<p><a href=\"https:\/\/esp32.com\/viewtopic.php?f=14&amp;t=5170&amp;sid=55528fd285784d3957d75aad5a6526ca\" target=\"_blank\" rel=\"noreferrer noopener\" aria-label=\" (ouverture dans un nouvel onglet)\">mcpwm peripheral issues<\/a><\/p>\n\n\n\n<h3 class=\"wp-block-heading\">Servo<\/h3>\n\n\n\n<h4 class=\"wp-block-heading\"><a href=\"https:\/\/www.youtube.com\/watch?v=R1tFOd0s6uk&amp;t=167s&amp;list=PLrfG_Hi1Epg6bXSIpYItZws7B8rPCz8aW&amp;index=18\" target=\"_blank\" rel=\"noreferrer noopener\" aria-label=\" (ouverture dans un nouvel onglet)\">Tech Note 108 &#8211; ESP32 2D Sun Tracker using servo controlled gimbal<\/a><\/h4>\n\n\n\n<h3 class=\"wp-block-heading\">Dual Core<\/h3>\n\n\n\n<p><a href=\"https:\/\/randomnerdtutorials.com\/esp32-dual-core-arduino-ide\/\" target=\"_blank\" rel=\"noreferrer noopener\" aria-label=\" (ouverture dans un nouvel onglet)\">How to use ESP32 Dual Core with Arduino IDE<\/a><\/p>\n\n\n\n<p><a href=\"https:\/\/www.youtube.com\/watch?v=k_D_Qu0cgu8&amp;t=245s\" target=\"_blank\" rel=\"noreferrer noopener\" aria-label=\"#168 ESP32 Dual Core on Arduino IDE including Data Passing and Task Synchronization (ouverture dans un nouvel onglet)\">#168 ESP32 Dual Core on Arduino IDE including Data Passing and Task Synchronization<\/a><\/p>\n\n\n\n<h3 class=\"wp-block-heading\">Date et heure<\/h3>\n\n\n\n<p><a href=\"https:\/\/randomnerdtutorials.com\/esp32-ntp-client-date-time-arduino-ide\/\" target=\"_blank\" rel=\"noreferrer noopener\" aria-label=\" (ouverture dans un nouvel onglet)\">Getting Date and Time with ESP32 on Arduino IDE (NTP Client)<\/a><\/p>\n\n\n\n<h4 class=\"wp-block-heading\"><a href=\"https:\/\/www.youtube.com\/watch?v=ESnoVwEjAjg&amp;t=0s&amp;list=PLrfG_Hi1Epg6bXSIpYItZws7B8rPCz8aW&amp;index=5\" target=\"_blank\" rel=\"noreferrer noopener\" aria-label=\" (ouverture dans un nouvel onglet)\">ESP32 No RTC No Problemo<\/a><\/h4>\n\n\n\n<h3 class=\"wp-block-heading\">Cam\u00e9ra<\/h3>\n\n\n\n<p><a href=\"https:\/\/www.youtube.com\/watch?v=visj0KE5VtY\" target=\"_blank\" rel=\"noreferrer noopener\">ESP32 CAM &#8211; 10 Dollar Camera for IoT Project<\/a><\/p>\n\n\n\n<p><a href=\"https:\/\/randomnerdtutorials.com\/projects-esp32-cam\/\" target=\"_blank\" rel=\"noreferrer noopener\">20+ ESP32-CAM Projects<\/a><\/p>\n\n\n\n<h4 class=\"wp-block-heading\"><a href=\"https:\/\/www.youtube.com\/watch?v=391dXDjqzXA&amp;t=481s\" target=\"_blank\" rel=\"noreferrer noopener\" aria-label=\" (ouverture dans un nouvel onglet)\">Pixy2 Camera &#8211; Image Recognition for Arduino &amp; Raspberry Pi<\/a><\/h4>\n\n\n\n<h4 class=\"wp-block-heading\"><a href=\"https:\/\/www.youtube.com\/watch?v=Dp3RMb0e1eA\" target=\"_blank\" rel=\"noreferrer noopener\" aria-label=\"Arduino OV7670 live image to screen (ouverture dans un nouvel onglet)\">Arduino OV7670 live image to screen<\/a><\/h4>\n\n\n\n<h4 class=\"wp-block-heading\"><a href=\"https:\/\/www.youtube.com\/watch?v=v_8XifFcpaI\" target=\"_blank\" rel=\"noreferrer noopener\" aria-label=\"ESP32 with Camera and TFT Display (OV7670, FIFO) (ouverture dans un nouvel onglet)\">ESP32 with Camera and TFT Display (OV7670, FIFO)<\/a><\/h4>\n\n\n\n<h4 class=\"wp-block-heading\"><a href=\"https:\/\/www.youtube.com\/watch?v=fk4nVWwbxOc\" target=\"_blank\" rel=\"noreferrer noopener\" aria-label=\"Details on OV7670 with FIFO Programming (ouverture dans un nouvel onglet)\">Details on OV7670 with FIFO Programming<\/a><\/h4>\n\n\n\n<h4 class=\"wp-block-heading\"><a href=\"https:\/\/www.youtube.com\/watch?v=S2yTQHM82jc&amp;list=PLjUbKCHhzPExyfSCF_d9oH97dmMvn3tBD&amp;index=4&amp;t=0s\" target=\"_blank\" rel=\"noreferrer noopener\" aria-label=\"ESP32 I2S Camera (OV7670) (ouverture dans un nouvel onglet)\">ESP32 I2S Camera (OV7670)<\/a><\/h4>\n\n\n\n<h4 class=\"wp-block-heading\"><a href=\"https:\/\/www.youtube.com\/playlist?list=PL6_taEV2toX0TeqJFhd8Ap3nzXP80yrBG\" target=\"_blank\" rel=\"noreferrer noopener\" aria-label=\" (ouverture dans un nouvel onglet)\">Liste de lecture Cameras Arduino &#8211; Esp32<\/a><\/h4>\n\n\n\n<h4 class=\"wp-block-heading\"><a href=\"https:\/\/www.youtube.com\/watch?v=vsnZzPEQeeQ\" target=\"_blank\" rel=\"noreferrer noopener\" aria-label=\"OpenMV Review - Machine Vision Camera Module (ouverture dans un nouvel onglet)\">OpenMV Review &#8211; Machine Vision Camera Module<\/a><\/h4>\n\n\n\n<h3 class=\"wp-block-heading\">D\u00e9tecteur de mouvement et Interruption<\/h3>\n\n\n\n<p><a href=\"https:\/\/randomnerdtutorials.com\/esp32-pir-motion-sensor-interrupts-timers\/\" target=\"_blank\" rel=\"noreferrer noopener\" aria-label=\" (ouverture dans un nouvel onglet)\">ESP32 with PIR Motion Sensor using Interrupts and Timers<\/a><\/p>\n\n\n\n<h3 class=\"wp-block-heading\">I2C LCD<\/h3>\n\n\n\n<p><a rel=\"noreferrer noopener\" aria-label=\" (ouverture dans un nouvel onglet)\" href=\"https:\/\/randomnerdtutorials.com\/esp32-esp8266-i2c-lcd-arduino-ide\/\" target=\"_blank\">How to Use I2C LCD with ESP32 on Arduino IDE (ESP8266 compatible)<\/a><\/p>\n\n\n\n<p><a href=\"https:\/\/www.youtube.com\/watch?v=kHSsruTQfXQ\" target=\"_blank\" rel=\"noreferrer noopener\">Comment utiliser LCD 1602 I2C ou LCD2004 avec Arduino &#8211; \u00e9tape par \u00e9tape &#8211; Robojax<\/a><\/p>\n\n\n\n<p><a rel=\"noreferrer noopener\" href=\"https:\/\/www.youtube.com\/watch?v=COssWn4Pcm4\" target=\"_blank\">Using LCD1602 or LCD2004 with ESP32 &#8211; Robojax<\/a><\/p>\n\n\n\n<h3 class=\"wp-block-heading\">TFT DISPLAY<\/h3>\n\n\n\n<h4 class=\"wp-block-heading\"><a href=\"https:\/\/www.youtube.com\/watch?v=8UDEl8uBU7M&amp;list=PLrfG_Hi1Epg6a7JT77DJJErOXTIdzvSeN&amp;index=27\" target=\"_blank\" rel=\"noreferrer noopener\">* How to make working the SPI TFT ILI9488 on ESP32<\/a><\/h4>\n\n\n\n<h4 class=\"wp-block-heading\"><a href=\"https:\/\/www.youtube.com\/watch?v=NidjZOxMMxo\" target=\"_blank\" rel=\"noreferrer noopener\">3.5&Prime; TFT Color TOUCH Display-DRIVER ILI9488 for NodeMcu ESP32<\/a><\/h4>\n\n\n\n<h4 class=\"wp-block-heading\"><a href=\"https:\/\/www.youtube.com\/watch?v=8UDEl8uBU7M\" target=\"_blank\" rel=\"noreferrer noopener\">How to make working the SPI TFT ILI9488 on ESP32<\/a><\/h4>\n\n\n\n<h4 class=\"wp-block-heading\"><a href=\"https:\/\/arduinotehniq.blogspot.com\/2018\/07\/128x160-18-tft-display-with-st7735.html\" target=\"_blank\" rel=\"noreferrer noopener\">128&#215;160 1.8&Prime; TFT display with ST7735 controlled by ESP32<\/a><\/h4>\n\n\n\n<h4 class=\"wp-block-heading\"><a rel=\"noreferrer noopener\" href=\"https:\/\/www.youtube.com\/watch?v=D90OSlKYpfA\" target=\"_blank\">TUTORIAL: How to Wire up and Code a TFT LCD Screen with ESP32 (Arduino) ST7735R<\/a><\/h4>\n\n\n\n<h3 class=\"wp-block-heading\">ESP-NOW<\/h3>\n\n\n\n<h4 class=\"wp-block-heading\"><a href=\"https:\/\/randomnerdtutorials.com\/esp-now-esp32-arduino-ide\/\" target=\"_blank\" rel=\"noreferrer noopener\">Getting Started with ESP-NOW (ESP32 with Arduino IDE)<\/a><\/h4>\n\n\n\n<h4 class=\"wp-block-heading\"><a href=\"https:\/\/randomnerdtutorials.com\/esp-now-esp32-arduino-ide\/\" target=\"_blank\" rel=\"noreferrer noopener\">ESP32: Getting Board MAC Address<\/a><\/h4>\n\n\n\n<h4 class=\"wp-block-heading\"><a href=\"https:\/\/www.electrosoftcloud.com\/en\/esp32-wifi-and-esp-now-simultaneously\/\" target=\"_blank\" rel=\"noreferrer noopener\">ESP32: WiFi and ESP-Now simultaneously<\/a><\/h4>\n\n\n\n<h4 class=\"wp-block-heading\"><a href=\"https:\/\/dronebotworkshop.com\/esp-now\/\" target=\"_blank\" rel=\"noreferrer noopener\">ESP NOW \u2013 Peer to Peer ESP32 Communications DroneBot Workshop<\/a><\/h4>\n\n\n\n<h3 class=\"wp-block-heading\">Mesure de voltages<\/h3>\n\n\n\n<h4 class=\"wp-block-heading\"><a href=\"https:\/\/medium.com\/@cedricdiego0\/esp32-with-an-external-adc-ads1115-a86d3b51bb8\" target=\"_blank\" rel=\"noreferrer noopener\">ESP32 with an external ADC ADS1115<\/a><\/h4>\n\n\n\n<h3 class=\"wp-block-heading\">Contr\u00f4ler la luminosit\u00e9 d&rsquo;une DEL<\/h3>\n\n\n\n<p><strong><a href=\"https:\/\/github.com\/espressif\/arduino-esp32\/blob\/master\/libraries\/ESP32\/examples\/AnalogOut\/LEDCSoftwareFade\/LEDCSoftwareFade.ino\" target=\"_blank\" rel=\"noreferrer noopener\" aria-label=\" (ouverture dans un nouvel onglet)\">LEDCSoftwareFade.ino<\/a><\/strong><\/p>\n\n\n\n<h3 class=\"wp-block-heading\">Mesurer le poids \u00e0 l&rsquo;aide d&rsquo;un ESP32<\/h3>\n\n\n\n<p><a rel=\"noreferrer noopener\" aria-label=\"#161 Measuring weight using an ESP32, a strain gauge, and a HX711 (ouverture dans un nouvel onglet)\" href=\"https:\/\/www.youtube.com\/watch?v=iywsJB-T-mU\" target=\"_blank\">#161 Measuring weight using an ESP32, a strain gauge, and a HX711<\/a><\/p>\n\n\n\n<h3 class=\"wp-block-heading\"><strong>ESP32 PHP et MySQL<\/strong><\/h3>\n\n\n\n<p><a rel=\"noreferrer noopener\" href=\"https:\/\/randomnerdtutorials.com\/cloud-weather-station-esp32-esp8266\/\" target=\"_blank\">DIY Cloud Weather Station with ESP32\/ESP8266 (MySQL Database and PHP)<\/a><\/p>\n\n\n\n<h3 class=\"wp-block-heading\"><strong>ESP32 et TELEGRAM<\/strong> <\/h3>\n\n\n\n<p><a rel=\"noreferrer noopener\" href=\"ESP32 Motion Detection with Notifications (Arduino IDE)\" target=\"_blank\">Telegram: ESP32 Motion Detection with Notifications (Arduino IDE)<\/a><\/p>\n\n\n\n<p><a href=\"Request ESP32\/ESP8266 Sensor Readings (Arduino IDE)\" target=\"_blank\" rel=\"noreferrer noopener\">Telegram: Request ESP32\/ESP8266 Sensor Readings (Arduino IDE)<\/a><\/p>\n\n\n\n<p><a href=\"Control ESP32\/ESP8266 Outputs (Arduino IDE)\" target=\"_blank\" rel=\"noreferrer noopener\">Telegram: Control ESP32\/ESP8266 Outputs (Arduino IDE)<\/a><\/p>\n\n\n\n<h2 class=\"wp-block-heading\">MPU<\/h2>\n\n\n\n<p><a href=\"https:\/\/github.com\/natanaeljr\/esp32-MPU-driver\" target=\"_blank\" rel=\"noreferrer noopener\" aria-label=\"ESP32 full library for all MPU6000 MPU6050 MPU6500 MPU9150 MPU9250 with SPI and I2C support and more (ouverture dans un nouvel onglet)\">ESP32 full library for all MPU6000 MPU6050 MPU6500 MPU9150 MPU9250 with SPI and I2C support and more<\/a><\/p>\n\n\n\n<p><a href=\"https:\/\/time2love.tistory.com\/36\" target=\"_blank\" rel=\"noreferrer noopener\" aria-label=\"I2C Test with my ESP32 Do-IT DevKit using Arduino IDE (ouverture dans un nouvel onglet)\">I2C Test with my ESP32 Do-IT DevKit using Arduino IDE<\/a><\/p>\n\n\n\n<p><a rel=\"noreferrer noopener\" aria-label=\"Tutorial #23 ESP8266 \u2013 Obtener Inclinaci\u00f3n con MPU6050 (GY-521) (ouverture dans un nouvel onglet)\" href=\"http:\/\/www.sinaptec.alomar.com.ar\/2017\/10\/tutorial-23-esp8266-obtener-inclinacion.html\" target=\"_blank\">Tutorial #23 ESP8266 \u2013 Obtener Inclinaci\u00f3n con MPU6050 (GY-521)<\/a><\/p>\n\n\n\n<h4 class=\"wp-block-heading\">* <a rel=\"noreferrer noopener\" href=\"https:\/\/github.com\/jrowberg\/i2cdevlib\" target=\"_blank\">jrowberg\/i2cdevlib<\/a> (inclus MPU6050 et Quaternion)<\/h4>\n\n\n\n<h3 class=\"wp-block-heading\">Cryptage AES-128<\/h3>\n\n\n\n<p><a rel=\"noreferrer noopener\" aria-label=\"ESP32 Arduino: Encryption using AES-128 in ECB mode (ouverture dans un nouvel onglet)\" href=\"https:\/\/www.dfrobot.com\/blog-911.html\" target=\"_blank\">ESP32 Arduino: Encryption using AES-128 in ECB mode<\/a><\/p>\n\n\n\n<p><a rel=\"noreferrer noopener\" aria-label=\" (ouverture dans un nouvel onglet)\" href=\"https:\/\/www.dfrobot.com\/blog-1001.html\" target=\"_blank\">ESP32 Arduino Tutorial: Decrypt AES-128 in ECB mode<\/a><\/p>\n\n\n\n<h3 class=\"wp-block-heading\">18650 Battery shields<\/h3>\n\n\n\n<p><a href=\"https:\/\/www.youtube.com\/watch?v=joAkJ9QA2bw\">Universal Power Source (UPS) for only 2$. Is this possible? (Raspberry Pi, Arduino, ESP32)<\/a><\/p>\n\n\n\n<p><a href=\"https:\/\/www.youtube.com\/watch?v=T70mBHeIOZA&amp;t=472s\" data-type=\"link\" data-id=\"https:\/\/www.youtube.com\/watch?v=T70mBHeIOZA&amp;t=472s\">Load Sharing for the 18650 Battery Shield V3<\/a><\/p>\n\n\n\n<p><a href=\"https:\/\/www.youtube.com\/watch?v=gG82_fG4VM8&amp;t=2s\" data-type=\"link\" data-id=\"https:\/\/www.youtube.com\/watch?v=gG82_fG4VM8&amp;t=2s\">Tech Note 109 &#8211; ESP32\/8266\/Ardiuno Project Power Source<\/a><\/p>\n\n\n\n<h3 class=\"wp-block-heading\">D\u00e9tails sur les GPIO<\/h3>\n\n\n\n<p><a href=\"https:\/\/www.framboise314.fr\/le-bouton-poussoir-un-composant-banal-o-combien-etonnant\/\" target=\"_blank\" rel=\"noreferrer noopener\" aria-label=\" (ouverture dans un nouvel onglet)\">Sch\u00e9ma des GPIO&nbsp;<\/a><br>L&rsquo;info r\u00e9f\u00e8re au Raspberry Pi, mais les GPIO du ESP32 utilisent des principes qui s&rsquo;y rapprochent<\/p>\n","protected":false},"excerpt":{"rendered":"<p>Comment installer les biblioth\u00e8ques ESP32 dans l&rsquo;IDE ARDUINO D\u00e9buter avec le \u00abESP32 Development Board\u00bb +20 tutoriels gratuits et projets avec l&rsquo;ESP32 Site de r\u00e9f\u00e9rences sur le ESP32 ESP-IDF Programming Guide ESP32 Series Datasheet ESP32 Liste de lecture de Rui Santos ESP32 Liste de lecture de Andreas Spiess ESP32 tutorial (Easycoding) Probl\u00e8mes ESP32 ESP32 Troubleshooting Guide [&hellip;]<\/p>\n","protected":false},"author":2,"featured_media":0,"parent":0,"menu_order":0,"comment_status":"closed","ping_status":"closed","template":"","meta":{"footnotes":""},"_links":{"self":[{"href":"https:\/\/espacerm.com\/webgen\/wp-json\/wp\/v2\/pages\/528"}],"collection":[{"href":"https:\/\/espacerm.com\/webgen\/wp-json\/wp\/v2\/pages"}],"about":[{"href":"https:\/\/espacerm.com\/webgen\/wp-json\/wp\/v2\/types\/page"}],"author":[{"embeddable":true,"href":"https:\/\/espacerm.com\/webgen\/wp-json\/wp\/v2\/users\/2"}],"replies":[{"embeddable":true,"href":"https:\/\/espacerm.com\/webgen\/wp-json\/wp\/v2\/comments?post=528"}],"version-history":[{"count":101,"href":"https:\/\/espacerm.com\/webgen\/wp-json\/wp\/v2\/pages\/528\/revisions"}],"predecessor-version":[{"id":5132,"href":"https:\/\/espacerm.com\/webgen\/wp-json\/wp\/v2\/pages\/528\/revisions\/5132"}],"wp:attachment":[{"href":"https:\/\/espacerm.com\/webgen\/wp-json\/wp\/v2\/media?parent=528"}],"curies":[{"name":"wp","href":"https:\/\/api.w.org\/{rel}","templated":true}]}}