{"id":670,"date":"2018-11-17T22:37:06","date_gmt":"2018-11-18T03:37:06","guid":{"rendered":"https:\/\/espacerm.com\/webgen\/?page_id=670"},"modified":"2018-11-25T19:17:08","modified_gmt":"2018-11-26T00:17:08","slug":"scratch-mes-recommandations","status":"publish","type":"page","link":"https:\/\/espacerm.com\/webgen\/scratch-mes-recommandations\/","title":{"rendered":"Scratch -> Mes recommandations"},"content":{"rendered":"\n<p> Ce logiciel open source d\u00e9velopp\u00e9 et maintenu par le MIT est con\u00e7u dans sa version d\u2019origine pour d\u00e9couvrir la programmation en animant une sc\u00e8ne directement sur l\u2019\u00e9cran de l\u2019ordinateur. Une communaut\u00e9 internationale met \u00e0 disposition de nombreuses ressources et contribue largement \u00e0 sa popularit\u00e9.<\/p>\n\n\n\n<h4 class=\"wp-block-heading\"><a href=\"https:\/\/scratch.mit.edu\/\" target=\"_blank\" rel=\"noreferrer noopener\" aria-label=\"Site officiel de Scratch (ouverture dans un nouvel onglet)\">Site officiel de Scratch<\/a><\/h4>\n\n\n\n<h4 class=\"wp-block-heading\"><strong><a href=\"http:\/\/www.pedagogie.ac-nantes.fr\/technologies-et-sciences-des-ingenieurs\/documentation\/didacticiels-tutoriels\/piloter-arduino-par-scratch2-819284.kjsp?RH=1160751856953\" target=\"_blank\" rel=\"noreferrer noopener\" aria-label=\"Piloter Arduino par Scratch2 (ouverture dans un nouvel onglet)\">Piloter Arduino par Scratch2<\/a><\/strong><\/h4>\n\n\n\n<p>Demande l&rsquo;installation d&rsquo;un firmware dans le Arduino<\/p>\n\n\n\n<h4 class=\"wp-block-heading\"><a href=\"https:\/\/www.youtube.com\/playlist?list=PLfPtpZzK2Z_Rfo5YbeIL4aqa-gIrMj24q\" target=\"_blank\" rel=\"noreferrer noopener\" aria-label=\"A la d\u00e9couverte de scratch 2.0 (ouverture dans un nouvel onglet)\">A la d\u00e9couverte de scratch 2.0<\/a><\/h4>\n\n\n\n<h4 class=\"wp-block-heading\"><strong><a href=\"http:\/\/khanning.github.io\/scratch-arduino-extension\/\" target=\"_blank\" rel=\"noreferrer noopener\" aria-label=\"Scratch Arduino Extension (ouverture dans un nouvel onglet)\">Scratch Arduino Extension<\/a><\/strong><\/h4>\n\n\n\n<h4 class=\"wp-block-heading\"><strong><a href=\"http:\/\/scratchx.org\/?url=http:\/\/khanning.github.io\/scratch-arduino-extension\/arduino_extension.js&amp;url=http:\/\/khanning.github.io\/scratch-arduino-extension\/examples\/Arduino%20Example%20-%20Fade%20an%20LED.sbx#extensions\" target=\"_blank\" rel=\"noreferrer noopener\" aria-label=\"Gallery of Experimental Extensions (ouverture dans un nouvel onglet)\">Gallery of Experimental Extensions<\/a><\/strong><\/h4>\n\n\n\n<h4 class=\"wp-block-heading\"><a href=\"http:\/\/s4a.cat\/index.html\" target=\"_blank\" rel=\"noreferrer noopener\" aria-label=\"S4a (ouverture dans un nouvel onglet)\">S4a<\/a><\/h4>\n\n\n\n<p><\/p>\n","protected":false},"excerpt":{"rendered":"<p>Ce logiciel open source d\u00e9velopp\u00e9 et maintenu par le MIT est con\u00e7u dans sa version d\u2019origine pour d\u00e9couvrir la programmation en animant une sc\u00e8ne directement sur l\u2019\u00e9cran de l\u2019ordinateur. Une communaut\u00e9 internationale met \u00e0 disposition de nombreuses ressources et contribue largement \u00e0 sa popularit\u00e9. Site officiel de Scratch Piloter Arduino par Scratch2 Demande l&rsquo;installation d&rsquo;un [&hellip;]<\/p>\n","protected":false},"author":2,"featured_media":0,"parent":0,"menu_order":0,"comment_status":"closed","ping_status":"closed","template":"","meta":{"footnotes":""},"_links":{"self":[{"href":"https:\/\/espacerm.com\/webgen\/wp-json\/wp\/v2\/pages\/670"}],"collection":[{"href":"https:\/\/espacerm.com\/webgen\/wp-json\/wp\/v2\/pages"}],"about":[{"href":"https:\/\/espacerm.com\/webgen\/wp-json\/wp\/v2\/types\/page"}],"author":[{"embeddable":true,"href":"https:\/\/espacerm.com\/webgen\/wp-json\/wp\/v2\/users\/2"}],"replies":[{"embeddable":true,"href":"https:\/\/espacerm.com\/webgen\/wp-json\/wp\/v2\/comments?post=670"}],"version-history":[{"count":10,"href":"https:\/\/espacerm.com\/webgen\/wp-json\/wp\/v2\/pages\/670\/revisions"}],"predecessor-version":[{"id":1245,"href":"https:\/\/espacerm.com\/webgen\/wp-json\/wp\/v2\/pages\/670\/revisions\/1245"}],"wp:attachment":[{"href":"https:\/\/espacerm.com\/webgen\/wp-json\/wp\/v2\/media?parent=670"}],"curies":[{"name":"wp","href":"https:\/\/api.w.org\/{rel}","templated":true}]}}