{"id":676,"date":"2018-11-17T22:51:34","date_gmt":"2018-11-18T03:51:34","guid":{"rendered":"https:\/\/espacerm.com\/webgen\/?page_id=676"},"modified":"2018-11-29T01:49:34","modified_gmt":"2018-11-29T06:49:34","slug":"blockyrduino","status":"publish","type":"page","link":"https:\/\/espacerm.com\/webgen\/blockyrduino\/","title":{"rendered":"Blocky@rduino"},"content":{"rendered":"\n<p><a href=\"http:\/\/recitmst.qc.ca\/blockly@rduino\/?toolbox=toolbox_arduino_all\" target=\"_blank\" rel=\"noreferrer noopener\" aria-label=\"Blocky@rduino web (ouverture dans un nouvel onglet)\">Blocky@rduino web<\/a><\/p>\n\n\n\n<h4 class=\"wp-block-heading\"><strong><a href=\"http:\/\/www.pedagogie.ac-nantes.fr\/technologies-et-sciences-des-ingenieurs\/documentation\/didacticiels-tutoriels\/blockly-rduino-integre-a-l-edi-arduino-1107418.kjsp?RH=1160751856953\" target=\"_blank\" rel=\"noreferrer noopener\" aria-label=\"Blockly@rduino int\u00e9gr\u00e9 \u00e0 l'EDI Arduino (ouverture dans un nouvel onglet)\">Blockly@rduino int\u00e9gr\u00e9 \u00e0 l&rsquo;EDI Arduino<\/a><\/strong><\/h4>\n\n\n\n<p><a rel=\"noreferrer noopener\" aria-label=\"Premier programme Blockly@rduino v2 (ouverture dans un nouvel onglet)\" href=\"https:\/\/www.youtube.com\/watch?v=Vh1QgT7Ymsw\" target=\"_blank\">Premier programme Blockly@rduino v2<\/a><\/p>\n\n\n\n<p><a href=\"https:\/\/www.youtube.com\/watch?v=UBwnsdoZMeA\" target=\"_blank\" rel=\"noreferrer noopener\" aria-label=\"D\u00e9fi moteur et photor\u00e9sistance v2 (ouverture dans un nouvel onglet)\">D\u00e9fi moteur et photor\u00e9sistance v2<\/a><\/p>\n\n\n\n<h4 class=\"wp-block-heading\"><a href=\"https:\/\/www.youtube.com\/playlist?list=PLwy0yw3Oq4-uFNmgedXx9_L_TJNORo-4N\" target=\"_blank\" rel=\"noreferrer noopener\" aria-label=\"Blocky@rduino Tuto (ouverture dans un nouvel onglet)\">Blocky@rduino Tuto<\/a><\/h4>\n\n\n\n<p><\/p>\n","protected":false},"excerpt":{"rendered":"<p>Blocky@rduino web Blockly@rduino int\u00e9gr\u00e9 \u00e0 l&rsquo;EDI Arduino Premier programme Blockly@rduino v2 D\u00e9fi moteur et photor\u00e9sistance v2 Blocky@rduino Tuto<\/p>\n","protected":false},"author":2,"featured_media":0,"parent":0,"menu_order":0,"comment_status":"closed","ping_status":"closed","template":"","meta":{"footnotes":""},"_links":{"self":[{"href":"https:\/\/espacerm.com\/webgen\/wp-json\/wp\/v2\/pages\/676"}],"collection":[{"href":"https:\/\/espacerm.com\/webgen\/wp-json\/wp\/v2\/pages"}],"about":[{"href":"https:\/\/espacerm.com\/webgen\/wp-json\/wp\/v2\/types\/page"}],"author":[{"embeddable":true,"href":"https:\/\/espacerm.com\/webgen\/wp-json\/wp\/v2\/users\/2"}],"replies":[{"embeddable":true,"href":"https:\/\/espacerm.com\/webgen\/wp-json\/wp\/v2\/comments?post=676"}],"version-history":[{"count":11,"href":"https:\/\/espacerm.com\/webgen\/wp-json\/wp\/v2\/pages\/676\/revisions"}],"predecessor-version":[{"id":1356,"href":"https:\/\/espacerm.com\/webgen\/wp-json\/wp\/v2\/pages\/676\/revisions\/1356"}],"wp:attachment":[{"href":"https:\/\/espacerm.com\/webgen\/wp-json\/wp\/v2\/media?parent=676"}],"curies":[{"name":"wp","href":"https:\/\/api.w.org\/{rel}","templated":true}]}}